{"id":4783,"date":"2021-03-05T11:55:44","date_gmt":"2021-03-05T10:55:44","guid":{"rendered":"https:\/\/www.saphy.com\/healthcare-cosmetique\/?post_type=product&#038;p=4783"},"modified":"2021-10-27T13:08:27","modified_gmt":"2021-10-27T12:08:27","slug":"gommage-corporel-curcuma-et-papaye-200-ml-ayumi-cosmetics","status":"publish","type":"product","link":"https:\/\/www.saphy.com\/healthcare-cosmetique\/produit\/gommage-corporel-curcuma-et-papaye-200-ml-ayumi-cosmetics\/","title":{"rendered":"Gommage corporel Curcuma et papaye 200 ml Ayumi cosmetics"},"content":{"rendered":"<p>Gommage corporel Curcuma et papaye 200 ml Ayumi cosmetics<\/p>\n<p>Nettoyage en profondeur et exfoliation pour les peaux mixtes et \u00e0 imperfections<\/p>\n<p>Exfoliez votre peau avec notre gommage corporel au curcuma, avec des pierres d&rsquo;olive moulues et de la pierre ponce broy\u00e9e pour \u00e9liminer en douceur les cellules mortes et les impuret\u00e9s de la peau. Infus\u00e9e d&rsquo;huile de mandarine, d&rsquo;huile d&rsquo;argan biologique et d&rsquo;extrait de papaye, votre peau sera douce, lisse et \u00e9clatante.<\/p>\n<p>MODE D&rsquo;EMPLOI<\/p>\n<p>Appliquez le Gommage corporel Curcuma et papaye 200 ml Ayumi cosmetics sur la peau humidifi\u00e9e et massez en mouvements circulaires. Rincer \u00e0 l&rsquo;eau ti\u00e8de et utiliser deux fois par semaine pour de meilleurs r\u00e9sultats.<\/p>\n<p>PRINCIPAUX ACTIFS ET HUILES ESSENTIELLES<\/p>\n<p>Extrait de curcuma, extrait de papaye, extrait d&rsquo;amla, vitamine C, granules de pierre d&rsquo;olive, pierre ponce<\/p>\n<p>Huile de citron, huile de mandarine, huile d&rsquo;eucalyptus, huile d&rsquo;argan, huile de citronnelle<\/p>\n<p>INGR\u00c9DIENTS<\/p>\n<p>Aqua (eau), lauryl sulfate d&rsquo;ammonium, coco-glucoside, pierre ponce, copolym\u00e8re d&rsquo;acrylates, cocamidopropyl b\u00e9ta\u00efne, polysorbate 20, parfum (parfum), ol\u00e9ate de glyc\u00e9ryle, ph\u00e9noxy\u00e9thanol, laurier de glyc\u00e9ryle, chlorure de sodium, hydroxyde de sodium, \u00e9thylhexylglyc\u00e9rine (ol\u00e9ate) Poudre de graines, benzoate de sodium, sorbate de potassium, glyc\u00e9rine *, huile de noyau d&rsquo;arganier (argan) spinosa ***, huile de zeste d&rsquo;agrumes limon (citron), huile de zeste de Citrus Nobilis (mandarine), huile de cymbopogon Schoenanthus, huile de feuille d&rsquo;eucalyptus globulus, sodium Phosphate d&rsquo;ascorbyle, extrait de fruit de carica papaye (papaye), extrait de racine de curcuma longa (curcuma), extrait de Phyllanthus Emblica, benzoate de benzyle **, salicylate de benzyle **, citral **, citronellol **, coumarine **, hexyl cinnamal **, Limon\u00e8ne **, Linalool **. * Origine v\u00e9g\u00e9tale, ** Naturellement d\u00e9riv\u00e9e d&rsquo;huiles essentielles, *** Biologique.<\/p>\n<p>&nbsp;<\/p>\n","protected":false},"excerpt":{"rendered":"<p>Gommage corporel Curcuma et papaye 200 ml Ayumi cosmetics Nettoyage en profondeur et exfoliation pour les peaux mixtes et \u00e0 imperfections Exfoliez votre peau avec notre gommage corporel au curcuma, avec des pierres d&rsquo;olive moulues et de la pierre ponce broy\u00e9e pour \u00e9liminer en douceur les cellules mortes et les impuret\u00e9s de la peau. Infus\u00e9e [&hellip;]<\/p>\n","protected":false},"featured_media":4784,"comment_status":"open","ping_status":"closed","template":"","meta":[],"_links":{"self":[{"href":"https:\/\/www.saphy.com\/healthcare-cosmetique\/wp-json\/wp\/v2\/product\/4783"}],"collection":[{"href":"https:\/\/www.saphy.com\/healthcare-cosmetique\/wp-json\/wp\/v2\/product"}],"about":[{"href":"https:\/\/www.saphy.com\/healthcare-cosmetique\/wp-json\/wp\/v2\/types\/product"}],"replies":[{"embeddable":true,"href":"https:\/\/www.saphy.com\/healthcare-cosmetique\/wp-json\/wp\/v2\/comments?post=4783"}],"wp:featuredmedia":[{"embeddable":true,"href":"https:\/\/www.saphy.com\/healthcare-cosmetique\/wp-json\/wp\/v2\/media\/4784"}],"wp:attachment":[{"href":"https:\/\/www.saphy.com\/healthcare-cosmetique\/wp-json\/wp\/v2\/media?parent=4783"}],"curies":[{"name":"wp","href":"https:\/\/api.w.org\/{rel}","templated":true}]}}