{"id":4785,"date":"2021-03-05T12:03:02","date_gmt":"2021-03-05T11:03:02","guid":{"rendered":"https:\/\/www.saphy.com\/healthcare-cosmetique\/?post_type=product&#038;p=4785"},"modified":"2021-10-27T13:08:11","modified_gmt":"2021-10-27T12:08:11","slug":"lotion-pour-le-corps-250-ml-curcuma-et-beurre-de-karite-ayumi-cosmetics","status":"publish","type":"product","link":"https:\/\/www.saphy.com\/healthcare-cosmetique\/produit\/lotion-pour-le-corps-250-ml-curcuma-et-beurre-de-karite-ayumi-cosmetics\/","title":{"rendered":"Lotion pour le corps 250 ml Curcuma et beurre de karit\u00e9 Ayumi cosmetics"},"content":{"rendered":"<p>Lotion pour le corps 250 ml Curcuma et beurre de karit\u00e9 Ayumi cosmetics<\/p>\n<p>Hydratant et nourrissant<\/p>\n<p>Pour les peaux mixtes et \u00e0 imperfections<\/p>\n<p>\u00c9tanchez la soif de votre peau avec notre lotion pour le corps au curcuma, parfaite pour la protection et la nutrition au quotidien. Infus\u00e9e d&rsquo;extrait de curcuma et de papaye, cette lotion fournit une hydratation essentielle pour une peau saine.<\/p>\n<p>MODE D&rsquo;EMPLOI<\/p>\n<p>Appliquez la lotion pour le corps au curcuma sur une peau fra\u00eechement nettoy\u00e9e et massez en mouvements circulaires pour stimuler.<\/p>\n<p>PRINCIPAUX ACTIFS ET HUILES ESSENTIELLES<\/p>\n<p>Extrait de curcuma, extrait de papaye, extrait d&rsquo;amla<\/p>\n<p>Huile d&rsquo;argan, huile de mandarine, huile de babassu, huile d&rsquo;eucalyptus, huile de citron, huile de citronnelle<\/p>\n<p>INGR\u00c9DIENTS<\/p>\n<p>Aqua (eau), alcool c\u00e9t\u00e9arylique, palmitate d&rsquo;\u00e9thylhexyle, acide st\u00e9arique, huile de Prunus Amygdalus Dulcis (amande douce), Ceteareth-20, beurre de butyrospermum Parkii (karit\u00e9), parfum (parfum), glyc\u00e9rine *, ph\u00e9noxy\u00e9thanol, st\u00e9arate de glyc\u00e9ryle, \u00e9thylhexylglyc\u00e9rine Huile de noyau de Spinosa ***, extrait de racine de curcuma longa (curcuma), huile de graine d&rsquo;Orbignya Oleifera, phosphate d&rsquo;ascorbyle de sodium, beurre de graine de Theobroma cacao (cacao), hydroxyde de sodium, huile de zeste d&rsquo;agrumes limon (citron), \u00e9corce de Citrus Nobilis (mandarine) Huile, huile de cymbopogon schoenanthus, huile de feuille d&rsquo;eucalyptus globulus, extrait de fruit de carica papaye (papaye), extrait de Phyllanthus Emblica, sorbate de potassium, benzoate de sodium, benzoate de benzyle **, salicylate de benzyle **, citral **, citronellol **, coumarine ** , G\u00e9raniol **, Hexyl Cinnamal **, Limon\u00e8ne **, Linalool **.<\/p>\n<p>* Origine v\u00e9g\u00e9tale, ** Naturellement d\u00e9riv\u00e9e d&rsquo;huiles essentielles, *** Biologique.<\/p>\n","protected":false},"excerpt":{"rendered":"<p>Lotion pour le corps 250 ml Curcuma et beurre de karit\u00e9 Ayumi cosmetics Hydratant et nourrissant Pour les peaux mixtes et \u00e0 imperfections \u00c9tanchez la soif de votre peau avec notre lotion pour le corps au curcuma, parfaite pour la protection et la nutrition au quotidien. Infus\u00e9e d&rsquo;extrait de curcuma et de papaye, cette lotion [&hellip;]<\/p>\n","protected":false},"featured_media":4786,"comment_status":"open","ping_status":"closed","template":"","meta":[],"_links":{"self":[{"href":"https:\/\/www.saphy.com\/healthcare-cosmetique\/wp-json\/wp\/v2\/product\/4785"}],"collection":[{"href":"https:\/\/www.saphy.com\/healthcare-cosmetique\/wp-json\/wp\/v2\/product"}],"about":[{"href":"https:\/\/www.saphy.com\/healthcare-cosmetique\/wp-json\/wp\/v2\/types\/product"}],"replies":[{"embeddable":true,"href":"https:\/\/www.saphy.com\/healthcare-cosmetique\/wp-json\/wp\/v2\/comments?post=4785"}],"wp:featuredmedia":[{"embeddable":true,"href":"https:\/\/www.saphy.com\/healthcare-cosmetique\/wp-json\/wp\/v2\/media\/4786"}],"wp:attachment":[{"href":"https:\/\/www.saphy.com\/healthcare-cosmetique\/wp-json\/wp\/v2\/media?parent=4785"}],"curies":[{"name":"wp","href":"https:\/\/api.w.org\/{rel}","templated":true}]}}