{"id":4787,"date":"2021-03-05T12:08:08","date_gmt":"2021-03-05T11:08:08","guid":{"rendered":"https:\/\/www.saphy.com\/healthcare-cosmetique\/?post_type=product&#038;p=4787"},"modified":"2021-11-04T15:34:42","modified_gmt":"2021-11-04T14:34:42","slug":"shampooing-au-curcuma-hibiscus-ayumi-cosmetics-250ml","status":"publish","type":"product","link":"https:\/\/www.saphy.com\/healthcare-cosmetique\/produit\/shampooing-au-curcuma-hibiscus-ayumi-cosmetics-250ml\/","title":{"rendered":"Shampooing au Curcuma &#038; Hibiscus Ayumi cosmetics  250ml"},"content":{"rendered":"<p>Shampooing au Curcuma &amp; Hibiscus 250ml<\/p>\n<p>Nettoyant et stimulant Restaure la brillance<\/p>\n<p>Les cheveux fins et ternes retrouveront une nouvelle vie gr\u00e2ce au puissant m\u00e9lange d&rsquo;ingr\u00e9dients du shampooing Ayumi Curcuma. Avec les propri\u00e9t\u00e9s Nourrissante\u00a0 du curcuma, les propri\u00e9t\u00e9s r\u00e9g\u00e9n\u00e9ratrices de la papaye pour la longueur et l&rsquo;\u00e9paisseur des cheveux et la promotion de la croissance des cheveux avec Amla, les cheveux fins appartiendront au pass\u00e9. Avec l&rsquo;ajout de bergamote, de citrouille biologique et d&rsquo;huile de mandarine, vos cheveux seront nourris et soyeux.<\/p>\n<p>MODE D&rsquo;EMPLOI<\/p>\n<p>Prenez une petite quantit\u00e9 de shampooing et massez doucement les cheveux et le cuir chevelu du bout des doigts. Laisser mousser avec de l&rsquo;eau ti\u00e8de. En fonction de la longueur de vos cheveux, r\u00e9p\u00e9tez le processus.<\/p>\n<p>PRINCIPAUX ACTIFS ET HUILES ESSENTIELLES<\/p>\n<p>Extraits de curcuma, papaye, amla, bhringraj et shikakia Huiles d&rsquo;argan, de mandarine, de babassu, d&rsquo;orange et de mandarine<\/p>\n<p>INGR\u00c9DIENTS<\/p>\n<p>Aqua (eau), sulfate de lauryle d&rsquo;ammonium, coco-glucoside, d\u00e9cyl glucoside,<\/p>\n<p>Cocamidopropyl b\u00e9ta\u00efne, copolym\u00e8re d&rsquo;acrylates, glyc\u00e9rine *, parfum, ol\u00e9ate de glyc\u00e9ryle, quaternium-80, chlorure de sodium, acide citrique, panth\u00e9nol, extrait de fruit d&rsquo;Acacia Concinna (Shikakia), extrait de fruit de Sapindus Trifoliatus (Aritha), extrait de fleur de Polyquaternium-11, hibariffaiscus , Extrait de Phyllanthus Emblica (Amla), Extrait de racine de Cyperus Rotundus (Java), Extrait d&rsquo;Eclipta Prostrata (Bhingaraj), Extrait de fruit de Carica Papaya, Huile de graine de Cucurbita Pepo (Citrouille) ***, Extrait de racine de Curcuma Longa (Curcuma), Levulinate de sodium, Citrus Aurantium Bergamia Fruit Oil, Citrus Nobilis (Mandarin Orange) Peel Oil, Sodium Benzoate, Potassium Sorbate, Limonene **, Linalool **, Hexyl Cinnamal **, Benzyl Benzoate **, Benzyl Salicylate **, Citral **. * Origine v\u00e9g\u00e9tale,<\/p>\n<p>** Naturellement d\u00e9riv\u00e9 d&rsquo;huiles essentielles, *** Bio.<\/p>\n","protected":false},"excerpt":{"rendered":"<p>Shampooing au Curcuma &amp; Hibiscus 250ml Nettoyant et stimulant Restaure la brillance Les cheveux fins et ternes retrouveront une nouvelle vie gr\u00e2ce au puissant m\u00e9lange d&rsquo;ingr\u00e9dients du shampooing Ayumi Curcuma. Avec les propri\u00e9t\u00e9s Nourrissante\u00a0 du curcuma, les propri\u00e9t\u00e9s r\u00e9g\u00e9n\u00e9ratrices de la papaye pour la longueur et l&rsquo;\u00e9paisseur des cheveux et la promotion de la croissance [&hellip;]<\/p>\n","protected":false},"featured_media":4788,"comment_status":"open","ping_status":"closed","template":"","meta":[],"_links":{"self":[{"href":"https:\/\/www.saphy.com\/healthcare-cosmetique\/wp-json\/wp\/v2\/product\/4787"}],"collection":[{"href":"https:\/\/www.saphy.com\/healthcare-cosmetique\/wp-json\/wp\/v2\/product"}],"about":[{"href":"https:\/\/www.saphy.com\/healthcare-cosmetique\/wp-json\/wp\/v2\/types\/product"}],"replies":[{"embeddable":true,"href":"https:\/\/www.saphy.com\/healthcare-cosmetique\/wp-json\/wp\/v2\/comments?post=4787"}],"wp:featuredmedia":[{"embeddable":true,"href":"https:\/\/www.saphy.com\/healthcare-cosmetique\/wp-json\/wp\/v2\/media\/4788"}],"wp:attachment":[{"href":"https:\/\/www.saphy.com\/healthcare-cosmetique\/wp-json\/wp\/v2\/media?parent=4787"}],"curies":[{"name":"wp","href":"https:\/\/api.w.org\/{rel}","templated":true}]}}