{"id":4789,"date":"2021-03-05T14:15:29","date_gmt":"2021-03-05T13:15:29","guid":{"rendered":"https:\/\/www.saphy.com\/healthcare-cosmetique\/?post_type=product&#038;p=4789"},"modified":"2021-11-04T15:35:40","modified_gmt":"2021-11-04T14:35:40","slug":"apres-shampooing-hibiscus-et-curcuma-ayumi-cosmetics-250ml","status":"publish","type":"product","link":"https:\/\/www.saphy.com\/healthcare-cosmetique\/produit\/apres-shampooing-hibiscus-et-curcuma-ayumi-cosmetics-250ml\/","title":{"rendered":"Apr\u00e8s-Shampooing Hibiscus et curcuma Ayumi cosmetics 250ml"},"content":{"rendered":"<p>Apr\u00e8s-Shampooing Hibiscus et curcuma Ayumi cosmetics 250ml<\/p>\n<p>Cheveux secs et ab\u00eem\u00e9s nourrissants et brillants<\/p>\n<p>Un m\u00e9lange de quatre actifs revitalisants nourrit en profondeur les cheveux secs, difficiles ou ab\u00eem\u00e9s pour leur redonner souplesse, ma\u00eetrise et brillance. Un m\u00e9lange de plantes m\u00e9dicinales indiennes traditionnelles attentionn\u00e9es de Shikakai, Aritha, Amla, Bhringra, Hibiscus, Curcuma, Papaye et racine de Java aide \u00e0 nourrir les cheveux secs, tandis que les huiles de noix de coco et de citrouille biologiques nourrissent et redonnent leur brillance. Un d\u00e9licieux zeste de bergamote et de mandarine compl\u00e8te un parfum d\u00e9licat et sensuel.<\/p>\n<p>MODE D&rsquo;EMPLOI<\/p>\n<p>Appliquer sur cheveux mouill\u00e9s apr\u00e8s le shampooing, peigner et laisser reposer 5 minutes puis rincer. Une petite quantit\u00e9 peut \u00eatre appliqu\u00e9e sur les cheveux secs pour masquer les pointes fourchues et faciliter le coiffage.<\/p>\n<p>PRINCIPAUX ACTIFS ET HUILES ESSENTIELLES<\/p>\n<p>Curcuma, Amla, Shikakai, Nutgrass, Bhringaraj, Arthia &amp; Extraits de papaye Huiles de noix de coco, bergamote, mandarine et citrouille<\/p>\n<p>INGR\u00c9DIENTS<\/p>\n<p>Aqua (eau), alcool c\u00e9t\u00e9arylique, alcool c\u00e9tylique, chlorure de b\u00e9hentrimonium, c\u00e9trimonium<\/p>\n<p>Chlorure, huile de cocos nucifera (noix de coco) ***, glyc\u00e9rine *, ph\u00e9noxy\u00e9thanol, parfum (parfum), polyquaternium-37, alcool isopropylique, \u00e9thylhexylglyc\u00e9rine, polyquaternium-11, diac\u00e9tate de glutamate t\u00e9trasodique, acide citrique, ac\u00e9tate de tocoph\u00e9ryle, acide citrique Extrait de fleur de Sabdariffa, Extrait de Phyllanthus Emblica (Amla), Extrait de fruit d&rsquo;Acacia Concinna (Shikakia), Extrait de racine de Cyperus Rotundus (Nutgrass), Extrait d&rsquo;Eclipta Prostrata (Bhringaraj), Extrait de fruit de Sapindus Trifoliatus (Arithaaya), Sorbate de potassium (Papaye) Extrait de fruit, hydroxyde de sodium, huile de fruit Citrus Aurantium Bergamia (bergamote), huile d&rsquo;\u00e9corce de Citrus Nobilis (mandarine), huile de p\u00e9pins de Cucurbita Pepo (citrouille) ***, extrait de racine de curcuma longa (curcuma), benzoate de sodium, l\u00e9vulinate de sodium, benzyle Benzoate **, salicylate de benzyle **, hexyl cinnamal **, limon\u00e8ne **, linalol **. * Origine v\u00e9g\u00e9tale, ** Pr\u00e9sent naturellement dans les huiles essentielles, *** Biologique.<\/p>\n","protected":false},"excerpt":{"rendered":"<p>Apr\u00e8s-Shampooing Hibiscus et curcuma Ayumi cosmetics 250ml Cheveux secs et ab\u00eem\u00e9s nourrissants et brillants Un m\u00e9lange de quatre actifs revitalisants nourrit en profondeur les cheveux secs, difficiles ou ab\u00eem\u00e9s pour leur redonner souplesse, ma\u00eetrise et brillance. Un m\u00e9lange de plantes m\u00e9dicinales indiennes traditionnelles attentionn\u00e9es de Shikakai, Aritha, Amla, Bhringra, Hibiscus, Curcuma, Papaye et racine de [&hellip;]<\/p>\n","protected":false},"featured_media":4790,"comment_status":"open","ping_status":"closed","template":"","meta":[],"_links":{"self":[{"href":"https:\/\/www.saphy.com\/healthcare-cosmetique\/wp-json\/wp\/v2\/product\/4789"}],"collection":[{"href":"https:\/\/www.saphy.com\/healthcare-cosmetique\/wp-json\/wp\/v2\/product"}],"about":[{"href":"https:\/\/www.saphy.com\/healthcare-cosmetique\/wp-json\/wp\/v2\/types\/product"}],"replies":[{"embeddable":true,"href":"https:\/\/www.saphy.com\/healthcare-cosmetique\/wp-json\/wp\/v2\/comments?post=4789"}],"wp:featuredmedia":[{"embeddable":true,"href":"https:\/\/www.saphy.com\/healthcare-cosmetique\/wp-json\/wp\/v2\/media\/4790"}],"wp:attachment":[{"href":"https:\/\/www.saphy.com\/healthcare-cosmetique\/wp-json\/wp\/v2\/media?parent=4789"}],"curies":[{"name":"wp","href":"https:\/\/api.w.org\/{rel}","templated":true}]}}