{"id":4791,"date":"2021-03-05T14:22:55","date_gmt":"2021-03-05T13:22:55","guid":{"rendered":"https:\/\/www.saphy.com\/healthcare-cosmetique\/?post_type=product&#038;p=4791"},"modified":"2021-10-27T13:07:04","modified_gmt":"2021-10-27T12:07:04","slug":"huile-capillaire-detoxifiante-ayumi-cosmetics-150-ml","status":"publish","type":"product","link":"https:\/\/www.saphy.com\/healthcare-cosmetique\/produit\/huile-capillaire-detoxifiante-ayumi-cosmetics-150-ml\/","title":{"rendered":"Huile capillaire d\u00e9toxifiante Ayumi cosmetics 150 ml"},"content":{"rendered":"<p>Huile capillaire d\u00e9toxifiante Ayumi cosmetics 150 ml<\/p>\n<p>Pour les cheveux et le cuir chevelu gras et qui d\u00e9mangent<\/p>\n<p>Notre huile capillaire d\u00e9toxifiante piquante et piquante est naturellement formul\u00e9e pour aider \u00e0 purifier et revitaliser les cheveux maigres, minimiser les d\u00e9mangeaisons du cuir chevelu et combattre les pellicules. Les huiles de s\u00e9same, d&rsquo;avocat et d&rsquo;amande apaisent les d\u00e9mangeaisons du cuir chevelu et revitalisent les cuticules des cheveux tandis que le c\u00e9l\u00e8bre Neem antibact\u00e9rien, le Brahmi riche en antioxydants et le Shikakai nettoyant naturellement sont enrichis en Tulsi, Methi et Eucalyptus pour stimuler et revigorer.<\/p>\n<p>Comment utiliser l&rsquo;Huile capillaire d\u00e9toxifiante Ayumi cosmetics 150 ml ?<\/p>\n<p>Massez l&rsquo;huile sur votre cuir chevelu pendant 15 \u00e0 20 minutes, avant de lisser l&rsquo;huile sur les cheveux restants. Laisser reposer au moins 45 minutes ou laisser une nuit pour un traitement intensif. Lavez et rincez ensuite comme d&rsquo;habitude.<\/p>\n<p>INGR\u00c9DIENTS<\/p>\n<p>Huile de graines de Sesamum Indicum (s\u00e9same), huile de Prunus Amygdalus Dulcis (amande), triglyc\u00e9ride caprylique \/ caprique (d\u00e9riv\u00e9 de la noix de coco), huile de Persea Gratissima (avocat), huile de Rosmarinus Officinalis (romarin), huile de Citrus Aurantium Bergamia (Bergamote), Citrus Aurantium Bergamia (Bergamote) Oil, Citrus Limon (Citron) Huile de zeste, huile d&rsquo;eucalyptus globulus, huile de graines d&rsquo;Helianthus annuus (tournesol), extrait de feuille de Rosmarinus Officinalis (romarin), extrait de feuille d&rsquo;Azadirachta Indica (Neem), extrait de Centella Asiatica (Brahmi), extrait de feuille d&rsquo;Ocimum Sanctum (Tulsi), Trigonella Extrait de graine de Foenum-Graecum (Fenugrec), Extrait de Fruit d&rsquo;Acacia Concinna (Shikakai), Citral, G\u00e9raniol, Limon\u00e8ne, Linallol.<\/p>\n","protected":false},"excerpt":{"rendered":"<p>Huile capillaire d\u00e9toxifiante Ayumi cosmetics 150 ml Pour les cheveux et le cuir chevelu gras et qui d\u00e9mangent Notre huile capillaire d\u00e9toxifiante piquante et piquante est naturellement formul\u00e9e pour aider \u00e0 purifier et revitaliser les cheveux maigres, minimiser les d\u00e9mangeaisons du cuir chevelu et combattre les pellicules. Les huiles de s\u00e9same, d&rsquo;avocat et d&rsquo;amande apaisent [&hellip;]<\/p>\n","protected":false},"featured_media":4792,"comment_status":"open","ping_status":"closed","template":"","meta":[],"_links":{"self":[{"href":"https:\/\/www.saphy.com\/healthcare-cosmetique\/wp-json\/wp\/v2\/product\/4791"}],"collection":[{"href":"https:\/\/www.saphy.com\/healthcare-cosmetique\/wp-json\/wp\/v2\/product"}],"about":[{"href":"https:\/\/www.saphy.com\/healthcare-cosmetique\/wp-json\/wp\/v2\/types\/product"}],"replies":[{"embeddable":true,"href":"https:\/\/www.saphy.com\/healthcare-cosmetique\/wp-json\/wp\/v2\/comments?post=4791"}],"wp:featuredmedia":[{"embeddable":true,"href":"https:\/\/www.saphy.com\/healthcare-cosmetique\/wp-json\/wp\/v2\/media\/4792"}],"wp:attachment":[{"href":"https:\/\/www.saphy.com\/healthcare-cosmetique\/wp-json\/wp\/v2\/media?parent=4791"}],"curies":[{"name":"wp","href":"https:\/\/api.w.org\/{rel}","templated":true}]}}