{"id":4793,"date":"2021-03-05T14:31:07","date_gmt":"2021-03-05T13:31:07","guid":{"rendered":"https:\/\/www.saphy.com\/healthcare-cosmetique\/?post_type=product&#038;p=4793"},"modified":"2021-10-27T13:06:44","modified_gmt":"2021-10-27T12:06:44","slug":"huile-capillaire-enrichie-a-la-noix-de-coco-150-ml","status":"publish","type":"product","link":"https:\/\/www.saphy.com\/healthcare-cosmetique\/produit\/huile-capillaire-enrichie-a-la-noix-de-coco-150-ml\/","title":{"rendered":"Huile capillaire enrichie \u00e0 la noix de coco 150 ml"},"content":{"rendered":"<p>Huile capillaire enrichie \u00e0 la noix de coco 150 ml<\/p>\n<p>Nourrit, revitalise et adoucit<\/p>\n<p>Riche en Om\u00e9ga 6, cette huile de Coco est enrichie d&rsquo;extraits hautement nourrissants et fortifiants r\u00e9put\u00e9s pour leurs bienfaits capillaires. L&rsquo;huile de s\u00e9same est riche en prot\u00e9ines et aide \u00e0 renforcer les cheveux, le henn\u00e9 aide \u00e0 donner des cheveux \u00e9pais, sains et soyeux, tandis que l&rsquo;amla et le romarin sont traditionnellement utilis\u00e9s pour stimuler la circulation du cuir chevelu et la croissance des cheveux.<\/p>\n<p>Comment utiliser l&rsquo;huile capillaire enrichie \u00e0 la noix de coco 150 ml<\/p>\n<p>Massez le cuir chevelu pendant quelques minutes avant de frotter le reste de la tige du cheveu, laissez agir toute la nuit pour un traitement intensif et lavez ensuite comme d&rsquo;habitude.<\/p>\n<p>L&rsquo;huile de coco est normalement solide \u00e0 temp\u00e9rature ambiante. Conserver dans un endroit chaud ou faire couler de l&rsquo;eau ti\u00e8de sur la bouteille jusqu&rsquo;\u00e0 ce que le solide se transforme en liquide.<\/p>\n<p>INGR\u00c9DIENTS<\/p>\n<p>Huile de Cocos Nucifera (Noix de Coco Biologique), Huile de Sesamum Indicum (S\u00e9same), Huile de Rosmarinus Officinalis (Romarin), Huile de Citrus Medica Limonum (Citron), Huile de Graine d&rsquo;Helianthus Annuus, Extrait de Citrus Medica Limonum (Citron), Extrait de Phyllanthus Emblica (Amla), Extrait de Lawsonia Inermis (Henn\u00e9), Extrait de Feuille de Rosmarinus Officinalis (Romarin), Citral *, G\u00e9raniol *, Limon\u00e8ne *, Linalol *.<\/p>\n<p>* Naturellement d\u00e9riv\u00e9 d&rsquo;huiles essentielles<\/p>\n","protected":false},"excerpt":{"rendered":"<p>Huile capillaire enrichie \u00e0 la noix de coco 150 ml Nourrit, revitalise et adoucit Riche en Om\u00e9ga 6, cette huile de Coco est enrichie d&rsquo;extraits hautement nourrissants et fortifiants r\u00e9put\u00e9s pour leurs bienfaits capillaires. L&rsquo;huile de s\u00e9same est riche en prot\u00e9ines et aide \u00e0 renforcer les cheveux, le henn\u00e9 aide \u00e0 donner des cheveux \u00e9pais, [&hellip;]<\/p>\n","protected":false},"featured_media":4794,"comment_status":"open","ping_status":"closed","template":"","meta":[],"_links":{"self":[{"href":"https:\/\/www.saphy.com\/healthcare-cosmetique\/wp-json\/wp\/v2\/product\/4793"}],"collection":[{"href":"https:\/\/www.saphy.com\/healthcare-cosmetique\/wp-json\/wp\/v2\/product"}],"about":[{"href":"https:\/\/www.saphy.com\/healthcare-cosmetique\/wp-json\/wp\/v2\/types\/product"}],"replies":[{"embeddable":true,"href":"https:\/\/www.saphy.com\/healthcare-cosmetique\/wp-json\/wp\/v2\/comments?post=4793"}],"wp:featuredmedia":[{"embeddable":true,"href":"https:\/\/www.saphy.com\/healthcare-cosmetique\/wp-json\/wp\/v2\/media\/4794"}],"wp:attachment":[{"href":"https:\/\/www.saphy.com\/healthcare-cosmetique\/wp-json\/wp\/v2\/media?parent=4793"}],"curies":[{"name":"wp","href":"https:\/\/api.w.org\/{rel}","templated":true}]}}