{"id":4795,"date":"2021-03-05T14:45:08","date_gmt":"2021-03-05T13:45:08","guid":{"rendered":"https:\/\/www.saphy.com\/healthcare-cosmetique\/?post_type=product&#038;p=4795"},"modified":"2021-10-27T13:06:01","modified_gmt":"2021-10-27T12:06:01","slug":"huile-capillaire-reparatrice-150-ml-ayumi-cosmetics","status":"publish","type":"product","link":"https:\/\/www.saphy.com\/healthcare-cosmetique\/produit\/huile-capillaire-reparatrice-150-ml-ayumi-cosmetics\/","title":{"rendered":"Huile capillaire r\u00e9paratrice 150 ml Ayumi cosmetics"},"content":{"rendered":"<p>Huile capillaire r\u00e9paratrice 150 ml Ayumi cosmetics<\/p>\n<p>Pour cheveux secs, ab\u00eem\u00e9s et cassants<\/p>\n<p>Notre huile capillaire r\u00e9paratrice fournit une nutrition ultra-nourrissante pour apprivoiser et revitaliser les cheveux indisciplin\u00e9s, cr\u00e9pus, grossiers et secs. Les huiles r\u00e9g\u00e9n\u00e9rantes de noix de coco, de p\u00e9pins de raisin, de ricin, d&rsquo;olive et d&rsquo;amande associ\u00e9es \u00e0 de la vitamine E naturelle apaisent le cuir chevelu et revitalisent les cuticules des cheveux. De plus, le Brahmi et l&rsquo;Amla riches en antioxydants, contenant des niveaux \u00e9lev\u00e9s de vitamine C, aident \u00e0 texturer et \u00e0 renforcer pour ajouter de la brillance, du lustre et de la douceur.<\/p>\n<p>Combinant d&rsquo;anciens rem\u00e8des ayurv\u00e9diques r\u00e9put\u00e9s pour leurs propri\u00e9t\u00e9s de renforcement des cheveux et leur capacit\u00e9 \u00e0 minimiser la perte de cheveux, nous m\u00e9langons Bringaraj, Amla, Shikakai et Aritha antioxydants et riches en vitamines dans une base de s\u00e9same press\u00e9e \u00e0 froid et d&rsquo;huile de noix de coco biologique pour aider \u00e0 \u00e9paissir et \u00e0 volumiser mince et ab\u00eem\u00e9. Cheveu.\u00a0L&rsquo;huile de graines de carotte, le gotu kola et le fenugrec sont traditionnellement utilis\u00e9s pour induire la croissance des cheveux, am\u00e9liorer la circulation et rajeunir les follicules pileux pour des cheveux longs et brillants.<\/p>\n<p><b>Comment utiliser l&rsquo;huile capillaire r\u00e9paratrice ayumi cosmetics ?<\/b><\/p>\n<p>L&rsquo;huile de coco se solidifie \u00e0 des temp\u00e9ratures froides. R\u00e9chauffez doucement (pour qu&rsquo;il soit ti\u00e8de) veillez \u00e0 ne pas surchauffer.<\/p>\n<p>Massez l&rsquo;huile sur votre cuir chevelu pendant 15 \u00e0 20 minutes, avant de lisser l&rsquo;huile sur les cheveux restants. Laisser reposer au moins 45 minutes ou toute la nuit pour un traitement intensif. Lavez et rincez ensuite comme d&rsquo;habitude.<\/p>\n<p>INGR\u00c9DIENTS<\/p>\n<p>Huile d&rsquo;Olea Europaea (olive), huile de cocos nucifera (noix de coco biologique), huile de Prunus Amygdalus Dulcis (amande), huile de Ricinus Communis (ricin), huile de p\u00e9pins de Vitis Vinifera (raisin), huile de Cananga Odorata (Ylang Ylang), Lavandula angustifolia (lavande ) Huile, Huile de Pelagonium Graveolens (G\u00e9ranium), Huile de graine d&rsquo;Helianthus Annus, Extrait de Centella Asiatica (Brahmi), Extrait de Phyllanthus Emblica (Amla), Tocoph\u00e9rol (Vitamine E), Extrait de feuille de Rosmarinus Officinalis (Romarin), Alcool benzylique, Salicylate de benzyle, Citral , Eug\u00e9nol, g\u00e9raniol, isoeug\u00e9nol, benzoate de benzyle, citronellol, farnesol, limon\u00e8ne, linalol<\/p>\n<p>&nbsp;<\/p>\n","protected":false},"excerpt":{"rendered":"<p>Huile capillaire r\u00e9paratrice 150 ml Ayumi cosmetics Pour cheveux secs, ab\u00eem\u00e9s et cassants Notre huile capillaire r\u00e9paratrice fournit une nutrition ultra-nourrissante pour apprivoiser et revitaliser les cheveux indisciplin\u00e9s, cr\u00e9pus, grossiers et secs. Les huiles r\u00e9g\u00e9n\u00e9rantes de noix de coco, de p\u00e9pins de raisin, de ricin, d&rsquo;olive et d&rsquo;amande associ\u00e9es \u00e0 de la vitamine E naturelle [&hellip;]<\/p>\n","protected":false},"featured_media":4796,"comment_status":"open","ping_status":"closed","template":"","meta":[],"_links":{"self":[{"href":"https:\/\/www.saphy.com\/healthcare-cosmetique\/wp-json\/wp\/v2\/product\/4795"}],"collection":[{"href":"https:\/\/www.saphy.com\/healthcare-cosmetique\/wp-json\/wp\/v2\/product"}],"about":[{"href":"https:\/\/www.saphy.com\/healthcare-cosmetique\/wp-json\/wp\/v2\/types\/product"}],"replies":[{"embeddable":true,"href":"https:\/\/www.saphy.com\/healthcare-cosmetique\/wp-json\/wp\/v2\/comments?post=4795"}],"wp:featuredmedia":[{"embeddable":true,"href":"https:\/\/www.saphy.com\/healthcare-cosmetique\/wp-json\/wp\/v2\/media\/4796"}],"wp:attachment":[{"href":"https:\/\/www.saphy.com\/healthcare-cosmetique\/wp-json\/wp\/v2\/media?parent=4795"}],"curies":[{"name":"wp","href":"https:\/\/api.w.org\/{rel}","templated":true}]}}