{"id":4797,"date":"2021-03-05T14:51:26","date_gmt":"2021-03-05T13:51:26","guid":{"rendered":"https:\/\/www.saphy.com\/healthcare-cosmetique\/?post_type=product&#038;p=4797"},"modified":"2024-04-02T10:08:19","modified_gmt":"2024-04-02T09:08:19","slug":"huile-capillaire-croissance-des-cheveux-150-ml-ayumi-cosmetics","status":"publish","type":"product","link":"https:\/\/www.saphy.com\/healthcare-cosmetique\/produit\/huile-capillaire-croissance-des-cheveux-150-ml-ayumi-cosmetics\/","title":{"rendered":"Huile capillaire  croissance des cheveux 150 ml Ayumi cosmetics"},"content":{"rendered":"<p>Huile capillaire croissance des cheveux 150 ml Ayumi cosmetics<\/p>\n<p>\u00c9paississement et volumateur pour pr\u00e9venir la perte de cheveux et favoriser les cheveux longs et brillants<\/p>\n<p>Combinant d&rsquo;anciens rem\u00e8des ayurv\u00e9diques r\u00e9put\u00e9s pour leurs propri\u00e9t\u00e9s de renforcement capillaire et leur capacit\u00e9 \u00e0 minimiser la chute des cheveux, nous m\u00e9langeons Bringaraj, Amla, Shikakai et Aritha antioxydants et riches en vitamines dans une base de noix de coco biologique pour aider \u00e0 \u00e9paissir et \u00e0 volumiser les cheveux fins et ab\u00eem\u00e9s. L&rsquo;huile de graine de carotte, Bhrahmi et Methi sont traditionnellement utilis\u00e9es pour induire la croissance des cheveux, am\u00e9liorer la circulation et rajeunir les follicules pileux pour une longue et brillante.<\/p>\n<p><b>Comment utiliser l&rsquo;huile capillaire croissance des cheveux 150 ml Ayumi Cosmetics?<\/b><\/p>\n<p>L&rsquo;huile de coco se solidifie \u00e0 des temp\u00e9ratures froides. R\u00e9chauffez doucement (pour qu&rsquo;il soit ti\u00e8de) et veillez \u00e0 ne pas surchauffer.<\/p>\n<p>Appliquer sur les m\u00e8ches de cheveux et masser le cuir chevelu dans un mouvement circulaire stimulant pendant 15 \u00e0 20 minutes, puis laver soigneusement. Pour avoir un effet maximal de cette huile capillaire de croissance, il est pr\u00e9f\u00e9rable de laisser une nuit en laissant l&rsquo;huile p\u00e9n\u00e9trer les cheveux et le cuir chevelu. Utilisez 2-3 fois par semaine.<\/p>\n<p>INGR\u00c9DIENTS<\/p>\n<p>Huile de Sesamum Indicum (S\u00e9same), Huile de Prunus Amygdalus Dulcis (Amande), Huile de Cocos Nucifera (Noix de Coco Biologique), Huile de Ricinus Communis (Ricin), Huile de Butyrospermum Parkii, Huile d&rsquo;Amyris Balsamifera, Huile de Canarium luzonicum (Elemi), Cedrus Deodora (Bois de C\u00e8dre Himalyan) ) Huile, huile de graine d&rsquo;Helianthus annuus, huile de Cinnamomum Zeylanicum (cannelle), huile de graine de Daucus carota Sativa (carotte), extrait de Centella asiatica (Brahmi), extrait d&rsquo;Eclipta Alba (Bhringraj), extrait de Phyllanthus Emblica (Amla), extrait de feuille de Rosmarinus Officinalis Extrait de Sapindus Mukurossi (Aritha), Extrait de Trigonella Foenum Graecum (Fenugrec), Extrait d&rsquo;Acacia Concinna (Shikakai), Huile de Santalum Album (Bois de Santal), Alcool cinnamique, Cinnamal, Coumarine, Eug\u00e9nol, G\u00e9raniol, Benzoate de benzyle, Farnesol, Limon\u00e8ne, Linoate de benzyle, Farnesol, Limon\u00e8ne<\/p>\n","protected":false},"excerpt":{"rendered":"<p>Huile capillaire croissance des cheveux 150 ml Ayumi cosmetics \u00c9paississement et volumateur pour pr\u00e9venir la perte de cheveux et favoriser les cheveux longs et brillants Combinant d&rsquo;anciens rem\u00e8des ayurv\u00e9diques r\u00e9put\u00e9s pour leurs propri\u00e9t\u00e9s de renforcement capillaire et leur capacit\u00e9 \u00e0 minimiser la chute des cheveux, nous m\u00e9langeons Bringaraj, Amla, Shikakai et Aritha antioxydants et riches [&hellip;]<\/p>\n","protected":false},"featured_media":4800,"comment_status":"open","ping_status":"closed","template":"","meta":[],"_links":{"self":[{"href":"https:\/\/www.saphy.com\/healthcare-cosmetique\/wp-json\/wp\/v2\/product\/4797"}],"collection":[{"href":"https:\/\/www.saphy.com\/healthcare-cosmetique\/wp-json\/wp\/v2\/product"}],"about":[{"href":"https:\/\/www.saphy.com\/healthcare-cosmetique\/wp-json\/wp\/v2\/types\/product"}],"replies":[{"embeddable":true,"href":"https:\/\/www.saphy.com\/healthcare-cosmetique\/wp-json\/wp\/v2\/comments?post=4797"}],"wp:featuredmedia":[{"embeddable":true,"href":"https:\/\/www.saphy.com\/healthcare-cosmetique\/wp-json\/wp\/v2\/media\/4800"}],"wp:attachment":[{"href":"https:\/\/www.saphy.com\/healthcare-cosmetique\/wp-json\/wp\/v2\/media?parent=4797"}],"curies":[{"name":"wp","href":"https:\/\/api.w.org\/{rel}","templated":true}]}}