{"id":4807,"date":"2021-03-11T13:50:29","date_gmt":"2021-03-11T12:50:29","guid":{"rendered":"https:\/\/www.saphy.com\/healthcare-cosmetique\/?post_type=product&#038;p=4807"},"modified":"2021-10-27T13:05:24","modified_gmt":"2021-10-27T12:05:24","slug":"masque-intensif-pour-cheveux-ayumi-cosmetics-150ml","status":"publish","type":"product","link":"https:\/\/www.saphy.com\/healthcare-cosmetique\/produit\/masque-intensif-pour-cheveux-ayumi-cosmetics-150ml\/","title":{"rendered":"Masque intensif pour cheveux Ayumi cosmetics 150ml"},"content":{"rendered":"<p>Masque intensif pour cheveux Ayumi cosmetics 150ml<\/p>\n<p>Le Masque intensif pour cheveux Ayumi cosmetics 150ml est un\u00a0 traitement capillaire intensif qui aide \u00e0 reconstituer l&rsquo;hydratation perdue et \u00e0 nourrir les cheveux fatigu\u00e9s. R\u00e9put\u00e9e dans l&rsquo;Ayurveda, l&rsquo;herbe de Java est utilis\u00e9e pour renforcer les cheveux et rajeunir le cuir chevelu, tandis que la Quassia, le Lotus Sacr\u00e9 et le Neem aident \u00e0 purifier. Les cheveux secs sont revitalis\u00e9s gr\u00e2ce \u00e0 la vitamine E, C et des huiles de noix de coco et d&rsquo;avocat enrichissantes.<\/p>\n<h3 class=\"margin-none\">Comment utiliser\u00a0 le Masque intensif pour cheveux Ayumi cosmetics 150ml?<\/h3>\n<p class=\"margin-bottom-none\">Appliquer comme revitalisant intensif sous la douche et laisser agir 2-3 minutes avant de se lever.\u00a0Alternativement, pour les cheveux tr\u00e8s ab\u00eem\u00e9s, appliquer sur cheveux mouill\u00e9s avant le shampooing, laisser reposer 5 minutes, rincer puis shampooing et revitaliser normalement.<\/p>\n<h3 class=\"margin-none\">Ingr\u00e9dients<\/h3>\n<p>Aqua (eau), alcool c\u00e9t\u00e9arylique, huile de cocos nucifera (noix de coco), brassicamidopropyl dim\u00e9thylamine, acide aspartique, coco-caprylate, huile de Persea Gratissima (avocat), parfum (parfum), ph\u00e9noxy\u00e9thanol, chlorph\u00e9n\u00e9sine, ac\u00e9tate de tocoph\u00e9ryle (vitamine E, glyc\u00e9rine *) \u00c9thylhexylglyc\u00e9rine, phytate de sodium, extrait de feuille de Melia Azadirachta (neem), extrait de bois de Quassia Amara, extrait de fleur de Nelumbium Speciosum (lotus), extrait de racine de Cyperus Rotundus (gramin\u00e9es), sorbate de potassium, alcool, benzoate de sodium, acide citrique, acide corbique (acide ascaminique) ), Amyl Cinnamal **, Coumarine **.<br \/>\n* Origine V\u00e9g\u00e9tale, ** Naturellement d\u00e9riv\u00e9e d&rsquo;huiles essentielles.<\/p>\n","protected":false},"excerpt":{"rendered":"<p>Masque intensif pour cheveux Ayumi cosmetics 150ml Le Masque intensif pour cheveux Ayumi cosmetics 150ml est un\u00a0 traitement capillaire intensif qui aide \u00e0 reconstituer l&rsquo;hydratation perdue et \u00e0 nourrir les cheveux fatigu\u00e9s. R\u00e9put\u00e9e dans l&rsquo;Ayurveda, l&rsquo;herbe de Java est utilis\u00e9e pour renforcer les cheveux et rajeunir le cuir chevelu, tandis que la Quassia, le Lotus [&hellip;]<\/p>\n","protected":false},"featured_media":4808,"comment_status":"open","ping_status":"closed","template":"","meta":[],"_links":{"self":[{"href":"https:\/\/www.saphy.com\/healthcare-cosmetique\/wp-json\/wp\/v2\/product\/4807"}],"collection":[{"href":"https:\/\/www.saphy.com\/healthcare-cosmetique\/wp-json\/wp\/v2\/product"}],"about":[{"href":"https:\/\/www.saphy.com\/healthcare-cosmetique\/wp-json\/wp\/v2\/types\/product"}],"replies":[{"embeddable":true,"href":"https:\/\/www.saphy.com\/healthcare-cosmetique\/wp-json\/wp\/v2\/comments?post=4807"}],"wp:featuredmedia":[{"embeddable":true,"href":"https:\/\/www.saphy.com\/healthcare-cosmetique\/wp-json\/wp\/v2\/media\/4808"}],"wp:attachment":[{"href":"https:\/\/www.saphy.com\/healthcare-cosmetique\/wp-json\/wp\/v2\/media?parent=4807"}],"curies":[{"name":"wp","href":"https:\/\/api.w.org\/{rel}","templated":true}]}}