{"id":4826,"date":"2021-04-08T14:15:14","date_gmt":"2021-04-08T13:15:14","guid":{"rendered":"https:\/\/www.saphy.com\/healthcare-cosmetique\/?post_type=product&#038;p=4826"},"modified":"2024-09-30T11:23:17","modified_gmt":"2024-09-30T10:23:17","slug":"shampooing-nourrissant-a-largan-et-au-bois-de-santal-ayumi-cosmetics-250ml","status":"publish","type":"product","link":"https:\/\/www.saphy.com\/healthcare-cosmetique\/produit\/shampooing-nourrissant-a-largan-et-au-bois-de-santal-ayumi-cosmetics-250ml\/","title":{"rendered":"Shampooing nourrissant \u00e0 l&rsquo;argan et au bois de santal Ayumi cosmetics 250ml"},"content":{"rendered":"<p>Shampooing nourrissant \u00e0 l&rsquo;argan et au bois de santal Ayumi cosmetics 250ml<\/p>\n<p>&nbsp;<\/p>\n<p>Le\u00a0 Shampooing nourrissant \u00e0 l&rsquo;argan et au bois de santal Ayumi cosmetics sp\u00e9cialement formul\u00e9 pour un usage fr\u00e9quent sur tous les types de cheveux, en particulier pour les cheveux fins et faibles. Avec les propri\u00e9t\u00e9s nourrissantes de l&rsquo;arganier biologique, l&rsquo;extrait d&rsquo;amla qui stimule la croissance\u00a0 des cheveux et l&rsquo;extrait de Bhringraj\u00a0 qui favorise un cuir chevelu sain et les propri\u00e9t\u00e9s calmantes de l&rsquo;huile d&rsquo;ylang ylang et de lavande, il est id\u00e9al pour les cheveux cassants et clairsem\u00e9s. Les herbes ayurv\u00e9diques assurent un lavage\u00a0 d\u00e9licat des cheveux et du cuir chevelu.<\/p>\n<p><strong>Actifs cl\u00e9s<\/strong><br \/>\nExtrait d&rsquo;Amla<br \/>\nExtrait d&rsquo;Aritha<br \/>\nExtrait de Shikakia<br \/>\nExtrait de Nutgrass<br \/>\nExtrait de Bhringaraj<br \/>\nExtrait de poivre noir<br \/>\nExtrait de gingembre<br \/>\nExtrait de jasmin<br \/>\nExtrait d&rsquo;\u00e9corce de cannelle<\/p>\n<p><strong>Huiles essentielles<\/strong><br \/>\nHuile d&rsquo;argan biologique<br \/>\nHuile de citrouille<br \/>\nHuile d&rsquo;ylang ylang<br \/>\nHuile de patchouli<br \/>\nHuile de lavande<br \/>\nHuile de jojoba<br \/>\nHuile de babussa<br \/>\nHuile de bois de santal<\/p>\n<p><strong>Liste des ingr\u00e9dients :<\/strong><\/p>\n<p>Aqua (eau), lauryl sulfate d&rsquo;ammonium, coco-glucoside, d\u00e9cyl glucoside, cocamidopropyl b\u00e9ta\u00efne, copolym\u00e8re d&rsquo;acrylates, parfum (parfum), ol\u00e9ate de glyc\u00e9ryle, benzoate de sodium, sorbate de potassium, quaternium-80, glyc\u00e9rine *, chlorure de sodium, acide citrique, panth\u00e8ne , Extrait de fruit d&rsquo;Acacia Concinna (Shikakia), Extrait de fruit de Sapindus Trifoliatus (Aritha), Polyquaternium-11, Extrait de Phyllanthus Emblica (Amla), Extrait de racine de Cyperus Rotundus (Java), Extrait d&rsquo;Eclipta Prostrata (Bhringaraj), Noyau d&rsquo;Argania Spinosa (Arganier biologique) Huile ***, huile de fleur de Cananga Odorata, huile de graine de Cucurbita Pepo (citrouille biologique) *** extrait de fleur de Jasminum Grandiflorum (jasmin), huile de Lavandula Angustifolia (lavande), huile de graine d&rsquo;Orbignya Oleifera (Babussa), feuille de Pogostemon Cablin (patchouli) Huile, huile de bois de Santalum Spicata (bois de santal),L\u00e9vulinate de sodium, extrait de graine de Piper Nigrum (poivre), extrait de racine de Zingiber Officinale (gingembre), extrait d&rsquo;\u00e9corce de Cinnamomum Zeylanicum (cannelle), alpha-isom\u00e9thyl ionone **.<br \/>\n* Origine v\u00e9g\u00e9tale, ** Naturellement d\u00e9riv\u00e9e d&rsquo;huiles essentielles, *** Biologique.<\/p>\n<p><strong>Comment utiliser\u00a0 le Shampooing nourrissant \u00e0 l&rsquo;argan et au bois de santal Ayumi cosmetics\u00a0 ?<\/strong><br \/>\nPrenez une petite quantit\u00e9 de shampooing et massez doucement le cuir chevelu du bout des doigts. Laisser mousser en utilisant de l&rsquo;eau ti\u00e8de. En fonction de la longueur de vos cheveux, r\u00e9p\u00e9tez le processus.<\/p>\n","protected":false},"excerpt":{"rendered":"<p>Shampooing nourrissant \u00e0 l&rsquo;argan et au bois de santal Ayumi cosmetics 250ml &nbsp; Le\u00a0 Shampooing nourrissant \u00e0 l&rsquo;argan et au bois de santal Ayumi cosmetics sp\u00e9cialement formul\u00e9 pour un usage fr\u00e9quent sur tous les types de cheveux, en particulier pour les cheveux fins et faibles. Avec les propri\u00e9t\u00e9s nourrissantes de l&rsquo;arganier biologique, l&rsquo;extrait d&rsquo;amla qui [&hellip;]<\/p>\n","protected":false},"featured_media":4827,"comment_status":"open","ping_status":"closed","template":"","meta":[],"_links":{"self":[{"href":"https:\/\/www.saphy.com\/healthcare-cosmetique\/wp-json\/wp\/v2\/product\/4826"}],"collection":[{"href":"https:\/\/www.saphy.com\/healthcare-cosmetique\/wp-json\/wp\/v2\/product"}],"about":[{"href":"https:\/\/www.saphy.com\/healthcare-cosmetique\/wp-json\/wp\/v2\/types\/product"}],"replies":[{"embeddable":true,"href":"https:\/\/www.saphy.com\/healthcare-cosmetique\/wp-json\/wp\/v2\/comments?post=4826"}],"wp:featuredmedia":[{"embeddable":true,"href":"https:\/\/www.saphy.com\/healthcare-cosmetique\/wp-json\/wp\/v2\/media\/4827"}],"wp:attachment":[{"href":"https:\/\/www.saphy.com\/healthcare-cosmetique\/wp-json\/wp\/v2\/media?parent=4826"}],"curies":[{"name":"wp","href":"https:\/\/api.w.org\/{rel}","templated":true}]}}