{"id":4828,"date":"2021-04-08T14:34:46","date_gmt":"2021-04-08T13:34:46","guid":{"rendered":"https:\/\/www.saphy.com\/healthcare-cosmetique\/?post_type=product&#038;p=4828"},"modified":"2024-09-30T11:23:02","modified_gmt":"2024-09-30T10:23:02","slug":"apres-shampooing-nourrissant-a-largan-et-bois-de-santal-ayumi-cosmetics","status":"publish","type":"product","link":"https:\/\/www.saphy.com\/healthcare-cosmetique\/produit\/apres-shampooing-nourrissant-a-largan-et-bois-de-santal-ayumi-cosmetics\/","title":{"rendered":"Apr\u00e8s-Shampooing nourrissant \u00e0 l&rsquo;argan et bois de santal Ayumi cosmetics"},"content":{"rendered":"<p>Apr\u00e8s-Shampooing nourrissant \u00e0 l&rsquo;argan et bois de santal Ayumi cosmetics<\/p>\n<p>Un m\u00e9lange de quatre plantes\u00a0 revitalisantes efficaces qui\u00a0 r\u00e9g\u00e9n\u00e8re, renforce et aide \u00e0 prot\u00e9ger les\u00a0 cheveux clairsem\u00e9s et fragiles. Un m\u00e9lange de plantes caressantes traditionnelles indiennes de Shikakai, Aritha, Amla, Bhringraj et racine de Java\u00a0 qui apporte protection et texture soyeuse aux m\u00e8ches d\u00e9licates, tandis que les huiles de noix de coco bio, d&rsquo;argan bio, de babassu et de citrouille bio redonnent de la brillance. Un soup\u00e7on s\u00e9duisant de gingembre, patchouli, bois de santal, lavande et cannelle offre\u00a0 un parfum d\u00e9licat et sensuel .<\/p>\n<p><strong>Actifs cl\u00e9s<\/strong><br \/>\nExtrait de Shikakia<br \/>\nExtrait de Nutgrass<br \/>\nExtrait de Bhringaraj<br \/>\nExtrait d&rsquo;Aritha<br \/>\nExtrait d&rsquo;Amla<br \/>\nExtrait de jasmin<br \/>\nExtrait de poivre noir<br \/>\nExtrait de gingembre<br \/>\nExtrait d&rsquo;\u00e9corce de cannelle<\/p>\n<p><strong>Huiles essentielles<\/strong><br \/>\nHuile de coco biologique<br \/>\nHuile de babussa<br \/>\nHuile d&rsquo;argan biologique<br \/>\nHuile de courge biologique<br \/>\nHuile de lavande<br \/>\nHuile de patchouli<br \/>\nHuile de bois de santal<\/p>\n<p><strong>Comment utiliser l&rsquo;Apr\u00e8s-Shampooing nourrissant \u00e0 l&rsquo;argan et bois de santal Ayumi cosmetics ?<\/strong><br \/>\nAppliquer sur cheveux mouill\u00e9s apr\u00e8s le shampooing, peigner, laisser agir 5 minutes puis rincer. Une petite quantit\u00e9 peut \u00eatre appliqu\u00e9e sur les cheveux secs pour masquer les pointes fourchues et faciliter le coiffage.<\/p>\n<p><strong>Que contient notre Apr\u00e8s-Shampooing nourrissant \u00e0 l&rsquo;argan et bois de santal Ayumi cosmetics ?<\/strong><\/p>\n<p>Aqua (eau), alcool c\u00e9t\u00e9arylique, alcool c\u00e9tylique, chlorure de b\u00e9hentrimonium, chlorure de c\u00e9trimonium, huile de Cocos Nucifera (noix de coco biologique) ***, ph\u00e9noxy\u00e9thanol, parfum (parfum), polyquaternium-37, glyc\u00e9rine *, alcool isopropylique, acide citrique, \u00e9thylhexylglyc\u00e9rine, Polyquaternium-11, Diac\u00e9tate de glutamate t\u00e9trasodique, Hydroxyde de sodium, Ac\u00e9tate de tocoph\u00e9ryle (Vitamine E), Extrait de fruit d&rsquo;Acacia Concinna (Shikakia), Extrait de racine de Cyperus Rotundus (Nutgrass), Extrait de fruit d&rsquo;Eclipta Prostrata (Bhringaraj), Sapindus Trifolanthus (Array) Extrait d&rsquo;Emblica (Amla), Sorbate de Potassium, Huile de Noyau d&rsquo;Argania Spinosa (Argan Bio) ***, Huile de Fleur de Cananga Odorata (Ylang Ylang), Huile de Graine de Cucurbita Pepo (Citrouille Bio) ***, Extrait de Fleur de Jasminum Grandiflorum (Jasmin), Huile de Lavandula Angustifolia (Lavande),Huile de graine d&rsquo;Orbignya Oleifera (Babassu), huile de feuille de Pogostemon Cablin (patchouli), Santalum Spicata (huile de bois de santal, l\u00e9vulinate de sodium, benzoate de sodium, extrait de graine de Piper Nigrum (poivre), extrait de racine de Zingiber Officinale (gingembre), Cinnamomum Zeylan Baricum (cannelle) Extrait.<br \/>\n* Origine v\u00e9g\u00e9tale, *** Biologique.<\/p>\n<p>&nbsp;<\/p>\n<p>Bouteille de 250ml<\/p>\n","protected":false},"excerpt":{"rendered":"<p>Apr\u00e8s-Shampooing nourrissant \u00e0 l&rsquo;argan et bois de santal Ayumi cosmetics Un m\u00e9lange de quatre plantes\u00a0 revitalisantes efficaces qui\u00a0 r\u00e9g\u00e9n\u00e8re, renforce et aide \u00e0 prot\u00e9ger les\u00a0 cheveux clairsem\u00e9s et fragiles. Un m\u00e9lange de plantes caressantes traditionnelles indiennes de Shikakai, Aritha, Amla, Bhringraj et racine de Java\u00a0 qui apporte protection et texture soyeuse aux m\u00e8ches d\u00e9licates, tandis [&hellip;]<\/p>\n","protected":false},"featured_media":4829,"comment_status":"open","ping_status":"closed","template":"","meta":[],"_links":{"self":[{"href":"https:\/\/www.saphy.com\/healthcare-cosmetique\/wp-json\/wp\/v2\/product\/4828"}],"collection":[{"href":"https:\/\/www.saphy.com\/healthcare-cosmetique\/wp-json\/wp\/v2\/product"}],"about":[{"href":"https:\/\/www.saphy.com\/healthcare-cosmetique\/wp-json\/wp\/v2\/types\/product"}],"replies":[{"embeddable":true,"href":"https:\/\/www.saphy.com\/healthcare-cosmetique\/wp-json\/wp\/v2\/comments?post=4828"}],"wp:featuredmedia":[{"embeddable":true,"href":"https:\/\/www.saphy.com\/healthcare-cosmetique\/wp-json\/wp\/v2\/media\/4829"}],"wp:attachment":[{"href":"https:\/\/www.saphy.com\/healthcare-cosmetique\/wp-json\/wp\/v2\/media?parent=4828"}],"curies":[{"name":"wp","href":"https:\/\/api.w.org\/{rel}","templated":true}]}}