{"id":4830,"date":"2021-04-08T14:45:41","date_gmt":"2021-04-08T13:45:41","guid":{"rendered":"https:\/\/www.saphy.com\/healthcare-cosmetique\/?post_type=product&#038;p=4830"},"modified":"2022-11-30T16:30:26","modified_gmt":"2022-11-30T15:30:26","slug":"gel-douche-au-bois-de-santal-et-ylang-ylang-ayumi-cosmetics","status":"publish","type":"product","link":"https:\/\/www.saphy.com\/healthcare-cosmetique\/produit\/gel-douche-au-bois-de-santal-et-ylang-ylang-ayumi-cosmetics\/","title":{"rendered":"Gel douche au bois de santal et ylang ylang Ayumi cosmetics"},"content":{"rendered":"<p>Gel douche au bois de santal et ylang ylang Ayumi cosmetics<\/p>\n<p>Le Gel douche au bois de santal sacr\u00e9\u00a0 et ylang ylang Ayumi cosmetics est id\u00e9ale pour nettoyer la peau en douceur sans enlever la pr\u00e9cieuse hydratation. Les huiles exotiques de Babassu d&rsquo;Amazonie et de Jojoba caressantes nourrissent les peaux les plus sensibles et les parent\u00a0 d&rsquo;une douceur soyeuse. Cette g\u00e2terie luxueuse pleine d&rsquo;huiles essentielles pr\u00e9cieuses contient du bois de santal sensuel et s\u00e9duisant, de la lavande apaisante, du patchouli provocateur et un baiser de somptueux Ylang Ylang teint\u00e9 de cannelle impr\u00e8gnent\u00a0 la peau et les sens d&rsquo;une douceur souple et sensuelle.<\/p>\n<p><strong>Actifs cl\u00e9s<\/strong><br \/>\nExtrait de poivre noir<br \/>\nExtrait de gingembre<br \/>\nExtrait de jasmin<br \/>\nExtrait d&rsquo;\u00e9corce de cannelle<\/p>\n<p><strong>Huiles essentielles<\/strong><br \/>\nHuile de bois de santal<br \/>\nHuile d&rsquo;ylang ylang<br \/>\nHuile de patchouli<br \/>\nHuile de lavande<br \/>\nHuile de jojoba<br \/>\nHuile de babussa<\/p>\n<p><strong>Comment utiliser le\u00a0 Gel douche au bois de santal et ylang ylang Ayumi cosmetics?<\/strong><br \/>\nAppliquer le gel douche au bois de santal sur la peau humide et masser en mouvements circulaires. Rincer \u00e0 l&rsquo;eau ti\u00e8de. Utiliser quotidiennement.<\/p>\n<p><strong>Que contient le Gel douche au bois de santal et ylang ylang Ayumi cosmetics?<\/strong><\/p>\n<p>Aqua (eau), lauryl sulfate d&rsquo;ammonium, coco-glucoside, cocamidopropyl b\u00e9ta\u00efne, copolym\u00e8re d&rsquo;acrylates, parfum (parfum), ol\u00e9ate de glyc\u00e9ryle, glyc\u00e9rine *, lauryl sulfosuccinate disodique, huile de fleur de Cananga Odorata (Ylang Ylang), huile de feuille de Pogostemon Cablin (patchouli) , Huile de Lavandula Angustifolia (Lavande), Huile de Graine de Simmondsia Chinensis (Jojoba), Huile de Graine d&rsquo;Orbignya Oleifera (Babussa), Huile de Bois de Santalum Spicatum (Bois de Santal), Extrait de Graine de Piper Nigrum (Poivre Noir), Extrait de Racine de Zingiber Officinale (Gingembre), Jasminum Extrait de fleur de grandiflorum (jasmin), extrait d&rsquo;\u00e9corce de Cinnamomum Zeylanicum (cannelle), chlorure de sodium, acide citrique, sorbate de potassium, benzoate de sodium, linalol **, alpha-isom\u00e9thyl ionone **.<br \/>\n* Origine v\u00e9g\u00e9tale, ** Naturellement d\u00e9riv\u00e9e d&rsquo;huiles essentielles.<\/p>\n","protected":false},"excerpt":{"rendered":"<p>Gel douche au bois de santal et ylang ylang Ayumi cosmetics Le Gel douche au bois de santal sacr\u00e9\u00a0 et ylang ylang Ayumi cosmetics est id\u00e9ale pour nettoyer la peau en douceur sans enlever la pr\u00e9cieuse hydratation. Les huiles exotiques de Babassu d&rsquo;Amazonie et de Jojoba caressantes nourrissent les peaux les plus sensibles et les [&hellip;]<\/p>\n","protected":false},"featured_media":4831,"comment_status":"open","ping_status":"closed","template":"","meta":[],"_links":{"self":[{"href":"https:\/\/www.saphy.com\/healthcare-cosmetique\/wp-json\/wp\/v2\/product\/4830"}],"collection":[{"href":"https:\/\/www.saphy.com\/healthcare-cosmetique\/wp-json\/wp\/v2\/product"}],"about":[{"href":"https:\/\/www.saphy.com\/healthcare-cosmetique\/wp-json\/wp\/v2\/types\/product"}],"replies":[{"embeddable":true,"href":"https:\/\/www.saphy.com\/healthcare-cosmetique\/wp-json\/wp\/v2\/comments?post=4830"}],"wp:featuredmedia":[{"embeddable":true,"href":"https:\/\/www.saphy.com\/healthcare-cosmetique\/wp-json\/wp\/v2\/media\/4831"}],"wp:attachment":[{"href":"https:\/\/www.saphy.com\/healthcare-cosmetique\/wp-json\/wp\/v2\/media?parent=4830"}],"curies":[{"name":"wp","href":"https:\/\/api.w.org\/{rel}","templated":true}]}}