{"id":4832,"date":"2021-04-08T14:51:53","date_gmt":"2021-04-08T13:51:53","guid":{"rendered":"https:\/\/www.saphy.com\/healthcare-cosmetique\/?post_type=product&#038;p=4832"},"modified":"2022-03-03T13:24:54","modified_gmt":"2022-03-03T12:24:54","slug":"savon-neem-tea-tree-ayumi-cosmetics","status":"publish","type":"product","link":"https:\/\/www.saphy.com\/healthcare-cosmetique\/produit\/savon-neem-tea-tree-ayumi-cosmetics\/","title":{"rendered":"Savon Neem &#038; Tea Tree  ayumi cosmetics"},"content":{"rendered":"<p>Savon Neem &amp; Tea Tree ayumi cosmetics<\/p>\n<p>La gamme de soins de la peau Ayumi Natural est bas\u00e9e sur les extraits traditionnels de fruits, de plantes et de fleurs de l&rsquo;Ayurveda qui sont utilis\u00e9s depuis des si\u00e8cles en Inde pour rendre la peau naturellement belle. Enrichi en huiles de Neem et Tea Tree, bien connues pour leurs propri\u00e9t\u00e9s antibact\u00e9riennes et en huile de Citronnelle pour garder la peau fra\u00eeche. Une formulation \u00e0 base de plantes qui \u00e9limine en douceur les impuret\u00e9s et nettoie la peau. Utiliser r\u00e9guli\u00e8rement pour une peau claire et \u00e9clatante.<\/p>\n<p><strong>Comment utiliser le Savon Neem &amp; Tea Tree ayumi cosmetics ?<\/strong><br \/>\nFaire mousser et appliquer g\u00e9n\u00e9reusement sur la peau puis masser doucement. Pour de meilleurs r\u00e9sultats, appliquez deux fois par jour.<\/p>\n<p><strong>Que contient notre savon neem et tea tree ayumi cosmetics?<\/strong><\/p>\n<p>Sodium Palmate, Aqua (Eau), Sodium Palm Kernelate, Glycerin *, Sorbitol, Melia<br \/>\nAzadirachta Seed Oil, Melaleuca Alternifolia (Tea Tree) Leaf Oil, Palm Kernel acid,<br \/>\nCymbopogon Schoenathus (Lemongrass) Oil, Citrus Aurantium Dulcis (Orange) Oil,<br \/>\nHydroxyde de sodium, chlorure de sodium, EDTA t\u00e9trasodique,<br \/>\nCitral **, Citronellol **, Eug\u00e9nol **, Farnesol **, G\u00e9raniol **, Limon\u00e8ne **, Linalool **.<br \/>\n* Origine v\u00e9g\u00e9tale, ** Naturellement d\u00e9riv\u00e9e d&rsquo;huiles essentielles.<\/p>\n<p>100G<\/p>\n","protected":false},"excerpt":{"rendered":"<p>Savon Neem &amp; Tea Tree ayumi cosmetics La gamme de soins de la peau Ayumi Natural est bas\u00e9e sur les extraits traditionnels de fruits, de plantes et de fleurs de l&rsquo;Ayurveda qui sont utilis\u00e9s depuis des si\u00e8cles en Inde pour rendre la peau naturellement belle. Enrichi en huiles de Neem et Tea Tree, bien connues [&hellip;]<\/p>\n","protected":false},"featured_media":4833,"comment_status":"open","ping_status":"closed","template":"","meta":[],"_links":{"self":[{"href":"https:\/\/www.saphy.com\/healthcare-cosmetique\/wp-json\/wp\/v2\/product\/4832"}],"collection":[{"href":"https:\/\/www.saphy.com\/healthcare-cosmetique\/wp-json\/wp\/v2\/product"}],"about":[{"href":"https:\/\/www.saphy.com\/healthcare-cosmetique\/wp-json\/wp\/v2\/types\/product"}],"replies":[{"embeddable":true,"href":"https:\/\/www.saphy.com\/healthcare-cosmetique\/wp-json\/wp\/v2\/comments?post=4832"}],"wp:featuredmedia":[{"embeddable":true,"href":"https:\/\/www.saphy.com\/healthcare-cosmetique\/wp-json\/wp\/v2\/media\/4833"}],"wp:attachment":[{"href":"https:\/\/www.saphy.com\/healthcare-cosmetique\/wp-json\/wp\/v2\/media?parent=4832"}],"curies":[{"name":"wp","href":"https:\/\/api.w.org\/{rel}","templated":true}]}}