{"id":4834,"date":"2021-04-08T15:17:31","date_gmt":"2021-04-08T14:17:31","guid":{"rendered":"https:\/\/www.saphy.com\/healthcare-cosmetique\/?post_type=product&#038;p=4834"},"modified":"2023-08-21T15:03:23","modified_gmt":"2023-08-21T14:03:23","slug":"savon-bois-de-santal-jojoba-ayumi-cosmetics","status":"publish","type":"product","link":"https:\/\/www.saphy.com\/healthcare-cosmetique\/produit\/savon-bois-de-santal-jojoba-ayumi-cosmetics\/","title":{"rendered":"Savon Bois de Santal &#038; Jojoba ayumi cosmetics"},"content":{"rendered":"<p>Savon Bois de Santal &amp; Jojoba ayumi cosmetics<\/p>\n<p>La gamme de soins de la peau Ayumi Natural est bas\u00e9e sur les extraits traditionnels de fruits, de plantes et de fleurs de l&rsquo;Ayurveda qui sont utilis\u00e9s depuis des si\u00e8cles en Inde pour rendre la peau naturellement belle. Enrichie en bois de santal, jojoba et miel apaisant, notre infusion aux herbes est un savon ayurv\u00e9dique aux propri\u00e9t\u00e9s hydratantes naturelles qui aide \u00e0 \u00e9liminer en douceur les impuret\u00e9s, nettoyant la peau sans la dess\u00e9cher. A utiliser r\u00e9guli\u00e8rement pour un teint clair et \u00e9quilibr\u00e9.<\/p>\n<p><strong>Comment utiliser le savon Bois de Santal &amp; Jojoba ayumi cosmetics?<\/strong><br \/>\nFaire mousser et appliquer g\u00e9n\u00e9reusement sur la peau puis masser doucement. Pour de meilleurs r\u00e9sultats, appliquez deux fois par jour.<\/p>\n<p><strong>Que contient le savon Bois de Santal &amp; Jojoba ayumi cosmetics?<\/strong><\/p>\n<p>Sodium Palmate, Aqua (Eau), Sodium Palm Kernelate, Glyc\u00e9rine *, Sorbitol, Garcinia<br \/>\nIndica Seed Butter. Acide de palmiste, Mel (miel), Mel (miel), chlorure de sodium,<br \/>\nEDTA t\u00e9trasodique,<br \/>\n* origine v\u00e9g\u00e9tale.<\/p>\n","protected":false},"excerpt":{"rendered":"<p>Savon Bois de Santal &amp; Jojoba ayumi cosmetics La gamme de soins de la peau Ayumi Natural est bas\u00e9e sur les extraits traditionnels de fruits, de plantes et de fleurs de l&rsquo;Ayurveda qui sont utilis\u00e9s depuis des si\u00e8cles en Inde pour rendre la peau naturellement belle. Enrichie en bois de santal, jojoba et miel apaisant, [&hellip;]<\/p>\n","protected":false},"featured_media":4835,"comment_status":"open","ping_status":"closed","template":"","meta":[],"_links":{"self":[{"href":"https:\/\/www.saphy.com\/healthcare-cosmetique\/wp-json\/wp\/v2\/product\/4834"}],"collection":[{"href":"https:\/\/www.saphy.com\/healthcare-cosmetique\/wp-json\/wp\/v2\/product"}],"about":[{"href":"https:\/\/www.saphy.com\/healthcare-cosmetique\/wp-json\/wp\/v2\/types\/product"}],"replies":[{"embeddable":true,"href":"https:\/\/www.saphy.com\/healthcare-cosmetique\/wp-json\/wp\/v2\/comments?post=4834"}],"wp:featuredmedia":[{"embeddable":true,"href":"https:\/\/www.saphy.com\/healthcare-cosmetique\/wp-json\/wp\/v2\/media\/4835"}],"wp:attachment":[{"href":"https:\/\/www.saphy.com\/healthcare-cosmetique\/wp-json\/wp\/v2\/media?parent=4834"}],"curies":[{"name":"wp","href":"https:\/\/api.w.org\/{rel}","templated":true}]}}