{"id":4836,"date":"2021-04-08T15:24:19","date_gmt":"2021-04-08T14:24:19","guid":{"rendered":"https:\/\/www.saphy.com\/healthcare-cosmetique\/?post_type=product&#038;p=4836"},"modified":"2022-03-03T13:24:28","modified_gmt":"2022-03-03T12:24:28","slug":"savon-curcuma-clou-de-girofle-ayumi-cosmetics","status":"publish","type":"product","link":"https:\/\/www.saphy.com\/healthcare-cosmetique\/produit\/savon-curcuma-clou-de-girofle-ayumi-cosmetics\/","title":{"rendered":"Savon Curcuma &#038; Clou de girofle ayumi cosmetics"},"content":{"rendered":"<p>Savon Curcuma &amp; Clou de girofle ayumi cosmetics<\/p>\n<p>La gamme de soins de la peau Ayumi Natural est bas\u00e9e sur les extraits traditionnels de fruits, de plantes et de fleurs de l&rsquo;Ayurveda qui sont utilis\u00e9s depuis des si\u00e8cles en Inde pour rendre la peau naturellement belle. Enrichie en curcuma, clou de girofle, aloe vera et romarin, notre infusion aux herbes hydrate en douceur tandis que la noix moulue aide \u00e0 exfolier et \u00e0 \u00e9liminer les exc\u00e8s de s\u00e9bum. Utilisation nettoyante et nourrissante r\u00e9guli\u00e8rement pour un teint clair et \u00e9clatant.<\/p>\n<p><strong>Comment utiliser le Savon Curcuma &amp; Clou de girofle ayumi cosmetics ?<\/strong><br \/>\nFaire mousser et appliquer g\u00e9n\u00e9reusement sur la peau puis masser doucement. Pour de meilleurs r\u00e9sultats, appliquez deux fois par jour.<\/p>\n<p><strong>Que contient le savon\u00a0 Curcuma &amp; Clou de girofle ayumi cosmetics ?<\/strong><\/p>\n<p>Sodium Palmate, Aqua (Eau), Sodium Palm Kernelate, Glyc\u00e9rine *, Sorbitol, Palm<br \/>\nKernel acid, Curcuma Longa (Curcuma) Root Powder, Aloe Barbadensis Leaf Juice,<br \/>\nMentha Piperita (Peppermint) Oil, Eugenia Caryophyllus (Clove) Flower Oil,<br \/>\nRosmarinus Huile de feuille d&rsquo;officinalis (romarin), chlorure de sodium,<br \/>\npoudre de coquille de Juglans Regia (noix) , EDTA t\u00e9trasodique, limon\u00e8ne **, linalol **.<br \/>\n* Origine v\u00e9g\u00e9tale, ** Produit naturellement \u00e0 partir d&rsquo;huiles essentielles.<\/p>\n","protected":false},"excerpt":{"rendered":"<p>Savon Curcuma &amp; Clou de girofle ayumi cosmetics La gamme de soins de la peau Ayumi Natural est bas\u00e9e sur les extraits traditionnels de fruits, de plantes et de fleurs de l&rsquo;Ayurveda qui sont utilis\u00e9s depuis des si\u00e8cles en Inde pour rendre la peau naturellement belle. Enrichie en curcuma, clou de girofle, aloe vera et [&hellip;]<\/p>\n","protected":false},"featured_media":4837,"comment_status":"open","ping_status":"closed","template":"","meta":[],"_links":{"self":[{"href":"https:\/\/www.saphy.com\/healthcare-cosmetique\/wp-json\/wp\/v2\/product\/4836"}],"collection":[{"href":"https:\/\/www.saphy.com\/healthcare-cosmetique\/wp-json\/wp\/v2\/product"}],"about":[{"href":"https:\/\/www.saphy.com\/healthcare-cosmetique\/wp-json\/wp\/v2\/types\/product"}],"replies":[{"embeddable":true,"href":"https:\/\/www.saphy.com\/healthcare-cosmetique\/wp-json\/wp\/v2\/comments?post=4836"}],"wp:featuredmedia":[{"embeddable":true,"href":"https:\/\/www.saphy.com\/healthcare-cosmetique\/wp-json\/wp\/v2\/media\/4837"}],"wp:attachment":[{"href":"https:\/\/www.saphy.com\/healthcare-cosmetique\/wp-json\/wp\/v2\/media?parent=4836"}],"curies":[{"name":"wp","href":"https:\/\/api.w.org\/{rel}","templated":true}]}}