{"id":4840,"date":"2021-04-08T15:49:09","date_gmt":"2021-04-08T14:49:09","guid":{"rendered":"https:\/\/www.saphy.com\/healthcare-cosmetique\/?post_type=product&#038;p=4840"},"modified":"2021-10-27T13:02:13","modified_gmt":"2021-10-27T12:02:13","slug":"creme-de-nuit-quotidienne-intensive-antitaches-ayumi-cosmetics","status":"publish","type":"product","link":"https:\/\/www.saphy.com\/healthcare-cosmetique\/produit\/creme-de-nuit-quotidienne-intensive-antitaches-ayumi-cosmetics\/","title":{"rendered":"Cr\u00e8me de nuit quotidienne Intensive antitaches ayumi cosmetics"},"content":{"rendered":"<p>Cr\u00e8me de nuit quotidienne Intensive antitaches ayumi cosmetics<\/p>\n<p>Con\u00e7u pour uniformiser le teint et ajouter de l&rsquo;\u00e9clat \u00e0 un teint sans \u00e9clat, notre soin Quotidien Equit\u00e9 conf\u00e8re \u00e0 la peau \u00e9clat et luminosit\u00e9. Le curcuma, la papaye, l&rsquo;argousier et l&rsquo;amla aident \u00e0 \u00e9claircir, \u00e9quilibrer et sublimer le teint, tandis que la r\u00e9glisse et l&rsquo;arjuna gardent la peau douce, souple et hydrat\u00e9e.<\/p>\n<p><strong>Pour les marques, les imperfections, les taches de vieillesse et les pigmentations<\/strong><\/p>\n<p>La Cr\u00e8me de nuit quotidienne Intensive antitaches ayumi cosmetics est formul\u00e9e pour r\u00e9parer, repulper et r\u00e9hydrater pendant la nuit, notre m\u00e9lange ayurv\u00e9dique de plantes et de peptides nourrissants ajoute de l&rsquo;\u00e9clat, de l&rsquo;\u00e9clat et de la luminosit\u00e9 \u00e0 tous les types de peau. L&rsquo;huile d&rsquo;amande douce profond\u00e9ment hydratante, l&rsquo;extrait de curcuma, de r\u00e9glisse, de papaye et de baies de Goji sont enrichis d&rsquo;un complexe d&rsquo;acides amin\u00e9s pour aider \u00e0 \u00e9claircir, \u00e9quilibrer et uniformiser le teint. Il a \u00e9t\u00e9 d\u00e9montr\u00e9 que notre s\u00e9quence peptidique s&rsquo;attaque aux signes d&rsquo;hyperpigmentation et r\u00e9duit l&rsquo;apparence des taches brunes. La peau est douce, souple et hydrat\u00e9e.<\/p>\n<p><strong>Comment utiliser La Cr\u00e8me de nuit quotidienne Intensive antitaches ayumi cosmetics ?<\/strong><br \/>\nAppliquer sur le visage, le cou et la poitrine par massage circulaire. Utiliser tous les soirs apr\u00e8s le nettoyage.<\/p>\n<p><strong>Que contient La Cr\u00e8me de nuit quotidienne Intensive antitaches ayumi cosmetics ?<\/strong><\/p>\n<p>Aqua (eau), myristate d&rsquo;isopropyle, glyc\u00e9rine (origine v\u00e9g\u00e9tale), triglyc\u00e9ride caprylique \/ caprique, dicitrate \/ st\u00e9arate de polyglyc\u00e9ryl-3, huile de Prunus Amygdalus Dulcis (amande douce), alcool c\u00e9t\u00e9arylique, st\u00e9arate de glyc\u00e9ryle, ph\u00e9noxy\u00e9thane, hydroxyac\u00e9toph\u00e9nate (parfum) Fragrance), \u00e9thylhexylglyc\u00e9rine, gomme de xanthane, phytate de sodium, extrait de racine de curcuma longa (curcuma), dipotassium glycyrrhizate (r\u00e9glisse), huile de zeste de Citrus Aurantium Dulcis (orange), extrait d&rsquo;\u00e9corce de terminalia Arjuna t\u00e9tra, huile de feuille de pogostemon cablin (patchoulrape 30) , Extrait de fruit de papaye de Carica (papaye), extrait de fruit de Lycium Chinense (Goji), huile de fruit de Coriandrum sativum (coriandre), huile de bois de Juniperus Mexicana, huile de fleur de Tagetes Minuta (souci), sorbate de potassium, benzoate de sodium, huile de Boswellia Carterii (encens) ,Huile de Lavandula Angustifolia (Lavande), Hexyl Cinnamal *.<br \/>\n* D\u00e9riv\u00e9 naturellement d&rsquo;huiles essentielles.<\/p>\n<p>Soin certifi\u00e9 V\u00e9gan<\/p>\n<p>Tube de 50ml<\/p>\n","protected":false},"excerpt":{"rendered":"<p>Cr\u00e8me de nuit quotidienne Intensive antitaches ayumi cosmetics Con\u00e7u pour uniformiser le teint et ajouter de l&rsquo;\u00e9clat \u00e0 un teint sans \u00e9clat, notre soin Quotidien Equit\u00e9 conf\u00e8re \u00e0 la peau \u00e9clat et luminosit\u00e9. Le curcuma, la papaye, l&rsquo;argousier et l&rsquo;amla aident \u00e0 \u00e9claircir, \u00e9quilibrer et sublimer le teint, tandis que la r\u00e9glisse et l&rsquo;arjuna gardent [&hellip;]<\/p>\n","protected":false},"featured_media":4841,"comment_status":"open","ping_status":"closed","template":"","meta":[],"_links":{"self":[{"href":"https:\/\/www.saphy.com\/healthcare-cosmetique\/wp-json\/wp\/v2\/product\/4840"}],"collection":[{"href":"https:\/\/www.saphy.com\/healthcare-cosmetique\/wp-json\/wp\/v2\/product"}],"about":[{"href":"https:\/\/www.saphy.com\/healthcare-cosmetique\/wp-json\/wp\/v2\/types\/product"}],"replies":[{"embeddable":true,"href":"https:\/\/www.saphy.com\/healthcare-cosmetique\/wp-json\/wp\/v2\/comments?post=4840"}],"wp:featuredmedia":[{"embeddable":true,"href":"https:\/\/www.saphy.com\/healthcare-cosmetique\/wp-json\/wp\/v2\/media\/4841"}],"wp:attachment":[{"href":"https:\/\/www.saphy.com\/healthcare-cosmetique\/wp-json\/wp\/v2\/media?parent=4840"}],"curies":[{"name":"wp","href":"https:\/\/api.w.org\/{rel}","templated":true}]}}