{"id":4852,"date":"2021-04-12T09:55:45","date_gmt":"2021-04-12T08:55:45","guid":{"rendered":"https:\/\/www.saphy.com\/healthcare-cosmetique\/?post_type=product&#038;p=4852"},"modified":"2021-10-27T13:01:00","modified_gmt":"2021-10-27T12:01:00","slug":"poudre-damla-ayumi-cosmetics-100-g","status":"publish","type":"product","link":"https:\/\/www.saphy.com\/healthcare-cosmetique\/produit\/poudre-damla-ayumi-cosmetics-100-g\/","title":{"rendered":"Poudre d&rsquo;Amla Ayumi cosmetics 100 g"},"content":{"rendered":"<p>Poudre d&rsquo;Amla Ayumi cosmetics 100 g<\/p>\n<p>Connu famili\u00e8rement sous le nom de groseille \u00e0 maquereau indienne, l&rsquo;Amla est un fruit comestible r\u00e9put\u00e9 dans le monde entier pour ses niveaux extraordinairement \u00e9lev\u00e9s de vitamine C et d&rsquo;antioxydants. Traditionnellement utilis\u00e9e pour ses propri\u00e9t\u00e9s revitalisantes naturelles, Amla est m\u00e9lang\u00e9e \u00e0 une p\u00e2te pour nourrir et reconstituer les cheveux en les laissant doux, soyeux et brillants.<\/p>\n<p>MODE D&rsquo;EMPLOI<br \/>\nUtilisez 20 g de poudre d&rsquo;Amla.<br \/>\nAjoutez de l&rsquo;eau ti\u00e8de pour obtenir une p\u00e2te lisse.<br \/>\nApr\u00e8s avoir lav\u00e9 vos cheveux, appliquez la p\u00e2te revitalisante Amla.<br \/>\nAppliquez la p\u00e2te sur les cheveux et le cuir chevelu en massant doucement du bout des doigts. Assurer une couverture uniforme (en \u00e9vitant le contact avec les yeux).<br \/>\nLaisser la p\u00e2te agir entre 5 et 20 minutes selon l&rsquo;intensit\u00e9 du traitement de conditionnement n\u00e9cessaire.<br \/>\nRincer et laver soigneusement les cheveux \u00e0 l&rsquo;eau ti\u00e8de. Utiliser une ou deux fois par semaine pour revitaliser les cheveux.<\/p>\n<p>INGR\u00c9DIENTS<br \/>\nPoudre de fruits Emblica officinalis (Amla).<\/p>\n<p>Conseils d&rsquo;allergie: \u00e9viter le contact avec les yeux. Avec les produits naturels, un test cutan\u00e9 est recommand\u00e9 avant utilisation. Appliquez une petite quantit\u00e9 de p\u00e2te derri\u00e8re l&rsquo;oreille et attendez 24 heures. En cas d&rsquo;irritation cutan\u00e9e, cessez l&rsquo;utilisation.<br \/>\nAttention: ce produit peut naturellement assombrir l\u00e9g\u00e8rement les cheveux, un test de m\u00e8che doit \u00eatre effectu\u00e9 pour les cheveux blonds ou blonds.<\/p>\n","protected":false},"excerpt":{"rendered":"<p>Poudre d&rsquo;Amla Ayumi cosmetics 100 g Connu famili\u00e8rement sous le nom de groseille \u00e0 maquereau indienne, l&rsquo;Amla est un fruit comestible r\u00e9put\u00e9 dans le monde entier pour ses niveaux extraordinairement \u00e9lev\u00e9s de vitamine C et d&rsquo;antioxydants. Traditionnellement utilis\u00e9e pour ses propri\u00e9t\u00e9s revitalisantes naturelles, Amla est m\u00e9lang\u00e9e \u00e0 une p\u00e2te pour nourrir et reconstituer les cheveux [&hellip;]<\/p>\n","protected":false},"featured_media":4853,"comment_status":"open","ping_status":"closed","template":"","meta":[],"_links":{"self":[{"href":"https:\/\/www.saphy.com\/healthcare-cosmetique\/wp-json\/wp\/v2\/product\/4852"}],"collection":[{"href":"https:\/\/www.saphy.com\/healthcare-cosmetique\/wp-json\/wp\/v2\/product"}],"about":[{"href":"https:\/\/www.saphy.com\/healthcare-cosmetique\/wp-json\/wp\/v2\/types\/product"}],"replies":[{"embeddable":true,"href":"https:\/\/www.saphy.com\/healthcare-cosmetique\/wp-json\/wp\/v2\/comments?post=4852"}],"wp:featuredmedia":[{"embeddable":true,"href":"https:\/\/www.saphy.com\/healthcare-cosmetique\/wp-json\/wp\/v2\/media\/4853"}],"wp:attachment":[{"href":"https:\/\/www.saphy.com\/healthcare-cosmetique\/wp-json\/wp\/v2\/media?parent=4852"}],"curies":[{"name":"wp","href":"https:\/\/api.w.org\/{rel}","templated":true}]}}