{"id":4854,"date":"2021-04-12T10:02:37","date_gmt":"2021-04-12T09:02:37","guid":{"rendered":"https:\/\/www.saphy.com\/healthcare-cosmetique\/?post_type=product&#038;p=4854"},"modified":"2024-02-01T15:43:49","modified_gmt":"2024-02-01T14:43:49","slug":"poudre-de-shikakai-ayumi-cosmetics-100g","status":"publish","type":"product","link":"https:\/\/www.saphy.com\/healthcare-cosmetique\/produit\/poudre-de-shikakai-ayumi-cosmetics-100g\/","title":{"rendered":"Poudre de Shikakai Ayumi cosmetics 100g"},"content":{"rendered":"<p>Poudre de Shikakai Ayumi cosmetics 100g<\/p>\n<p>Nettoyant pour cheveux 100% naturel<\/p>\n<p>Le Shikakia sauvage, un fruit en forme de gousse de l&rsquo;arbre Acacia concinna, il pousse dans les plaines chaudes et s\u00e8ches du sud et du centre de l&rsquo;Inde. Utilis\u00e9 depuis des si\u00e8cles et traditionnellement connu sous le nom de\u00a0 fruit pour les cheveux , ce nettoyant naturel et doux est utilis\u00e9 pour laver et revitaliser les cheveux en douceur sans les leur oter excessivement\u00a0 leurs huiles naturelles. Le Shikakia est r\u00e9put\u00e9 pour ses propri\u00e9t\u00e9s b\u00e9n\u00e9fiques et son pH naturellement bas.<\/p>\n<p>MODE D&rsquo;EMPLOI<br \/>\nUtilisez 20g de poudre de Shikakia.<br \/>\nAjoutez de l&rsquo;eau ti\u00e8de pour obtenir une p\u00e2te lisse et liquide. (Vous pouvez \u00e9galement ajouter 10g de poudre d<a href=\"https:\/\/www.saphy.com\/healthcare-cosmetique\/produit\/poudre-damla-ayumi-cosmetics-100-g\/\">&lsquo;Amla Ayumi\u00a0<\/a> et \/ ou de poudre d&rsquo; Aritha Ayumi cosmetics en poudre pour lutter contre les pellicules et revitaliser les cheveux ab\u00eem\u00e9s).<br \/>\nAppliquez la p\u00e2te sur les cheveux et le cuir chevelu en massant doucement du bout des doigts. Assurer une couverture uniforme.<br \/>\nLaisser la p\u00e2te pendant 5 minutes.<br \/>\nRincer et retirer soigneusement \u00e0 l&rsquo;eau ti\u00e8de. Utiliser deux fois par semaine pour nettoyer et revitaliser les cheveux.<\/p>\n<p>INGR\u00c9DIENTS<br \/>\nAcacia concinna (Shikakai).<\/p>\n<p>Conseils d&rsquo;allergie: veuillez noter que ce produit ne convient pas aux cheveux blonds car il peut naturellement l\u00e9g\u00e8rement assombrir les cheveux. Avec les produits naturels, un test cutan\u00e9 est recommand\u00e9 avant utilisation. Appliquez une petite quantit\u00e9 de p\u00e2te derri\u00e8re l&rsquo;oreille et attendez 24 heures. En cas d&rsquo;irritation cutan\u00e9e, cessez l&rsquo;utilisation. \u00c9viter le contact visuel.<\/p>\n","protected":false},"excerpt":{"rendered":"<p>Poudre de Shikakai Ayumi cosmetics 100g Nettoyant pour cheveux 100% naturel Le Shikakia sauvage, un fruit en forme de gousse de l&rsquo;arbre Acacia concinna, il pousse dans les plaines chaudes et s\u00e8ches du sud et du centre de l&rsquo;Inde. Utilis\u00e9 depuis des si\u00e8cles et traditionnellement connu sous le nom de\u00a0 fruit pour les cheveux , [&hellip;]<\/p>\n","protected":false},"featured_media":4855,"comment_status":"open","ping_status":"closed","template":"","meta":[],"_links":{"self":[{"href":"https:\/\/www.saphy.com\/healthcare-cosmetique\/wp-json\/wp\/v2\/product\/4854"}],"collection":[{"href":"https:\/\/www.saphy.com\/healthcare-cosmetique\/wp-json\/wp\/v2\/product"}],"about":[{"href":"https:\/\/www.saphy.com\/healthcare-cosmetique\/wp-json\/wp\/v2\/types\/product"}],"replies":[{"embeddable":true,"href":"https:\/\/www.saphy.com\/healthcare-cosmetique\/wp-json\/wp\/v2\/comments?post=4854"}],"wp:featuredmedia":[{"embeddable":true,"href":"https:\/\/www.saphy.com\/healthcare-cosmetique\/wp-json\/wp\/v2\/media\/4855"}],"wp:attachment":[{"href":"https:\/\/www.saphy.com\/healthcare-cosmetique\/wp-json\/wp\/v2\/media?parent=4854"}],"curies":[{"name":"wp","href":"https:\/\/api.w.org\/{rel}","templated":true}]}}