{"id":4856,"date":"2021-04-12T10:37:09","date_gmt":"2021-04-12T09:37:09","guid":{"rendered":"https:\/\/www.saphy.com\/healthcare-cosmetique\/?post_type=product&#038;p=4856"},"modified":"2024-02-05T11:16:53","modified_gmt":"2024-02-05T10:16:53","slug":"lotion-tonique-a-la-rose-pour-le-visage-ayumi-cosmetics","status":"publish","type":"product","link":"https:\/\/www.saphy.com\/healthcare-cosmetique\/produit\/lotion-tonique-a-la-rose-pour-le-visage-ayumi-cosmetics\/","title":{"rendered":"Lotion tonique \u00e0 la rose pour le visage Ayumi cosmetics"},"content":{"rendered":"<p>Lotion tonique \u00e0 la rose pour le visage Ayumi cosmetics<\/p>\n<p>Naturellement apaisant, notre Tonique riche en extraits de\u00a0 Rose, aide \u00e0 tonifier, \u00e9quilibrer le pH, minimiser les rougeurs et apaiser la peau. La glyc\u00e9rine hydrate, le g\u00e9ranium rose r\u00e9g\u00e9n\u00e8re et stimule, tandis que l&rsquo;hydrolat d&rsquo;eau de rose rafra\u00eechit la peau.<\/p>\n<p>MODE D&rsquo;EMPLOI<br \/>\nUtilisez matin et soir. Appliquer avec du coton pour rafra\u00eechir et appr\u00eater votre peau. Pour de meilleurs r\u00e9sultats, utilisez apr\u00e8s le nettoyage avec un nettoyant pour le visage Ayumi ou un exfoliant pour le visage et hydratez avec une cr\u00e8me pour le visage Ayumi.<\/p>\n<p>INGR\u00c9DIENTS<br \/>\nAqua (eau), glyc\u00e9rine *, d\u00e9nat d&rsquo;alcool, polysorbate 20, eau de fleur de Rosa Damascena, ph\u00e9noxy\u00e9thanol, parfum (parfum), sorbate de potassium, \u00e9thylhexylglyc\u00e9rine, phytate de sodium, huile de feuille d&rsquo;Eugenia Caryophyllus (girofle), fleur de Pelargonium Graveolens (g\u00e9ranium rose) Huile, acide citrique, citronellol **, eug\u00e9nol **, g\u00e9raniol **, hydroxycitronellal **, linalol **.<br \/>\n* Origine v\u00e9g\u00e9tale, ** Naturellement d\u00e9riv\u00e9e d&rsquo;huiles essentielles.<\/p>\n<p>Flacon de 250 ml<\/p>\n","protected":false},"excerpt":{"rendered":"<p>Lotion tonique \u00e0 la rose pour le visage Ayumi cosmetics Naturellement apaisant, notre Tonique riche en extraits de\u00a0 Rose, aide \u00e0 tonifier, \u00e9quilibrer le pH, minimiser les rougeurs et apaiser la peau. La glyc\u00e9rine hydrate, le g\u00e9ranium rose r\u00e9g\u00e9n\u00e8re et stimule, tandis que l&rsquo;hydrolat d&rsquo;eau de rose rafra\u00eechit la peau. MODE D&rsquo;EMPLOI Utilisez matin et [&hellip;]<\/p>\n","protected":false},"featured_media":4857,"comment_status":"open","ping_status":"closed","template":"","meta":[],"_links":{"self":[{"href":"https:\/\/www.saphy.com\/healthcare-cosmetique\/wp-json\/wp\/v2\/product\/4856"}],"collection":[{"href":"https:\/\/www.saphy.com\/healthcare-cosmetique\/wp-json\/wp\/v2\/product"}],"about":[{"href":"https:\/\/www.saphy.com\/healthcare-cosmetique\/wp-json\/wp\/v2\/types\/product"}],"replies":[{"embeddable":true,"href":"https:\/\/www.saphy.com\/healthcare-cosmetique\/wp-json\/wp\/v2\/comments?post=4856"}],"wp:featuredmedia":[{"embeddable":true,"href":"https:\/\/www.saphy.com\/healthcare-cosmetique\/wp-json\/wp\/v2\/media\/4857"}],"wp:attachment":[{"href":"https:\/\/www.saphy.com\/healthcare-cosmetique\/wp-json\/wp\/v2\/media?parent=4856"}],"curies":[{"name":"wp","href":"https:\/\/api.w.org\/{rel}","templated":true}]}}