{"id":4951,"date":"2021-10-27T13:55:37","date_gmt":"2021-10-27T12:55:37","guid":{"rendered":"https:\/\/www.saphy.com\/healthcare-cosmetique\/?post_type=product&#038;p=4951"},"modified":"2024-09-30T10:59:43","modified_gmt":"2024-09-30T09:59:43","slug":"masque-capillaire-fortifiant-hyalurvedique-methi-maca-cassia-gyada-cosmetics","status":"publish","type":"product","link":"https:\/\/www.saphy.com\/healthcare-cosmetique\/produit\/masque-capillaire-fortifiant-hyalurvedique-methi-maca-cassia-gyada-cosmetics\/","title":{"rendered":"Masque Capillaire Fortifiant Hyalurv\u00e9dique &#8211; Methi, Maca, Cassia Gyada cosmetics"},"content":{"rendered":"<div id=\"product-description-short-145\" class=\"mdf-short-description col-sm-12 no-padding\">\n<p>Masque Capillaire Fortifiant Hyalurv\u00e9dique &#8211; Methi, Maca, Cassia Gyada cosmetics<\/p>\n<p><span>Pour les cheveux fins, fragiles et ayant tendance \u00e0 tomber.\u00a0200 ml<\/span><\/p>\n<\/div>\n<div class=\"product-description\">\n<div class=\"text-product-description\">\n<p>Ce masque capillaire combine les bienfaits des herbes ayurv\u00e9diques avec le\u00a0<strong>Complexe Capillaire 3D<\/strong>\u00a0innovant\u00a0: les mol\u00e9cules d&rsquo;acide hyaluronique \u00e0 faible et haute teneur en PM cr\u00e9ent une barri\u00e8re sur la tige capillaire, r\u00e9duisant les frisottis et hydratant et prot\u00e9geant la fibre capillaire.\u00a0Les extraits de plantes ayurv\u00e9diques sont id\u00e9aux pour donner brillance, d\u00e9m\u00ealage, volume et douceur aux cheveux.<\/p>\n<p>Avec\u00a0<strong>Methi, Maca et Cassia<\/strong>\u00a0(Henn\u00e9 neutre) est id\u00e9al pour les cheveux fins, faibles et \u00e0 tendance \u00e0 tomber, gr\u00e2ce aux propri\u00e9t\u00e9s revigorantes du Methi, riche en vitamines et min\u00e9raux qui aident \u00e0 pr\u00e9venir et combattre la chute des cheveux, et gr\u00e2ce \u00e0 l&rsquo;action stimulante de Maca, riche en acides amin\u00e9s essentiels, qui favorise la croissance en stimulant les follicules pileux.\u00a0Enfin, Cassia renforce la tige capillaire, donnant aux cheveux un aspect sain et lumineux.<\/p>\n<p>Vous\u00a0<strong>tomberez<\/strong>\u00a0sous le\u00a0<strong>charme du Masque Hyalurv\u00e9dique Fortifiant<\/strong>\u00a0d\u00e8s la premi\u00e8re application !<\/p>\n<p>Ils sont un traitement am\u00e9lior\u00e9 capable de donner un r\u00e9sultat professionnel \u00e0 vos cheveux.<\/p>\n<p>Vous allez les adorer parce que :<\/p>\n<p>&#8211; ceci est sp\u00e9cifique \u00e0 un soin fortifiant professionnel ;<\/p>\n<p>&#8211; est un concentr\u00e9 d&rsquo;herbes ayurv\u00e9diques : vous trouverez ici\u00a0<strong>Methi, Maca et Cassia<\/strong>\u00a0;<\/p>\n<p>&#8211; contient le Complexe Capillaire 3D innovant : les mol\u00e9cules d&rsquo;acide hyaluronique \u00e0 faible et haute teneur en PM cr\u00e9ent une barri\u00e8re contre l&rsquo;humidit\u00e9 autour de la tige capillaire, r\u00e9duisant les frisottis tout en hydratant et en prot\u00e9geant la fibre capillaire ;<\/p>\n<p>&#8211; vous sentirez imm\u00e9diatement la diff\u00e9rence par rapport \u00e0 un masque capillaire habituel ;<\/p>\n<p>&#8211; c&rsquo;est id\u00e9al pour les cheveux trait\u00e9s et color\u00e9s<\/p>\n<p>&#8211; la formule est enti\u00e8rement naturelle et certifi\u00e9e Biologique par l&rsquo;\u00a0<strong>AIAB<\/strong>\u00a0;<\/p>\n<p>&#8211; il est formul\u00e9 sans alcool, sans colorants ni conservateurs, sans parabens, sans silicones ni vaseline.\u00a0Il est \u00e9galement\u00a0<strong>VEGAN, CRUELTY FREE et NICKEL TESTED<\/strong>\u00a0.<\/p>\n<p>Comment l&rsquo;utiliser?<\/p>\n<p>Nous vous recommandons d&rsquo;utiliser le Masque avant le shampooing, 1 \u00e0 2 fois par semaine et de le laisser poser au moins 30 minutes.<\/p>\n<p>Alternativement, il peut \u00eatre appliqu\u00e9 apr\u00e8s le shampooing.<\/p>\n<p>Ingr\u00e9dients:<\/p>\n<p><span>Jus de feuille d&rsquo;Aloe barbadensis (*), Alcool c\u00e9t\u00e9arylique, Aqua, Behenamidopropyl dimethylamine, Propanediol, Acide lactique, Glyc\u00e9rine, Extrait de feuille de Cassia italica, Extrait de racine de Lepidium meyenii, Chlorure d&rsquo;hydroxypropyltrimonium de Guar, Beurre de graine d&rsquo;Astrocaryum murumuru, Extrait de graine de Trigonella foenum-graecum, Butyrospermum beurre de parkii (*), Acide hyaluronique hydrolys\u00e9, Hyaluronate de sodium, Tocoph\u00e9rol, Parfum, Panth\u00e9nol, Alcool benzylique, Limon\u00e8ne, Diac\u00e9tate de glutamate t\u00e9trasodique, Ethylhexylglyc\u00e9rine, L\u00e9cithine, Acide citrique, Maltodextrine, Palmitate d&rsquo;ascorbyle, Ph\u00e9noxy\u00e9thanol, Silice, Linassium, benzoate de sodium sorbate, Citral.<\/span><\/p>\n<p><span>(*) issus de l&rsquo;agriculture biologique<\/span><\/p>\n<\/div>\n<\/div>\n","protected":false},"excerpt":{"rendered":"<p>Masque Capillaire Fortifiant Hyalurv\u00e9dique &#8211; Methi, Maca, Cassia Gyada cosmetics Pour les cheveux fins, fragiles et ayant tendance \u00e0 tomber.\u00a0200 ml Ce masque capillaire combine les bienfaits des herbes ayurv\u00e9diques avec le\u00a0Complexe Capillaire 3D\u00a0innovant\u00a0: les mol\u00e9cules d&rsquo;acide hyaluronique \u00e0 faible et haute teneur en PM cr\u00e9ent une barri\u00e8re sur la tige capillaire, r\u00e9duisant les frisottis [&hellip;]<\/p>\n","protected":false},"featured_media":4952,"comment_status":"open","ping_status":"closed","template":"","meta":[],"_links":{"self":[{"href":"https:\/\/www.saphy.com\/healthcare-cosmetique\/wp-json\/wp\/v2\/product\/4951"}],"collection":[{"href":"https:\/\/www.saphy.com\/healthcare-cosmetique\/wp-json\/wp\/v2\/product"}],"about":[{"href":"https:\/\/www.saphy.com\/healthcare-cosmetique\/wp-json\/wp\/v2\/types\/product"}],"replies":[{"embeddable":true,"href":"https:\/\/www.saphy.com\/healthcare-cosmetique\/wp-json\/wp\/v2\/comments?post=4951"}],"wp:featuredmedia":[{"embeddable":true,"href":"https:\/\/www.saphy.com\/healthcare-cosmetique\/wp-json\/wp\/v2\/media\/4952"}],"wp:attachment":[{"href":"https:\/\/www.saphy.com\/healthcare-cosmetique\/wp-json\/wp\/v2\/media?parent=4951"}],"curies":[{"name":"wp","href":"https:\/\/api.w.org\/{rel}","templated":true}]}}