{"id":4960,"date":"2021-10-29T10:02:02","date_gmt":"2021-10-29T09:02:02","guid":{"rendered":"https:\/\/www.saphy.com\/healthcare-cosmetique\/?post_type=product&#038;p=4960"},"modified":"2021-10-29T10:02:02","modified_gmt":"2021-10-29T09:02:02","slug":"lavage-gommage-fortifiant-a-la-spiruline-gyada-cosmetics","status":"publish","type":"product","link":"https:\/\/www.saphy.com\/healthcare-cosmetique\/produit\/lavage-gommage-fortifiant-a-la-spiruline-gyada-cosmetics\/","title":{"rendered":"Lavage &#038; Gommage Fortifiant \u00c0 La Spiruline gyada cosmetics"},"content":{"rendered":"<p>Lavage &amp; Gommage Fortifiant \u00c0 La Spiruline gyada cosmetics<\/p>\n<p><span>Un gommage lavant \u00e0 la texture riche et onctueuse ;\u00a0les micro-granules v\u00e9g\u00e9taux de noisettes et d&rsquo;amandes permettent \u00e0 la fois une exfoliation douce et un nettoyage d\u00e9licat de la peau et des longueurs sans utilisation de tensioactifs et d&rsquo;agents moussants.<\/span><\/p>\n<p><span>Id\u00e9al pour stimuler la microcirculation cutan\u00e9e et pour un lavage ultra d\u00e9licat, notamment en cas de shampooings fr\u00e9quents.\u00a0Il contient de la Spiruline (riche en Vitamines, Acides Amin\u00e9s et min\u00e9raux) et des extraits v\u00e9g\u00e9taux d&rsquo;Avoine, Pr\u00eale, Ginseng, Thym et Lavande qui favorisent l&rsquo;\u00e9limination des impuret\u00e9s de la peau et restaurent l&rsquo;\u00e9quilibre hydro-lipidique naturel, le rendant appropri\u00e9 \u00e0 la fois cuirs chevelus secs et gras.<\/span><\/p>\n<p>Pour qui ?<\/p>\n<p>Pour celles qui recherchent un produit 2 en 1 pour nettoyer les cheveux en douceur et avec une action Renfor\u00e7ante et Restructurante.<\/p>\n<p><span>Vous allez l&rsquo;adorer parce que :<\/span><\/p>\n<p><span>&#8211; c&rsquo;est un produit 2en1 : c&rsquo;est un gommage lavant \u00e0 la texture onctueuse qui permet \u00e0 la fois une exfoliation douce de la peau gr\u00e2ce aux micro-granules v\u00e9g\u00e9taux de noisettes et d&rsquo;amandes et un nettoyage en douceur de la peau et des longueurs sans utilisation de tensioactifs moussants ;<\/span><\/p>\n<p><span>&#8211; comme tous les produits de la \u00ab\u00a0Collection Spiruline\u00a0\u00bb, il contient\u00a0\u00a0<\/span><strong><span>un m\u00e9lange de<\/span><\/strong><span>\u00a0\u00a0substances\u00a0<strong>fonctionnelles sp\u00e9cifiques<\/strong>\u00a0pour renforcer les cheveux \u00e0 base de :<\/span><\/p>\n<p><strong><span>SPIRULINE<\/span><\/strong><span>\u00a0: microalgue riche en vitamines, acides amin\u00e9s essentiels, sels min\u00e9raux (magn\u00e9sium, potassium, phosphore) et oligo-\u00e9l\u00e9ments (fer, cuivre, mangan\u00e8se) indispensables \u00e0 la croissance de nos cheveux ;<\/span><\/p>\n<p><strong><span>AVOINE<\/span><\/strong><span>\u00a0: poss\u00e8de des propri\u00e9t\u00e9s hydratantes et adoucissantes, renforce la fibre capillaire et apaise le cuir chevelu ;<\/span><\/p>\n<p><strong><span>GINSENG<\/span><\/strong><span>\u00a0: favorise la circulation sanguine dans le cuir chevelu et l&rsquo;apport nutritionnel aux follicules pileux, stimulant ainsi la repousse des cheveux ;<\/span><\/p>\n<p><strong><span>EQUISETO<\/span><\/strong><span>\u00a0: tr\u00e8s riche en sels min\u00e9raux qui pr\u00e9viennent la chute des cheveux et favorisent leur repousse ;<\/span><\/p>\n<p><strong><span>ARGININE ET VALINE<\/span><\/strong><span>\u00a0: acides amin\u00e9s fondamentaux pour la pousse des cheveux ;<\/span><\/p>\n<p><strong><span>NIACINAMIDE<\/span><\/strong><span>\u00a0: c&rsquo;est la Vitamine PP, fondamentale pour son action antioxydante, revitalisante et s\u00e9bor\u00e9gulatrice.\u00a0Aide \u00e0 r\u00e9duire la chute des cheveux;<\/span><\/p>\n<p><strong><span>PROT\u00c9INES HYDROLYS\u00c9ES DE BL\u00c9 ET DE SOJA<\/span><\/strong><span>\u00a0: elles ont une action filmog\u00e8ne et protectrice sur la tige capillaire ;<\/span><\/p>\n<p><span>&#8211; la formule est enti\u00e8rement naturelle et\u00a0\u00a0<\/span><strong><span>certifi\u00e9e Biologique<\/span><\/strong><span>\u00a0\u00a0par l&rsquo;\u00a0\u00a0<\/span><strong><span>AIAB<\/span><\/strong><span>\u00a0;<\/span><\/p>\n<p><span>&#8211; il est formul\u00e9 sans alcool, sans colorants ni conservateurs, sans parabens, sans silicones ni vaseline.\u00a0Il est \u00e9galement\u00a0\u00a0<\/span><strong><span>VEGAN, CRUELTY FREE et NICKEL\u00a0<\/span><\/strong>\u00a0<strong><span>TESTED<\/span><\/strong><span>\u00a0.<\/span><\/p>\n<p>Comment utiliser ?<\/p>\n<p><span>R\u00e9partir le produit sur cuir chevelu et longueurs humides avant ou apr\u00e8s le shampooing (ou en remplacement de celui-ci).<\/span><\/p>\n<p><span>Masser quelques minutes puis \u00e9mulsionner avec de l&rsquo;eau.<\/span><\/p>\n<p><span>R\u00e9p\u00e9tez cette \u00e9tape, si n\u00e9cessaire.\u00a0Rincez abondamment.<\/span><\/p>\n<p>Ingr\u00e9dients:<\/p>\n<p><span>Aqua, Alcool myristylique, Huile de Cocos nucifera (*), Poudre de coquille de Corylus avellana, Poudre de coquille de Prunus amygdalus dulcis, Alcool c\u00e9tylique, Huile de Linum usitatissimum (*), Huile de Persea gratissima, Jus de feuille d&rsquo;Aloe barbadensis (*), Behenamidopropyl dimethylamine, Glyc\u00e9rine, Huile de Sesamum indicum (*), extrait de fleur de Lavandula hybrida (*), extrait d&rsquo;herbe de Thymus capitatus (*), beurre de Butyrospermum parkii (*), huile de Simmondsia chinensis, poudre de Spirulina maxima, extrait de feuille\/tige d&rsquo;Avena sativa (*), Panax ginseng Extrait de racine (*), Extrait d&rsquo;Equisetum arvense (*), Prot\u00e9ine de bl\u00e9 hydrolys\u00e9e, Prot\u00e9ine de glycine soja, Niacinamide, Arginine HCl, Valine, Ac\u00e9tate de tocoph\u00e9ryle, Sodium PCA, Acide lactique, Acide citrique, Gomme xanthane, Diac\u00e9tate de glutamate de t\u00e9trasodium, Chlorure de guar hydroxypropyltrimonium , Benzoate de sodium, Alcool benzylique, Sorbate de potassium, Parfum.<\/span><\/p>\n<p><span>(*) issu de l&rsquo;Agriculture Biologique<\/span><\/p>\n","protected":false},"excerpt":{"rendered":"<p>Lavage &amp; Gommage Fortifiant \u00c0 La Spiruline gyada cosmetics Un gommage lavant \u00e0 la texture riche et onctueuse ;\u00a0les micro-granules v\u00e9g\u00e9taux de noisettes et d&rsquo;amandes permettent \u00e0 la fois une exfoliation douce et un nettoyage d\u00e9licat de la peau et des longueurs sans utilisation de tensioactifs et d&rsquo;agents moussants. Id\u00e9al pour stimuler la microcirculation cutan\u00e9e [&hellip;]<\/p>\n","protected":false},"featured_media":4964,"comment_status":"open","ping_status":"closed","template":"","meta":[],"_links":{"self":[{"href":"https:\/\/www.saphy.com\/healthcare-cosmetique\/wp-json\/wp\/v2\/product\/4960"}],"collection":[{"href":"https:\/\/www.saphy.com\/healthcare-cosmetique\/wp-json\/wp\/v2\/product"}],"about":[{"href":"https:\/\/www.saphy.com\/healthcare-cosmetique\/wp-json\/wp\/v2\/types\/product"}],"replies":[{"embeddable":true,"href":"https:\/\/www.saphy.com\/healthcare-cosmetique\/wp-json\/wp\/v2\/comments?post=4960"}],"wp:featuredmedia":[{"embeddable":true,"href":"https:\/\/www.saphy.com\/healthcare-cosmetique\/wp-json\/wp\/v2\/media\/4964"}],"wp:attachment":[{"href":"https:\/\/www.saphy.com\/healthcare-cosmetique\/wp-json\/wp\/v2\/media?parent=4960"}],"curies":[{"name":"wp","href":"https:\/\/api.w.org\/{rel}","templated":true}]}}