{"id":4966,"date":"2021-10-29T10:14:04","date_gmt":"2021-10-29T09:14:04","guid":{"rendered":"https:\/\/www.saphy.com\/healthcare-cosmetique\/?post_type=product&#038;p=4966"},"modified":"2021-10-29T10:14:04","modified_gmt":"2021-10-29T09:14:04","slug":"serum-capillaire-fortifiant-a-la-spiruline-gyada-cosmetics","status":"publish","type":"product","link":"https:\/\/www.saphy.com\/healthcare-cosmetique\/produit\/serum-capillaire-fortifiant-a-la-spiruline-gyada-cosmetics\/","title":{"rendered":"S\u00e9rum Capillaire Fortifiant \u00c0 La Spiruline gyada cosmetics"},"content":{"rendered":"<h1 class=\"h1\"><span>S\u00e9rum Capillaire Fortifiant \u00c0 La Spiruline<\/span><\/h1>\n<div id=\"product-description-short-55\" class=\"mdf-short-description col-sm-12 no-padding\">\n<p><span>Un s\u00e9rum sans rin\u00e7age con\u00e7u pour redonner brillance, hydratation et vigueur aux pointes des cheveux.\u00a0125 ml<\/span><\/p>\n<\/div>\n<div class=\"product-description\">\n<div class=\"text-product-description\">\n<p>Contient de la Spiruline (riche en vitamines, acides amin\u00e9s et sels min\u00e9raux), de l&rsquo;avoine, de la pr\u00eale et du ginseng aux propri\u00e9t\u00e9s restructurantes, de l&rsquo;eau citronn\u00e9e \u00e0 l&rsquo;action polissante et des prot\u00e9ines de bl\u00e9 et de soja aux propri\u00e9t\u00e9s hydratantes et filmog\u00e8nes.<\/p>\n<p>Pour qui ?<\/p>\n<p>Pour ceux qui recherchent un s\u00e9rum capillaire sans rin\u00e7age con\u00e7u pour redonner brillance, hydratation et vigueur aux pointes des cheveux<\/p>\n<p>Vous l&rsquo;aimerez parce que :<\/p>\n<p>&#8211; c&rsquo;est un produit sans rin\u00e7age id\u00e9al pour redonner de la force aux cheveux les plus fragiles, stress\u00e9s et clairsem\u00e9s ;<\/p>\n<p>&#8211; vous tomberez imm\u00e9diatement sous le charme de la\u00a0<strong>brillance de<\/strong>\u00a0vos cheveux apr\u00e8s application ;<\/p>\n<p>&#8211; comme tous les produits de la ligne Renforcement \u00e0 la Spiruline, il contient un m\u00e9lange de substances fonctionnelles sp\u00e9cifiques pour renforcer le cheveu et lutter contre sa chute \u00e0 base de :<\/p>\n<p><strong>SPIRULINE<\/strong>\u00a0: microalgue tr\u00e8s riche en vitamines, acides amin\u00e9s essentiels, sels min\u00e9raux (magn\u00e9sium, potassium, phosphore) et oligo-\u00e9l\u00e9ments (fer, cuivre, mangan\u00e8se) indispensables \u00e0 la croissance de nos cheveux ;<\/p>\n<p><strong>AVOINE<\/strong>\u00a0: poss\u00e8de des propri\u00e9t\u00e9s hydratantes et adoucissantes, renforce la fibre capillaire et apaise le cuir chevelu ;<\/p>\n<p><strong>GINSENG<\/strong>\u00a0: favorise la circulation sanguine dans le cuir chevelu et l&rsquo;apport nutritionnel aux follicules pileux, stimulant ainsi la repousse des cheveux ;<\/p>\n<p><strong>EQUISETO<\/strong>\u00a0: riche en sels min\u00e9raux qui pr\u00e9viennent la chute des cheveux et favorisent leur repousse ;<\/p>\n<p><strong>ARGININE ET VALINE<\/strong>\u00a0: acides amin\u00e9s essentiels \u00e0 la pousse des cheveux ;<\/p>\n<p><strong>NIACINAMIDE<\/strong>\u00a0: Vitamine PP, essentielle pour son action antioxydante, revitalisante et s\u00e9bor\u00e9gulatrice.\u00a0Aide \u00e0 r\u00e9duire la perte de cheveux;<\/p>\n<p><strong>PROT\u00c9INES DE BL\u00c9 ET DE SOJA HYDROLYS\u00c9ES<\/strong>\u00a0: elles ont une action filmog\u00e8ne et protectrice sur la tige du cheveu ;<\/p>\n<p>&#8211; la formule est enti\u00e8rement naturelle et certifi\u00e9e\u00a0\u00a0<strong>BIO<\/strong>\u00a0\u00a0par\u00a0\u00a0<strong>AIAB<\/strong>\u00a0;<\/p>\n<p><span class=\"a-list-item\">&#8211; il est formul\u00e9 sans alcool, sans colorants ni conservateurs, sans parabens, sans silicones ni vaseline.\u00a0Il est \u00e9galement\u00a0\u00a0<strong>VEGAN, CRUELTY FREE\u00a0<\/strong><strong>et NICKEL TESTED<\/strong><\/span><\/p>\n<p>Comment l&rsquo;utiliser ?<\/p>\n<p>Appliquer sur cheveux humides et essor\u00e9s et proc\u00e9der au s\u00e9chage.<\/p>\n<p>Pour renforcer l&rsquo;action fortifiante, il est recommand\u00e9 de l&rsquo;utiliser en combinaison avec les autres produits de la m\u00eame ligne Gyada Cosmetics.<\/p>\n<p>Ingredients :<\/p>\n<p><span>Aqua, Glyc\u00e9rine, Alcool st\u00e9arylique, Eau d&rsquo;\u00e9corce de citron vert, Alcool c\u00e9tylique, Jus de feuille d&rsquo;Aloe barbadensis (*), Behenamidopropyl dimethylamine, Dist\u00e9aroylethyl hydroxyethylmonium methosulfate, Extrait de racine de Panax ginseng (*), Extrait de feuille \/ tige d&rsquo;Avena sativa (*), Equisetum arvense extrait (*), Poudre de Spirulina maxima, Extrait de graines de Linum usitatissimum (*), Prot\u00e9ine de glycine soja, Prot\u00e9ine de bl\u00e9 hydrolys\u00e9e, Niacinamide, Arginine HCl, Valine, Ac\u00e9tate de tocoph\u00e9ryle, Alcool c\u00e9t\u00e9arylique, Chlorure de guar hydroxypropyltrimonium, Sodium PCA, Sorbate de potassium, Glutate de t\u00e9trasodium diac\u00e9tate, d\u00e9hydroac\u00e9tate de sodium, benzoate de sodium, alcool benzylique, parfum, acide citrique, acide lactique.<\/span><\/p>\n<p><span>(*) issu de l&rsquo;Agriculture Biologique<\/span><\/p>\n<\/div>\n<\/div>\n","protected":false},"excerpt":{"rendered":"<p>S\u00e9rum Capillaire Fortifiant \u00c0 La Spiruline Un s\u00e9rum sans rin\u00e7age con\u00e7u pour redonner brillance, hydratation et vigueur aux pointes des cheveux.\u00a0125 ml Contient de la Spiruline (riche en vitamines, acides amin\u00e9s et sels min\u00e9raux), de l&rsquo;avoine, de la pr\u00eale et du ginseng aux propri\u00e9t\u00e9s restructurantes, de l&rsquo;eau citronn\u00e9e \u00e0 l&rsquo;action polissante et des prot\u00e9ines de [&hellip;]<\/p>\n","protected":false},"featured_media":4969,"comment_status":"open","ping_status":"closed","template":"","meta":[],"_links":{"self":[{"href":"https:\/\/www.saphy.com\/healthcare-cosmetique\/wp-json\/wp\/v2\/product\/4966"}],"collection":[{"href":"https:\/\/www.saphy.com\/healthcare-cosmetique\/wp-json\/wp\/v2\/product"}],"about":[{"href":"https:\/\/www.saphy.com\/healthcare-cosmetique\/wp-json\/wp\/v2\/types\/product"}],"replies":[{"embeddable":true,"href":"https:\/\/www.saphy.com\/healthcare-cosmetique\/wp-json\/wp\/v2\/comments?post=4966"}],"wp:featuredmedia":[{"embeddable":true,"href":"https:\/\/www.saphy.com\/healthcare-cosmetique\/wp-json\/wp\/v2\/media\/4969"}],"wp:attachment":[{"href":"https:\/\/www.saphy.com\/healthcare-cosmetique\/wp-json\/wp\/v2\/media?parent=4966"}],"curies":[{"name":"wp","href":"https:\/\/api.w.org\/{rel}","templated":true}]}}