{"id":4978,"date":"2021-10-29T11:14:06","date_gmt":"2021-10-29T10:14:06","guid":{"rendered":"https:\/\/www.saphy.com\/healthcare-cosmetique\/?post_type=product&#038;p=4978"},"modified":"2021-10-29T11:14:06","modified_gmt":"2021-10-29T10:14:06","slug":"masque-tissu-hyalurvedique-effet-vapeur-purifiant-sebo-equilibrant-detoxifiant-gyada-cosmetics","status":"publish","type":"product","link":"https:\/\/www.saphy.com\/healthcare-cosmetique\/produit\/masque-tissu-hyalurvedique-effet-vapeur-purifiant-sebo-equilibrant-detoxifiant-gyada-cosmetics\/","title":{"rendered":"Masque Tissu Hyalurv\u00e9dique Effet Vapeur Purifiant &#8211; S\u00e9bo-\u00c9quilibrant &#8211; D\u00e9toxifiant gyada cosmetics"},"content":{"rendered":"<p>Masque Tissu Hyalurv\u00e9dique Effet Vapeur Purifiant &#8211; S\u00e9bo-\u00c9quilibrant &#8211; D\u00e9toxifiant gyada cosmetics<\/p>\n<div id=\"product-description-short-103\" class=\"mdf-short-description col-sm-12 no-padding\">\n<p><span>Masque capillaire aux herbes ayurv\u00e9diques et \u00e0 l&rsquo;acide hyaluronique.<\/span><\/p>\n<\/div>\n<div class=\"product-description\">\n<div class=\"text-product-description\">\n<p>Le masque capillaire hyalurv\u00e9dique est un traitement am\u00e9lior\u00e9 capable de donner un r\u00e9sultat professionnel ;\u00a0le capuchon sp\u00e9cial \u00e0 effet vapeur d\u00e9veloppe la chaleur, favorisant l&rsquo;absorption de ses principes actifs dans la fibre capillaire.<\/p>\n<p>Ce masque capillaire combine les bienfaits des herbes ayurv\u00e9diques avec le Complexe Capillaire 3D innovant : les mol\u00e9cules d&rsquo;acide hyaluronique \u00e0 faible et haute teneur en PM cr\u00e9ent une barri\u00e8re sur la tige capillaire, r\u00e9duisant les frisottis et hydratant et prot\u00e9geant la fibre capillaire.\u00a0Les extraits de plantes ayurv\u00e9diques sont id\u00e9aux pour donner brillance, d\u00e9m\u00ealage, volume et douceur aux cheveux.<\/p>\n<p>Au Neem, Moringa et Cassia (Henn\u00e9 neutre) est id\u00e9al pour les cheveux gras, fins et ab\u00eem\u00e9s, gr\u00e2ce aux propri\u00e9t\u00e9s purifiantes et s\u00e9bor\u00e9gulatrices du Neem (utile pour contrer les pellicules) et gr\u00e2ce \u00e0 l&rsquo;action d\u00e9toxifiante du Moringa sur le cuir chevelu.\u00a0Enrichi en extrait de Poivre de Chine aux propri\u00e9t\u00e9s calmantes, il est utile pour apaiser m\u00eame les cuirs chevelus les plus sensibles.\u00a0Enfin, Cassia renforce la tige capillaire, donnant aux cheveux un aspect sain et lumineux.<\/p>\n<p>Pour ceux qui recherchent un traitement capillaire am\u00e9lior\u00e9 et professionnel \u00e0 domicile comme chez le coiffeur.<\/p>\n<p>Vous tomberez sous le charme des Masques Feuilles Gyada d\u00e8s la\u00a0\u00a0<strong>premi\u00e8re application<\/strong>\u00a0!<\/p>\n<p>Ils sont un traitement am\u00e9lior\u00e9 capable de donner un\u00a0\u00a0\u00a0r\u00e9sultat\u00a0<strong>professionnel<\/strong>\u00a0\u00e0 vos cheveux.<\/p>\n<p>Vous allez les adorer parce que :<\/p>\n<p>&#8211; ceci est sp\u00e9cifique \u00e0 un\u00a0soin\u00a0<strong>Purifiant\u00a0<\/strong>\u00a0professionnel\u00a0\u00a0;<\/p>\n<p>&#8211; est un concentr\u00e9 d&rsquo;\u00a0\u00a0\u00a0herbes\u00a0<strong>ayurv\u00e9diques<\/strong>\u00a0: vous y trouverez du Neem, du Moringa et de la Cassia ;<\/p>\n<p>&#8211; contient le\u00a0<strong>Complexe Capillaire 3D<\/strong>\u00a0innovant\u00a0\u00a0: les mol\u00e9cules d&rsquo;acide hyaluronique \u00e0 faible et haute teneur en PM cr\u00e9ent une barri\u00e8re contre l&rsquo;humidit\u00e9 autour de la tige capillaire, r\u00e9duisant les frisottis tout en hydratant et en prot\u00e9geant la fibre capillaire.<\/p>\n<p>&#8211; en 15\/30 minutes vous b\u00e9n\u00e9ficierez d&rsquo;un soin professionnel \u00e0 domicile comme chez le\u00a0\u00a0<strong>coiffeur<\/strong>\u00a0;<\/p>\n<p>&#8211; le capuchon sp\u00e9cial \u00e0 effet thermique d\u00e9veloppe de la\u00a0\u00a0<strong>chaleur<\/strong>\u00a0\u00a0lors de l&rsquo;application du masque, cr\u00e9ant un\u00a0\u00a0\u00a0environnement\u00a0<strong>humide-vapeur<\/strong>\u00a0qui favorise l&rsquo;absorption de ses principes actifs dans la fibre capillaire ;<\/p>\n<p>&#8211;\u00a0\u00a0<strong>PAS DE D\u00c9CHETS :<\/strong>\u00a0\u00a0Bonnet\u00a0\u00a0facilement\u00a0\u00a0<strong>lavable<\/strong>\u00a0\u00a0et\u00a0\u00a0<strong>r\u00e9utilisable<\/strong>\u00a0\u00e0 utiliser pour am\u00e9liorer l&rsquo;application de vos autres masques capillaires pr\u00e9f\u00e9r\u00e9s.<\/p>\n<p>&#8211; le capuchon est facilement lavable \u00e0 l&rsquo;\u00a0\u00a0<strong>eau<\/strong>\u00a0;<\/p>\n<p>&#8211; vous sentirez imm\u00e9diatement la\u00a0\u00a0<strong>diff\u00e9rence<\/strong>\u00a0\u00a0par rapport \u00e0 un masque capillaire habituel ;<\/p>\n<p>&#8211; la formule est enti\u00e8rement naturelle et\u00a0\u00a0<strong>certifi\u00e9e Biologique<\/strong>\u00a0\u00a0par l&rsquo;\u00a0\u00a0<strong>AIAB<\/strong>\u00a0;<\/p>\n<p>&#8211; il est formul\u00e9 sans alcool, sans colorants ni conservateurs, sans parabens, sans silicones ni vaseline.\u00a0Il est \u00e9galement\u00a0\u00a0<strong>VEGAN, CRUELTY FREE et NICKEL TESTED.<\/strong><\/p>\n<p>Comment utiliser?<\/p>\n<p>Suivez ces 5 \u00e9tapes simples pour appliquer au mieux le masque capillaire Gyada :<\/p>\n<p><strong>&#8211; \u00c9tape 1:\u00a0<\/strong><\/p>\n<p><img decoding=\"async\" loading=\"lazy\" src=\"https:\/\/gyadacosmetics.com\/img\/cms\/step1.jpg\" alt=\"\" width=\"100\" height=\"100\" \/><\/p>\n<p>Apr\u00e8s le shampooing, les cheveux mouill\u00e9s et essor\u00e9s, appliquez le bonnet avec la fermeture sur le front.\u00a0Retirez l&rsquo;adh\u00e9sif de la languette et fermez fermement sur le front pour am\u00e9liorer le d\u00e9veloppement de la chaleur.<\/p>\n<p><strong>&#8211; \u00c9tape 2:\u00a0<\/strong><\/p>\n<p><img decoding=\"async\" loading=\"lazy\" src=\"https:\/\/gyadacosmetics.com\/img\/cms\/step2.jpg\" alt=\"\" width=\"100\" height=\"100\" \/><\/p>\n<p>Massez doucement les cheveux pour r\u00e9partir le masque sur l&rsquo;ensemble de la chevelure.<\/p>\n<p><strong>&#8211; \u00c9tape 3:\u00a0<\/strong><\/p>\n<p><img decoding=\"async\" loading=\"lazy\" src=\"https:\/\/gyadacosmetics.com\/img\/cms\/step3.jpg\" alt=\"\" width=\"100\" height=\"100\" \/><\/p>\n<p>Laisser agir 15 minutes.<\/p>\n<p>Il est recommand\u00e9 de laisser le Masque encore plus longtemps : entre 15 et 30 minutes.<\/p>\n<p><strong>&#8211; \u00c9tape 4:\u00a0<\/strong><\/p>\n<p><img decoding=\"async\" loading=\"lazy\" src=\"https:\/\/gyadacosmetics.com\/img\/cms\/step4.jpg\" alt=\"\" width=\"100\" height=\"100\" \/><\/p>\n<p>Retirez le capuchon, rincez et proc\u00e9dez au coiffage.<\/p>\n<p><strong>&#8211; \u00c9tape 5 :\u00a0<\/strong><\/p>\n<p><img decoding=\"async\" loading=\"lazy\" src=\"https:\/\/gyadacosmetics.com\/img\/cms\/step5.jpg\" alt=\"\" width=\"100\" height=\"100\" \/><\/p>\n<p>Les cheveux para\u00eetront plus sains et revigor\u00e9s.\u00a0<strong>Appr\u00e9ciez le r\u00e9sultat !<\/strong><\/p>\n<p>Apr\u00e8s application, ne jetez pas le capuchon !\u00a0Lavez-le \u00e0 l&rsquo;eau ti\u00e8de et laissez-le s\u00e9cher.\u00a0Vous pouvez le r\u00e9utiliser plus tard avec d&rsquo;autres masques capillaires pour profiter de son effet Thermo-Steam<\/p>\n<p>Ingr\u00e9dients:<\/p>\n<p><span>us de feuille d&rsquo;Aloe barbadensis (*), Aqua, Behenamidopropyl dimethylamine, Cetearyl Alcohol, Propanediol, Lactic acid, Parfum, Glycerin, Cassia italica leaf extract, Borago officinalis seed oil, Guar hydroxypropyltrimonium Chlorure, Butyrospermum parkii butter (*), Melia azadirachta seed oil , Extrait de graines de Moringa oleifera, Extrait de fruit de Zanthoxylum bungeanum, Acide hyaluronique hydrolys\u00e9, Hyaluronate de sodium, Palmitate d&rsquo;ascorbyle, Tocoph\u00e9rol, Sorbitol, L\u00e9cithine, Alcool benzylique, Alcool ol\u00e9ique, Diac\u00e9tate de glutamate t\u00e9trasodique, Ethylhexylglyc\u00e9rine, Acide citrique, Citrique, Limonoltron Ph\u00e9noxy\u00e9thanol, Benzoate de sodium, Sorbate de potassium, Phosphate disodique.<\/span><\/p>\n<p><span>(*) issu de l&rsquo;Agriculture Biologique<\/span><\/p>\n<\/div>\n<\/div>\n","protected":false},"excerpt":{"rendered":"<p>Masque Tissu Hyalurv\u00e9dique Effet Vapeur Purifiant &#8211; S\u00e9bo-\u00c9quilibrant &#8211; D\u00e9toxifiant gyada cosmetics Masque capillaire aux herbes ayurv\u00e9diques et \u00e0 l&rsquo;acide hyaluronique. Le masque capillaire hyalurv\u00e9dique est un traitement am\u00e9lior\u00e9 capable de donner un r\u00e9sultat professionnel ;\u00a0le capuchon sp\u00e9cial \u00e0 effet vapeur d\u00e9veloppe la chaleur, favorisant l&rsquo;absorption de ses principes actifs dans la fibre capillaire. Ce [&hellip;]<\/p>\n","protected":false},"featured_media":4985,"comment_status":"open","ping_status":"closed","template":"","meta":[],"_links":{"self":[{"href":"https:\/\/www.saphy.com\/healthcare-cosmetique\/wp-json\/wp\/v2\/product\/4978"}],"collection":[{"href":"https:\/\/www.saphy.com\/healthcare-cosmetique\/wp-json\/wp\/v2\/product"}],"about":[{"href":"https:\/\/www.saphy.com\/healthcare-cosmetique\/wp-json\/wp\/v2\/types\/product"}],"replies":[{"embeddable":true,"href":"https:\/\/www.saphy.com\/healthcare-cosmetique\/wp-json\/wp\/v2\/comments?post=4978"}],"wp:featuredmedia":[{"embeddable":true,"href":"https:\/\/www.saphy.com\/healthcare-cosmetique\/wp-json\/wp\/v2\/media\/4985"}],"wp:attachment":[{"href":"https:\/\/www.saphy.com\/healthcare-cosmetique\/wp-json\/wp\/v2\/media?parent=4978"}],"curies":[{"name":"wp","href":"https:\/\/api.w.org\/{rel}","templated":true}]}}