{"id":5000,"date":"2021-10-29T13:38:22","date_gmt":"2021-10-29T12:38:22","guid":{"rendered":"https:\/\/www.saphy.com\/healthcare-cosmetique\/?post_type=product&#038;p=5000"},"modified":"2024-04-02T10:04:53","modified_gmt":"2024-04-02T09:04:53","slug":"nettoyant-visage-neem-tea-tree-150ml-ayumi","status":"publish","type":"product","link":"https:\/\/www.saphy.com\/healthcare-cosmetique\/produit\/nettoyant-visage-neem-tea-tree-150ml-ayumi\/","title":{"rendered":"Nettoyant Visage Neem &#038; Tea Tree 150ml AYUMI"},"content":{"rendered":"<p>Nettoyant Visage Neem &amp; Tea Tree 150ml AYUMI<\/p>\n<p>Nettoie la peau des impuret\u00e9s pour aider \u00e0 pr\u00e9venir les \u00e9ruptions cutan\u00e9es et les imperfections.\u00a0Les huiles de Neem, Romarin, Eucalyptus et Tea Tree Bio connues pour leurs qualit\u00e9s antibact\u00e9riennes et \u00e9quilibrantes aident \u00e0 prot\u00e9ger la peau des \u00e9ventuels dommages externes.\u00a0Un m\u00e9lange d&rsquo;huiles de menthe poivr\u00e9e, d&rsquo;orange et de citron tonifie, tonifie et dynamise la peau et les sens avec une explosion de fra\u00eecheur piquante.<\/p>\n<div class=\"col\">\n<h3 class=\"margin-none\"><span>Actifs cl\u00e9s<\/span><\/h3>\n<ul class=\"padding-none is-unstyled\">\n<li><span>Extrait d&rsquo;Ortie<\/span><\/li>\n<li><span>Extrait de citron<\/span><\/li>\n<li><span>Extrait d&rsquo;hamam\u00e9lis<\/span><\/li>\n<li><span>Extrait de Zeste d&rsquo;Orange<\/span><\/li>\n<\/ul>\n<\/div>\n<div class=\"col\">\n<h3 class=\"margin-none\"><span>Huiles essentielles<\/span><\/h3>\n<ul class=\"padding-none is-unstyled\">\n<li><span>Huile d&rsquo;arbre \u00e0 th\u00e9 biologique<\/span><\/li>\n<li><span>Huile de Moringa<\/span><\/li>\n<li><span>Huile de menthe poivr\u00e9e<\/span><\/li>\n<li><span>L&rsquo;huile de romarin<\/span><\/li>\n<li><span>Huile d&rsquo;eucaluptus<\/span><\/li>\n<li><span>Huile de lavande<\/span><\/li>\n<\/ul>\n<\/div>\n<div class=\"col full-ingredients\">\n<h3 class=\"margin-none\">Ingr\u00e9dients complets<\/h3>\n<p>Aqua (Eau), Cocamidopropyl Betaine, Lauryl Glucoside, Disodium Laureth Sulfosuccinate, Chlorure de Sodium, Isostearamide MIPA, Coco-Glucoside, Glyceryl Oleate, Glyceryl Laurate, Polyacrylate Crosspolymer-6, Hydroxypropyl Guar Hydroxypropyltrimonium Chloride), Acide Citrique, Lavandula Angustula , Huile de feuille de Mentha Arvensis (Menthe poivr\u00e9e), Glyc\u00e9rine*, Huile de feuille d&rsquo;Eucalyptus Globulus, Huile de graines de Moringa Oleifera (Moringa), Eau d&rsquo;Hamamelis Virginiana (Hamam\u00e9lis), Huile de feuille de Melaleuca Alternifolia (Arbre \u00e0 th\u00e9) ***, Rosmarinus Officinalis (Romarin) Huile de feuille, huile de graine d&rsquo;Azadirachta Indica (neem), alcool, extrait de zeste de Citrus Aurantium Dulcis (orange), extrait de citron Limon (citron), extrait de feuille d&rsquo;Urtica Dioica (ortie), benzoate de sodium, ph\u00e9noxy\u00e9thanol, sorbate de potassium, linalol **, Limon\u00e8ne **.<br \/>\n*Origine V\u00e9g\u00e9tale, ** Naturellement d\u00e9riv\u00e9 d&rsquo;huiles essentielles, *** Biologique<\/p>\n<h3 class=\"margin-none\"><span>Comment utiliser<\/span><\/h3>\n<p class=\"margin-bottom-none\"><span>Appliquer le nettoyant pour le visage Neem &amp; Tea Tree sur la peau humide et masser en mouvements circulaires.\u00a0Rincez \u00e0 l&rsquo;eau ti\u00e8de et r\u00e9p\u00e9tez le processus de nettoyage pour de meilleurs r\u00e9sultats.\u00a0A utiliser matin et soir.<\/span><\/p>\n<\/div>\n","protected":false},"excerpt":{"rendered":"<p>Nettoyant Visage Neem &amp; Tea Tree 150ml AYUMI Nettoie la peau des impuret\u00e9s pour aider \u00e0 pr\u00e9venir les \u00e9ruptions cutan\u00e9es et les imperfections.\u00a0Les huiles de Neem, Romarin, Eucalyptus et Tea Tree Bio connues pour leurs qualit\u00e9s antibact\u00e9riennes et \u00e9quilibrantes aident \u00e0 prot\u00e9ger la peau des \u00e9ventuels dommages externes.\u00a0Un m\u00e9lange d&rsquo;huiles de menthe poivr\u00e9e, d&rsquo;orange et [&hellip;]<\/p>\n","protected":false},"featured_media":5001,"comment_status":"open","ping_status":"closed","template":"","meta":[],"_links":{"self":[{"href":"https:\/\/www.saphy.com\/healthcare-cosmetique\/wp-json\/wp\/v2\/product\/5000"}],"collection":[{"href":"https:\/\/www.saphy.com\/healthcare-cosmetique\/wp-json\/wp\/v2\/product"}],"about":[{"href":"https:\/\/www.saphy.com\/healthcare-cosmetique\/wp-json\/wp\/v2\/types\/product"}],"replies":[{"embeddable":true,"href":"https:\/\/www.saphy.com\/healthcare-cosmetique\/wp-json\/wp\/v2\/comments?post=5000"}],"wp:featuredmedia":[{"embeddable":true,"href":"https:\/\/www.saphy.com\/healthcare-cosmetique\/wp-json\/wp\/v2\/media\/5001"}],"wp:attachment":[{"href":"https:\/\/www.saphy.com\/healthcare-cosmetique\/wp-json\/wp\/v2\/media?parent=5000"}],"curies":[{"name":"wp","href":"https:\/\/api.w.org\/{rel}","templated":true}]}}