{"id":5002,"date":"2021-10-29T13:42:58","date_gmt":"2021-10-29T12:42:58","guid":{"rendered":"https:\/\/www.saphy.com\/healthcare-cosmetique\/?post_type=product&#038;p=5002"},"modified":"2021-11-04T15:49:45","modified_gmt":"2021-11-04T14:49:45","slug":"gommage-visage-neem-arbre-a-the-125ml-ayumi","status":"publish","type":"product","link":"https:\/\/www.saphy.com\/healthcare-cosmetique\/produit\/gommage-visage-neem-arbre-a-the-125ml-ayumi\/","title":{"rendered":"Gommage Visage Neem &#038; Arbre \u00e0 Th\u00e9 125ml AYUMI"},"content":{"rendered":"<p>Gommage Visage Neem &amp; Arbre \u00e0 Th\u00e9 125ml AYUMI<\/p>\n<p>Nettoyez la peau en profondeur avec cette cr\u00e8me non dess\u00e9chante richement emball\u00e9e aux huiles de beurre de karit\u00e9, de moringa et d&rsquo;avocat.\u00a0L&rsquo;hamam\u00e9lis raffermit et tonifie en douceur, tandis que la silice naturelle de la tige de bambou et la perlite volcanique \u00e9liminent en douceur les cellules mortes et les impuret\u00e9s de la peau pour laisser la peau fra\u00eeche, \u00e9clatante et revitalis\u00e9e.\u00a0Les huiles de Neem, Romarin, Eucalyptus et Tea Tree Bio connues pour leurs qualit\u00e9s antibact\u00e9riennes et \u00e9quilibrantes aident \u00e0 prot\u00e9ger la peau des \u00e9ventuels dommages externes.\u00a0Un m\u00e9lange d&rsquo;huiles de menthe poivr\u00e9e, d&rsquo;orange et de citron tonifie, tonifie et dynamise la peau et les sens avec une explosion de fra\u00eecheur piquante.<\/p>\n<div class=\"col\">\n<h3 class=\"margin-none\"><span>Actifs cl\u00e9s<\/span><\/h3>\n<ul class=\"padding-none is-unstyled\">\n<li><span>Extrait d&rsquo;Ortie<\/span><\/li>\n<li><span>Extrait de citron<\/span><\/li>\n<li><span>Extrait d&rsquo;hamam\u00e9lis<\/span><\/li>\n<li><span>Extrait de Zeste d&rsquo;Orange<\/span><\/li>\n<\/ul>\n<\/div>\n<div class=\"col\">\n<h3 class=\"margin-none\"><span>Huiles essentielles<\/span><\/h3>\n<ul class=\"padding-none is-unstyled\">\n<li><span>L&rsquo;huile de neem<\/span><\/li>\n<li><span>Huile d&rsquo;arbre \u00e0 th\u00e9 biologique<\/span><\/li>\n<li><span>Huile d&rsquo;avocat<\/span><\/li>\n<li><span>Huile de menthe poivr\u00e9e<\/span><\/li>\n<li><span>L&rsquo;huile de romarin<\/span><\/li>\n<li><span>Huile d&rsquo;eucaluptus<\/span><\/li>\n<li><span>Huile de lavande<\/span><\/li>\n<li><span>Huile de Moringa<\/span><\/li>\n<\/ul>\n<\/div>\n<div class=\"col full-ingredients\">\n<h3 class=\"margin-none\">Ingr\u00e9dients complets<\/h3>\n<p>Aqua (eau), alcool c\u00e9t\u00e9arylique, glyc\u00e9rine *, palmitate d&rsquo;isopropyle, huile de persea gratissima (avocat), triglyc\u00e9ride caprylique\/caprique, poudre de tige de bambusa arundinacea, st\u00e9arate de glyc\u00e9ryle SE, st\u00e9arate de glyc\u00e9ryle, perlite, acrylates\/polym\u00e8re d&rsquo;acrylate d&rsquo;alkyle C10-30, lavandula Huile d&rsquo;angustifolia (lavande), huile de feuille de Mentha Arvensis (menthe poivr\u00e9e), huile de feuille d&rsquo;eucalyptus globulus, \u00e9thylhexylglyc\u00e9rine, st\u00e9aroyl glutamate de sodium, zinc PCA, hydroxyde de sodium, beurre de Butyrospermum Parkii (karit\u00e9), huile de kaolin (argile), graines de moringa oleifera (Moringa oleifera) , huile de feuille de Melaleuca Alternifolia (arbre \u00e0 th\u00e9 biologique) ***, huile de feuille de Rosmarinus Officinalis (romarin), eau d&rsquo;hamamelis Virginiana (hamam\u00e9lis), huile de graines d&rsquo;Azadirachta Indica (neem), alcool, extrait de zeste de citron Aurantium Dulcis (orange), citron citron vert Extrait de fruit (citron),Extrait de Feuille d&rsquo;Urtica Dioica (Ortie), Ph\u00e9noxy\u00e9thanol, Sorbate de Potassium, Benzoate de Sodium, Linalol**, Limon\u00e8ne**.<br \/>\n*Origine V\u00e9g\u00e9tale, **D\u00e9riv\u00e9 naturellement d&rsquo;huiles essentielles, ***Biologique<\/p>\n<h3 class=\"margin-none\"><span>Comment utiliser<\/span><\/h3>\n<p class=\"margin-bottom-none\"><span>Appliquez le gommage visage Neem &amp; Tea Tree sur une peau humide et nettoy\u00e9e et massez en mouvements circulaires.\u00a0Rincer \u00e0 l&rsquo;eau ti\u00e8de et utiliser deux fois par semaine pour de meilleurs r\u00e9sultats.\u00a0\u00c9viter le contact avec les yeux et la bouche.<\/span><\/p>\n<\/div>\n","protected":false},"excerpt":{"rendered":"<p>Gommage Visage Neem &amp; Arbre \u00e0 Th\u00e9 125ml AYUMI Nettoyez la peau en profondeur avec cette cr\u00e8me non dess\u00e9chante richement emball\u00e9e aux huiles de beurre de karit\u00e9, de moringa et d&rsquo;avocat.\u00a0L&rsquo;hamam\u00e9lis raffermit et tonifie en douceur, tandis que la silice naturelle de la tige de bambou et la perlite volcanique \u00e9liminent en douceur les cellules [&hellip;]<\/p>\n","protected":false},"featured_media":5003,"comment_status":"open","ping_status":"closed","template":"","meta":[],"_links":{"self":[{"href":"https:\/\/www.saphy.com\/healthcare-cosmetique\/wp-json\/wp\/v2\/product\/5002"}],"collection":[{"href":"https:\/\/www.saphy.com\/healthcare-cosmetique\/wp-json\/wp\/v2\/product"}],"about":[{"href":"https:\/\/www.saphy.com\/healthcare-cosmetique\/wp-json\/wp\/v2\/types\/product"}],"replies":[{"embeddable":true,"href":"https:\/\/www.saphy.com\/healthcare-cosmetique\/wp-json\/wp\/v2\/comments?post=5002"}],"wp:featuredmedia":[{"embeddable":true,"href":"https:\/\/www.saphy.com\/healthcare-cosmetique\/wp-json\/wp\/v2\/media\/5003"}],"wp:attachment":[{"href":"https:\/\/www.saphy.com\/healthcare-cosmetique\/wp-json\/wp\/v2\/media?parent=5002"}],"curies":[{"name":"wp","href":"https:\/\/api.w.org\/{rel}","templated":true}]}}