{"id":5004,"date":"2021-10-29T13:46:50","date_gmt":"2021-10-29T12:46:50","guid":{"rendered":"https:\/\/www.saphy.com\/healthcare-cosmetique\/?post_type=product&#038;p=5004"},"modified":"2024-04-02T10:04:31","modified_gmt":"2024-04-02T09:04:31","slug":"masque-visage-neem-tea-tree-100ml-ayumi","status":"publish","type":"product","link":"https:\/\/www.saphy.com\/healthcare-cosmetique\/produit\/masque-visage-neem-tea-tree-100ml-ayumi\/","title":{"rendered":"Masque Visage Neem &#038; Tea Tree 100ml AYUMI"},"content":{"rendered":"<p>Masque Visage Neem &amp; Tea Tree 100ml AYUMI<\/p>\n<p>Un soin intensif pour nettoyer en profondeur et rafra\u00eechir la peau.\u00a0L&rsquo;argile de kaolin aide \u00e0 \u00e9liminer les impuret\u00e9s profondes et \u00e0 absorber l&rsquo;exc\u00e8s de s\u00e9bum dans la peau pour la laisser radieuse, revitalis\u00e9e et restaur\u00e9e.\u00a0Les huiles de Neem, Romarin, Eucalyptus et Tea Tree Bio connues pour leurs qualit\u00e9s antibact\u00e9riennes et \u00e9quilibrantes aident \u00e0 prot\u00e9ger la peau des \u00e9ventuels dommages externes.\u00a0Un m\u00e9lange d&rsquo;huiles de menthe poivr\u00e9e, d&rsquo;orange et de citron tonifie, tonifie et dynamise la peau et les sens avec une explosion de fra\u00eecheur piquante.<\/p>\n<div class=\"col\">\n<h3 class=\"margin-none\"><span>Actifs cl\u00e9s<\/span><\/h3>\n<ul class=\"padding-none is-unstyled\">\n<li><span>Extrait d&rsquo;Ortie<\/span><\/li>\n<li><span>Extrait de citron<\/span><\/li>\n<li><span>Extrait d&rsquo;hamam\u00e9lis<\/span><\/li>\n<li><span>Extrait de Zeste d&rsquo;Orange<\/span><\/li>\n<\/ul>\n<\/div>\n<div class=\"col\">\n<h3 class=\"margin-none\"><span>Huiles essentielles<\/span><\/h3>\n<ul class=\"padding-none is-unstyled\">\n<li><span>L&rsquo;huile de neem<\/span><\/li>\n<li><span>Huile d&rsquo;arbre \u00e0 th\u00e9<\/span><\/li>\n<li><span>Huile d&rsquo;avocat<\/span><\/li>\n<li><span>Huile de menthe poivr\u00e9e<\/span><\/li>\n<li><span>L&rsquo;huile de romarin<\/span><\/li>\n<li><span>Huile d&rsquo;eucaluptus<\/span><\/li>\n<li><span>Huile de lavande<\/span><\/li>\n<li><span>Huile de Moringa<\/span><\/li>\n<\/ul>\n<\/div>\n<div class=\"col full-ingredients\">\n<h3 class=\"margin-none\">Ingr\u00e9dients complets<\/h3>\n<p>Aqua (Eau), Kaolin (Argile), Glyceryl Stearate SE, Alcool c\u00e9t\u00e9arylique, Glyc\u00e9rine *, Gomme xanthane, Huile de Lavandula Angustifolia (Lavande), Ethylhexylglycerin, Zinc PCA, Mentha Arvensis (Menthe poivr\u00e9e) Leaf Oil, Eucalyptus Globulus Leaf Oil, Ethylhexylglycerin Huile de graines de Moringa Oleifera (Moringa), huile de feuille de Persea Gratissima (avocat), huile de feuille de Melaleuca Alternifolia (arbre \u00e0 th\u00e9) ***, huile de feuille de Rosmarinus Officinalis (romarin), eau d&rsquo;hamamelis Virginiana (hamam\u00e9lis), huile de graine d&rsquo;azadirachta indica (neem) , Alcool, Extrait d&rsquo;\u00e9corce de Citrus Aurantium Dulcis (Orange), Extrait de fruit Citrus Limon (Citron), Extrait de feuille d&rsquo;Urtica Dioica (Ortie), Ph\u00e9noxy\u00e9thanol, Sorbate de potassium, Benzoate de sodium, Linalol**, Limon\u00e8ne **.<br \/>\n*Origine V\u00e9g\u00e9tale, **D\u00e9riv\u00e9 naturellement d&rsquo;huiles essentielles, ***Biologique<\/p>\n<h3 class=\"margin-none\"><span>Comment utiliser<\/span><\/h3>\n<p class=\"margin-bottom-none\"><span>Appliquez une couche \u00e9paisse de Neem &amp; Tea Tree Face Mask sur une peau fra\u00eechement nettoy\u00e9e et laissez agir 20 minutes.\u00a0\u00c9viter le contact avec les yeux et la bouche.\u00a0Rincer \u00e0 l&rsquo;eau ti\u00e8de et utiliser 1 \u00e0 2 fois par semaine pour de meilleurs r\u00e9sultats.<\/span><\/p>\n<\/div>\n","protected":false},"excerpt":{"rendered":"<p>Masque Visage Neem &amp; Tea Tree 100ml AYUMI Un soin intensif pour nettoyer en profondeur et rafra\u00eechir la peau.\u00a0L&rsquo;argile de kaolin aide \u00e0 \u00e9liminer les impuret\u00e9s profondes et \u00e0 absorber l&rsquo;exc\u00e8s de s\u00e9bum dans la peau pour la laisser radieuse, revitalis\u00e9e et restaur\u00e9e.\u00a0Les huiles de Neem, Romarin, Eucalyptus et Tea Tree Bio connues pour leurs [&hellip;]<\/p>\n","protected":false},"featured_media":5005,"comment_status":"open","ping_status":"closed","template":"","meta":[],"_links":{"self":[{"href":"https:\/\/www.saphy.com\/healthcare-cosmetique\/wp-json\/wp\/v2\/product\/5004"}],"collection":[{"href":"https:\/\/www.saphy.com\/healthcare-cosmetique\/wp-json\/wp\/v2\/product"}],"about":[{"href":"https:\/\/www.saphy.com\/healthcare-cosmetique\/wp-json\/wp\/v2\/types\/product"}],"replies":[{"embeddable":true,"href":"https:\/\/www.saphy.com\/healthcare-cosmetique\/wp-json\/wp\/v2\/comments?post=5004"}],"wp:featuredmedia":[{"embeddable":true,"href":"https:\/\/www.saphy.com\/healthcare-cosmetique\/wp-json\/wp\/v2\/media\/5005"}],"wp:attachment":[{"href":"https:\/\/www.saphy.com\/healthcare-cosmetique\/wp-json\/wp\/v2\/media?parent=5004"}],"curies":[{"name":"wp","href":"https:\/\/api.w.org\/{rel}","templated":true}]}}