{"id":5007,"date":"2021-10-29T14:25:03","date_gmt":"2021-10-29T13:25:03","guid":{"rendered":"https:\/\/www.saphy.com\/healthcare-cosmetique\/?post_type=product&#038;p=5007"},"modified":"2021-11-04T15:47:58","modified_gmt":"2021-11-04T14:47:58","slug":"creme-visage-neem-tea-tree-100ml-ayumi","status":"publish","type":"product","link":"https:\/\/www.saphy.com\/healthcare-cosmetique\/produit\/creme-visage-neem-tea-tree-100ml-ayumi\/","title":{"rendered":"Cr\u00e8me Visage Neem &#038; Tea Tree 100ml AYUMI"},"content":{"rendered":"<p>Cr\u00e8me Visage Neem &amp; Tea Tree 100ml AYUMI<\/p>\n<p>Un m\u00e9lange parfaitement \u00e9quilibr\u00e9 d&rsquo;hydratants et d&rsquo;huile de Moringa d\u00e9licate pour maintenir le niveau parfait d&rsquo;hydratation et de douceur pour les peaux \u00e0 tendance grasse.\u00a0L&rsquo;hamam\u00e9lis avec une pointe d&rsquo;ortie et de lavande apaisante, raffermit et tonifie la peau en douceur.\u00a0Les huiles de Neem, Romarin, Eucalyptus et Tea Tree Bio connues pour leurs qualit\u00e9s antibact\u00e9riennes et \u00e9quilibrantes aident \u00e0 prot\u00e9ger la peau des \u00e9ventuels dommages externes.\u00a0Un m\u00e9lange d&rsquo;huiles de menthe poivr\u00e9e, d&rsquo;orange et de citron tonifie, tonifie et dynamise la peau et les sens avec une explosion de fra\u00eecheur piquante.<\/p>\n<div class=\"extra-product-info__left\">\n<div class=\"row-grid is-grid-2-col\">\n<div class=\"col\">\n<h3 class=\"margin-none\"><span>Actifs cl\u00e9s<\/span><\/h3>\n<ul class=\"padding-none is-unstyled\">\n<li><span>Extrait d&rsquo;Ortie<\/span><\/li>\n<li><span>Extrait de citron<\/span><\/li>\n<li><span>Extrait d&rsquo;hamam\u00e9lis<\/span><\/li>\n<li><span>Extrait de Zeste d&rsquo;Orange<\/span><\/li>\n<\/ul>\n<\/div>\n<div class=\"col\">\n<h3 class=\"margin-none\"><span>Huiles essentielles<\/span><\/h3>\n<ul class=\"padding-none is-unstyled\">\n<li><span>L&rsquo;huile de neem<\/span><\/li>\n<li><span>Huile d&rsquo;arbre \u00e0 th\u00e9 biologique<\/span><\/li>\n<li><span>Huile d&rsquo;avocat<\/span><\/li>\n<li><span>Huile de menthe poivr\u00e9e<\/span><\/li>\n<li><span>L&rsquo;huile de romarin<\/span><\/li>\n<li><span>Huile d&rsquo;eucaluptus<\/span><\/li>\n<li><span>Huile de lavande<\/span><\/li>\n<li><span>Huile de Moringa<\/span><\/li>\n<\/ul>\n<\/div>\n<div class=\"col full-ingredients\">\n<h3 class=\"margin-none\"><span>Ingr\u00e9dients complets<\/span><\/h3>\n<p><span>Aqua (eau), alcool c\u00e9t\u00e9arylique, glyc\u00e9rine *, palmitate d&rsquo;isopropyle, huile de persea gratissima (avocat), triglyc\u00e9ride caprylique\/caprique, st\u00e9arate de glyc\u00e9ryle SE, st\u00e9arate de glyc\u00e9ryle, polyacrylate de sodium, huile de lavandula angustifolia (lavande), huile de feuille de menthe arvensis (menthe poivr\u00e9e) , huile de feuille d&rsquo;eucalyptus globulus, \u00e9thylhexylglyc\u00e9rine, glutamate de st\u00e9aroyle sodique, PCA de zinc, beurre de Butyrospermum Parkii (karit\u00e9), huile de graines de moringa oleifera, huile de feuille de Melaleuca Alternifolia (arbre \u00e0 th\u00e9 biologique) ***, huile de feuille de Rosmarinus Officinalis (romarin) (hamam\u00e9lis) eau, huile de graines d&rsquo;Azadirachta Indica (neem), hydroxyde de sodium, alcool, extrait de zeste de Citrus Aurantium Dulcis (orange), extrait de Citrus LimonFruit (citron), extrait de feuille d&rsquo;Urtica Dioica (ortie), ph\u00e9noxy\u00e9thanol, sorbate de potassium, benzoate de sodium , Linalol **, Limon\u00e8ne **,G\u00e9raniol **.<\/span><br \/>\n<span>*Origine V\u00e9g\u00e9tale, **Naturellement d\u00e9riv\u00e9 d&rsquo;huiles essentielles, ***Biologique.<\/span><\/p>\n<\/div>\n<\/div>\n<\/div>\n<div class=\"extra-product-info__right\">\n<h3 class=\"margin-none\"><span>Comment utiliser<\/span><\/h3>\n<p class=\"margin-bottom-none\"><span>Appliquez la cr\u00e8me visage Neem &amp; Tea Tree sur une peau fra\u00eechement nettoy\u00e9e et massez en mouvements circulaires pour stimuler la peau.\u00a0\u00c9viter le contact avec les yeux et la bouche.<\/span><\/p>\n<\/div>\n","protected":false},"excerpt":{"rendered":"<p>Cr\u00e8me Visage Neem &amp; Tea Tree 100ml AYUMI Un m\u00e9lange parfaitement \u00e9quilibr\u00e9 d&rsquo;hydratants et d&rsquo;huile de Moringa d\u00e9licate pour maintenir le niveau parfait d&rsquo;hydratation et de douceur pour les peaux \u00e0 tendance grasse.\u00a0L&rsquo;hamam\u00e9lis avec une pointe d&rsquo;ortie et de lavande apaisante, raffermit et tonifie la peau en douceur.\u00a0Les huiles de Neem, Romarin, Eucalyptus et Tea [&hellip;]<\/p>\n","protected":false},"featured_media":5008,"comment_status":"open","ping_status":"closed","template":"","meta":[],"_links":{"self":[{"href":"https:\/\/www.saphy.com\/healthcare-cosmetique\/wp-json\/wp\/v2\/product\/5007"}],"collection":[{"href":"https:\/\/www.saphy.com\/healthcare-cosmetique\/wp-json\/wp\/v2\/product"}],"about":[{"href":"https:\/\/www.saphy.com\/healthcare-cosmetique\/wp-json\/wp\/v2\/types\/product"}],"replies":[{"embeddable":true,"href":"https:\/\/www.saphy.com\/healthcare-cosmetique\/wp-json\/wp\/v2\/comments?post=5007"}],"wp:featuredmedia":[{"embeddable":true,"href":"https:\/\/www.saphy.com\/healthcare-cosmetique\/wp-json\/wp\/v2\/media\/5008"}],"wp:attachment":[{"href":"https:\/\/www.saphy.com\/healthcare-cosmetique\/wp-json\/wp\/v2\/media?parent=5007"}],"curies":[{"name":"wp","href":"https:\/\/api.w.org\/{rel}","templated":true}]}}