{"id":5009,"date":"2021-10-29T14:27:41","date_gmt":"2021-10-29T13:27:41","guid":{"rendered":"https:\/\/www.saphy.com\/healthcare-cosmetique\/?post_type=product&#038;p=5009"},"modified":"2021-11-04T15:47:03","modified_gmt":"2021-11-04T14:47:03","slug":"tonique-clarifiant-neem-hamamelis-ayumi","status":"publish","type":"product","link":"https:\/\/www.saphy.com\/healthcare-cosmetique\/produit\/tonique-clarifiant-neem-hamamelis-ayumi\/","title":{"rendered":"Tonique Clarifiant Neem &#038; Hamam\u00e9lis AYUMI"},"content":{"rendered":"<p>Tonique Clarifiant Neem &amp; Hamam\u00e9lis AYUMI<\/p>\n<p>Un m\u00e9lange d&rsquo;actifs \u00e9prouv\u00e9s et de produits naturels respect\u00e9s pour maintenir un teint clair et un \u00e9clat naturel.\u00a0La gluconolactone avec ses puissantes qualit\u00e9s de r\u00e9tention d&rsquo;eau aide \u00e0 garder la peau hydrat\u00e9e et rafra\u00eechie avec une hydratation pr\u00e9cieuse.\u00a0L&rsquo;aloe vera est respect\u00e9 pour ses propri\u00e9t\u00e9s rafra\u00eechissantes et apaisantes pour la peau tandis que l&rsquo;hamam\u00e9lis tonifie la peau en douceur.\u00a0Une infusion d\u00e9licate de plantes traditionnelles Neem, d&rsquo;\u00e9corce d&rsquo;orange douce et d&rsquo;ortie pour aider la peau \u00e0 rester fra\u00eeche avec un zeste de piquant.<\/p>\n<h3 class=\"margin-none\"><span>Ingr\u00e9dients complets<\/span><\/h3>\n<p><span>Aqua (Eau), Gluconolactone, Glyc\u00e9rine*, Polysorbate 20, Alcool benzylique, Ph\u00e9noxy\u00e9thanol, Eau d&rsquo;Hamamelis Virginiana (Hamam\u00e9lis), Parfum (Fragrance), Alcool, Hydroxyde de sodium, Jus de feuille d&rsquo;Aloe Barbadensis biologique ***, Phytate de sodium, Melia Azadirachta Extrait de feuille de (Neem), extrait de fruit Citrus Limon (citron), extrait de zeste de Citrus Aurantium Dulcis (orange), extrait de feuille d&rsquo;urtica dioica (ortie), sorbate de potassium, benzoate de sodium, limon\u00e8ne **, linalol **.<\/span><br \/>\n<span>*Origine V\u00e9g\u00e9tale, **Naturellement d\u00e9riv\u00e9 d&rsquo;huiles essentielles, ***Biologique.<\/span><\/p>\n<h3 class=\"margin-none\"><span>Comment utiliser<\/span><\/h3>\n<p class=\"margin-bottom-none\"><span>Utiliser quotidiennement matin et soir.\u00a0Appliquer g\u00e9n\u00e9reusement sur un coton et passer doucement sur le visage et le cou.\u00a0Pour des r\u00e9sultats optimaux, utilisez apr\u00e8s le nettoyage avec un nettoyant pour le visage Ayumi ou un gommage facial et suivez avec un hydratant de jour ou de nuit de la gamme Ayumi.\u00a0Ce produit peut \u00e9galement \u00eatre utilis\u00e9 pour rafra\u00eechir votre peau pendant la journ\u00e9e.<\/span><\/p>\n","protected":false},"excerpt":{"rendered":"<p>Tonique Clarifiant Neem &amp; Hamam\u00e9lis AYUMI Un m\u00e9lange d&rsquo;actifs \u00e9prouv\u00e9s et de produits naturels respect\u00e9s pour maintenir un teint clair et un \u00e9clat naturel.\u00a0La gluconolactone avec ses puissantes qualit\u00e9s de r\u00e9tention d&rsquo;eau aide \u00e0 garder la peau hydrat\u00e9e et rafra\u00eechie avec une hydratation pr\u00e9cieuse.\u00a0L&rsquo;aloe vera est respect\u00e9 pour ses propri\u00e9t\u00e9s rafra\u00eechissantes et apaisantes pour la [&hellip;]<\/p>\n","protected":false},"featured_media":5010,"comment_status":"open","ping_status":"closed","template":"","meta":[],"_links":{"self":[{"href":"https:\/\/www.saphy.com\/healthcare-cosmetique\/wp-json\/wp\/v2\/product\/5009"}],"collection":[{"href":"https:\/\/www.saphy.com\/healthcare-cosmetique\/wp-json\/wp\/v2\/product"}],"about":[{"href":"https:\/\/www.saphy.com\/healthcare-cosmetique\/wp-json\/wp\/v2\/types\/product"}],"replies":[{"embeddable":true,"href":"https:\/\/www.saphy.com\/healthcare-cosmetique\/wp-json\/wp\/v2\/comments?post=5009"}],"wp:featuredmedia":[{"embeddable":true,"href":"https:\/\/www.saphy.com\/healthcare-cosmetique\/wp-json\/wp\/v2\/media\/5010"}],"wp:attachment":[{"href":"https:\/\/www.saphy.com\/healthcare-cosmetique\/wp-json\/wp\/v2\/media?parent=5009"}],"curies":[{"name":"wp","href":"https:\/\/api.w.org\/{rel}","templated":true}]}}