{"id":5011,"date":"2021-10-29T14:47:08","date_gmt":"2021-10-29T13:47:08","guid":{"rendered":"https:\/\/www.saphy.com\/healthcare-cosmetique\/?post_type=product&#038;p=5011"},"modified":"2022-03-03T13:24:14","modified_gmt":"2022-03-03T12:24:14","slug":"savon-neem-tea-tree-100g-ayumi","status":"publish","type":"product","link":"https:\/\/www.saphy.com\/healthcare-cosmetique\/produit\/savon-neem-tea-tree-100g-ayumi\/","title":{"rendered":"Savon Neem &#038; Tea Tree 100g AYUMI"},"content":{"rendered":"<p>Savon Neem &amp; Tea Tree 100g AYUMI<\/p>\n<p>La gamme de soins de la peau Ayumi Natural est bas\u00e9e sur les extraits traditionnels de fruits, de plantes et de fleurs de l&rsquo;Ayurveda qui sont utilis\u00e9s depuis des si\u00e8cles en Inde pour rendre la peau naturellement belle.\u00a0Enrichi en huiles de Neem et d&rsquo;arbre \u00e0 mamelons, bien connues pour leurs propri\u00e9t\u00e9s antibact\u00e9riennes et en huile de citronnelle pour garder la peau fra\u00eeche.\u00a0Une formulation \u00e0 base de plantes qui \u00e9limine en douceur les impuret\u00e9s et nettoie la peau.\u00a0A utiliser r\u00e9guli\u00e8rement pour une peau nette et \u00e9clatante.<\/p>\n<div class=\"extra-product-info__left\">\n<div class=\"row-grid is-grid-2-col\">\n<div class=\"col full-ingredients\">\n<h3 class=\"margin-none\"><span>Ingr\u00e9dients complets<\/span><\/h3>\n<p><span>Palmate de sodium, aqua (eau), palmiste de sodium, glyc\u00e9rine*, sorbitol,<\/span><br \/>\n<span>huile de graines de\u00a0Melia\u00a0Azadirachta, huile de feuille de Melaleuca Alternifolia (arbre \u00e0 th\u00e9), acide de<\/span><br \/>\n<span>palmiste\u00a0,\u00a0huile de Cymbopogon Schoenathus (citronnelle), huile de Citrus Aurantium Dulcis (orange),<\/span><br \/>\n<span>Hydroxyde de sodium, Chlorure de sodium, EDTA t\u00e9trasodique,<\/span><br \/>\n<span>Citral**, Citronellol**, Eug\u00e9nol**, Farnesol**, G\u00e9raniol**, Limon\u00e8ne**, Linalol**.<\/span><br \/>\n<span>*Origine v\u00e9g\u00e9tale, **Naturellement d\u00e9riv\u00e9 d&rsquo;huiles essentielles<\/span><\/p>\n<\/div>\n<\/div>\n<\/div>\n<div class=\"extra-product-info__right\">\n<h3 class=\"margin-none\"><span>Comment utiliser<\/span><\/h3>\n<p class=\"margin-bottom-none\"><span>Faire mousser et appliquer g\u00e9n\u00e9reusement sur la peau puis masser d\u00e9licatement.\u00a0Pour de meilleurs r\u00e9sultats, appliquez deux fois par jour.<\/span><\/p>\n<\/div>\n","protected":false},"excerpt":{"rendered":"<p>Savon Neem &amp; Tea Tree 100g AYUMI La gamme de soins de la peau Ayumi Natural est bas\u00e9e sur les extraits traditionnels de fruits, de plantes et de fleurs de l&rsquo;Ayurveda qui sont utilis\u00e9s depuis des si\u00e8cles en Inde pour rendre la peau naturellement belle.\u00a0Enrichi en huiles de Neem et d&rsquo;arbre \u00e0 mamelons, bien connues [&hellip;]<\/p>\n","protected":false},"featured_media":5012,"comment_status":"open","ping_status":"closed","template":"","meta":[],"_links":{"self":[{"href":"https:\/\/www.saphy.com\/healthcare-cosmetique\/wp-json\/wp\/v2\/product\/5011"}],"collection":[{"href":"https:\/\/www.saphy.com\/healthcare-cosmetique\/wp-json\/wp\/v2\/product"}],"about":[{"href":"https:\/\/www.saphy.com\/healthcare-cosmetique\/wp-json\/wp\/v2\/types\/product"}],"replies":[{"embeddable":true,"href":"https:\/\/www.saphy.com\/healthcare-cosmetique\/wp-json\/wp\/v2\/comments?post=5011"}],"wp:featuredmedia":[{"embeddable":true,"href":"https:\/\/www.saphy.com\/healthcare-cosmetique\/wp-json\/wp\/v2\/media\/5012"}],"wp:attachment":[{"href":"https:\/\/www.saphy.com\/healthcare-cosmetique\/wp-json\/wp\/v2\/media?parent=5011"}],"curies":[{"name":"wp","href":"https:\/\/api.w.org\/{rel}","templated":true}]}}