{"id":5013,"date":"2021-10-29T14:49:21","date_gmt":"2021-10-29T13:49:21","guid":{"rendered":"https:\/\/www.saphy.com\/healthcare-cosmetique\/?post_type=product&#038;p=5013"},"modified":"2021-11-04T15:41:11","modified_gmt":"2021-11-04T14:41:11","slug":"nettoyant-pour-le-corps-neem-tea-tree-250ml-ayumi","status":"publish","type":"product","link":"https:\/\/www.saphy.com\/healthcare-cosmetique\/produit\/nettoyant-pour-le-corps-neem-tea-tree-250ml-ayumi\/","title":{"rendered":"Nettoyant pour le corps Neem &#038; Tea Tree 250ml AYUMI"},"content":{"rendered":"<p>Nettoyant pour le corps Neem &amp; Tea Tree 250ml AYUMI<\/p>\n<p>Un lavage vivifiant qui nettoie la peau en douceur et l&rsquo;hydrate.\u00a0Un m\u00e9lange unique de busserole, de m\u00fbre, d&rsquo;ortie et de moringa, laisse la peau avec une tentation et un ton sensuels.\u00a0Un m\u00e9lange d&rsquo;huile de Neem et d&rsquo;arbre \u00e0 th\u00e9 biologique enveloppe la peau d&rsquo;un voile protecteur sain, tandis qu&rsquo;une teinte de menthol rafra\u00eechissant laisse la peau fra\u00eeche, saine et \u00e9clatante de fra\u00eecheur.<\/p>\n<h3 class=\"margin-none\">Ingr\u00e9dients complets<\/h3>\n<p>Aqua (Eau), Ammonium Lauryl Sulfate, Coco-Glucoside, Glycerin*, Cocamidopropyl Betaine, Acrylates Copolymer, Parfum (Fragrance), Glyceryl Oleate, Potassium Sorbate, Sodium Chloride, Sodium Benzoate, Disodium Lauryl Sulfosuccinate, Menthol, Melaleuca (Te Alternifolio) ) Huile de feuille ***, Azadirachta Indica (Neem) Seed Oil, Moringa Oleifera (Moringa) Seed Oil, Melia Azadirachta (Neem) Leaf Extract, Urtica Dioica (Ortie) Leaf Extract, Citric Acid, Arctostaphylos Uva Ursi (Busberry) Leaf Extract , Extrait de feuille de Morus Nigra (M\u00fbrier) , Linalol **, Limon\u00e8ne **, Hexyl Cinnamal **, Alcool benzylique**, Citral **, Eug\u00e9nol **.<br \/>\n*Origine V\u00e9g\u00e9tale, **Naturellement d\u00e9riv\u00e9 d&rsquo;huiles essentielles, ***Biologique.<\/p>\n<h3 class=\"margin-none\"><span>Comment utiliser<\/span><\/h3>\n<p class=\"margin-bottom-none\"><span>Appliquer le gel douche Neem &amp; Tea Tree sur la peau humide et masser en mouvements circulaires.\u00a0Rincer \u00e0 l&rsquo;eau ti\u00e8de.\u00a0Utiliser quotidiennement<\/span><\/p>\n","protected":false},"excerpt":{"rendered":"<p>Nettoyant pour le corps Neem &amp; Tea Tree 250ml AYUMI Un lavage vivifiant qui nettoie la peau en douceur et l&rsquo;hydrate.\u00a0Un m\u00e9lange unique de busserole, de m\u00fbre, d&rsquo;ortie et de moringa, laisse la peau avec une tentation et un ton sensuels.\u00a0Un m\u00e9lange d&rsquo;huile de Neem et d&rsquo;arbre \u00e0 th\u00e9 biologique enveloppe la peau d&rsquo;un voile [&hellip;]<\/p>\n","protected":false},"featured_media":5014,"comment_status":"open","ping_status":"closed","template":"","meta":[],"_links":{"self":[{"href":"https:\/\/www.saphy.com\/healthcare-cosmetique\/wp-json\/wp\/v2\/product\/5013"}],"collection":[{"href":"https:\/\/www.saphy.com\/healthcare-cosmetique\/wp-json\/wp\/v2\/product"}],"about":[{"href":"https:\/\/www.saphy.com\/healthcare-cosmetique\/wp-json\/wp\/v2\/types\/product"}],"replies":[{"embeddable":true,"href":"https:\/\/www.saphy.com\/healthcare-cosmetique\/wp-json\/wp\/v2\/comments?post=5013"}],"wp:featuredmedia":[{"embeddable":true,"href":"https:\/\/www.saphy.com\/healthcare-cosmetique\/wp-json\/wp\/v2\/media\/5014"}],"wp:attachment":[{"href":"https:\/\/www.saphy.com\/healthcare-cosmetique\/wp-json\/wp\/v2\/media?parent=5013"}],"curies":[{"name":"wp","href":"https:\/\/api.w.org\/{rel}","templated":true}]}}