{"id":5015,"date":"2021-10-29T14:51:29","date_gmt":"2021-10-29T13:51:29","guid":{"rendered":"https:\/\/www.saphy.com\/healthcare-cosmetique\/?post_type=product&#038;p=5015"},"modified":"2021-11-04T15:45:58","modified_gmt":"2021-11-04T14:45:58","slug":"gommage-corps-neem-tea-tree-200ml-ayumi","status":"publish","type":"product","link":"https:\/\/www.saphy.com\/healthcare-cosmetique\/produit\/gommage-corps-neem-tea-tree-200ml-ayumi\/","title":{"rendered":"Gommage Corps Neem &#038; Tea Tree 200ml AYUMI"},"content":{"rendered":"<p>Gommage Corps Neem &amp; Tea Tree 200ml AYUMI<\/p>\n<p>Un gommage corporel avec de la pierre ponce volcanique de la meilleure qualit\u00e9 et des graines d&rsquo;olive moulues pour \u00e9liminer en douceur la salet\u00e9 et la crasse incrust\u00e9es et \u00e9liminer les cellules mortes de la peau pour r\u00e9v\u00e9ler une nouvelle peau \u00e9clatante.\u00a0Un m\u00e9lange d&rsquo;huiles de neem et d&rsquo;arbre \u00e0 th\u00e9 biologique enveloppe la peau d&rsquo;un voile protecteur sain, tandis que la busserole, le m\u00fbrier, le moringa et l&rsquo;ortie aident \u00e0 nourrir la peau.<\/p>\n<h3 class=\"margin-none\">Ingr\u00e9dients complets<\/h3>\n<p>Aqua (Eau), Ammonium Lauryl Sulfate, Ponce, Acrylates Copolymer, Cocamidopropyl Betaine, Coco-Glucoside, Parfum (Fragrance), Decyl Glucoside, Potassium Sorbate, Glycerin*, Sodium Benzoate, Disodium Lauryl Sulfosuccinate, Menthol, Sodium Chloride, Melfolialeuca Huile de feuille d&rsquo;arbre \u00e0 th\u00e9 biologique ***, huile d&rsquo;\u00e9corce de citron vert (citron), poudre de graines d&rsquo;Olea Europaea (olive), sorbate de potassium, huile de feuilles d&rsquo;eucalyptus globulus, huile de graines d&rsquo;Azadirachta Indica (neem), huile de graines de Moringa Oleifera, herbe Mentha Citrata Huile, huile de bois de Cedrus Atlantica (bois de c\u00e8dre), huile de feuille de Cymbopogon Citratus (citronnelle), huile de feuille de Pogostemon Cablin (patchouli), huile de feuille de Mentha Piperita (menthe poivr\u00e9e), huile de Citrus Nobilis (mandarine), extrait de feuille de Melia Azadirachta (Neem), Urtica Extrait de feuille de dioica (ortie), huile de feuille de Mentha Viridis (menthe verte),Extrait de gomme de Ferula Galbaniflua (Galbanum), Huile de r\u00e9sine de Ferula Galbaniflua (Galbanum), Huile de racine de Vetiveria Zizanoides, Acide citrique, Extrait de feuille d&rsquo;Arctostaphylos Uva Ursi (Busberry), Extrait de feuille de Morus Nigra (M\u00fbrier), Alcool benzylique **, Citral **, Hexyl Cinnamal**, Limon\u00e8ne**, Linalol**.<br \/>\n*Origine V\u00e9g\u00e9tale, **D\u00e9riv\u00e9 naturellement d&rsquo;Huiles Essentielles, ***Biologique.<\/p>\n<h3 class=\"margin-none\">Comment utiliser<\/h3>\n<p class=\"margin-bottom-none\">Appliquez le gommage corporel au neem et \u00e0 l&rsquo;arbre \u00e0 th\u00e9 sur la peau humide et massez en mouvements circulaires.\u00a0Rincer \u00e0 l&rsquo;eau ti\u00e8de et utiliser deux fois par semaine pour de meilleurs r\u00e9sultats.<\/p>\n","protected":false},"excerpt":{"rendered":"<p>Gommage Corps Neem &amp; Tea Tree 200ml AYUMI Un gommage corporel avec de la pierre ponce volcanique de la meilleure qualit\u00e9 et des graines d&rsquo;olive moulues pour \u00e9liminer en douceur la salet\u00e9 et la crasse incrust\u00e9es et \u00e9liminer les cellules mortes de la peau pour r\u00e9v\u00e9ler une nouvelle peau \u00e9clatante.\u00a0Un m\u00e9lange d&rsquo;huiles de neem et [&hellip;]<\/p>\n","protected":false},"featured_media":5016,"comment_status":"open","ping_status":"closed","template":"","meta":[],"_links":{"self":[{"href":"https:\/\/www.saphy.com\/healthcare-cosmetique\/wp-json\/wp\/v2\/product\/5015"}],"collection":[{"href":"https:\/\/www.saphy.com\/healthcare-cosmetique\/wp-json\/wp\/v2\/product"}],"about":[{"href":"https:\/\/www.saphy.com\/healthcare-cosmetique\/wp-json\/wp\/v2\/types\/product"}],"replies":[{"embeddable":true,"href":"https:\/\/www.saphy.com\/healthcare-cosmetique\/wp-json\/wp\/v2\/comments?post=5015"}],"wp:featuredmedia":[{"embeddable":true,"href":"https:\/\/www.saphy.com\/healthcare-cosmetique\/wp-json\/wp\/v2\/media\/5016"}],"wp:attachment":[{"href":"https:\/\/www.saphy.com\/healthcare-cosmetique\/wp-json\/wp\/v2\/media?parent=5015"}],"curies":[{"name":"wp","href":"https:\/\/api.w.org\/{rel}","templated":true}]}}