{"id":5017,"date":"2021-10-29T14:53:57","date_gmt":"2021-10-29T13:53:57","guid":{"rendered":"https:\/\/www.saphy.com\/healthcare-cosmetique\/?post_type=product&#038;p=5017"},"modified":"2021-11-04T15:41:46","modified_gmt":"2021-11-04T14:41:46","slug":"lait-corporel-neem-arbre-a-the-250ml-ayumi","status":"publish","type":"product","link":"https:\/\/www.saphy.com\/healthcare-cosmetique\/produit\/lait-corporel-neem-arbre-a-the-250ml-ayumi\/","title":{"rendered":"Lait Corporel Neem &#038; Arbre \u00e0 Th\u00e9 250ml AYUMI"},"content":{"rendered":"<p>Lait Corporel Neem &amp; Arbre \u00e0 Th\u00e9 250ml AYUMI<\/p>\n<p>Un m\u00e9lange parfaitement \u00e9quilibr\u00e9 d&rsquo;hydratants dans une lotion \u00e0 absorption rapide pour maintenir le niveau id\u00e9al d&rsquo;hydratation et de douceur pour les peaux \u00e0 tendance grasse.\u00a0L&rsquo;hamam\u00e9lis avec un soup\u00e7on d&rsquo;ortie et de m\u00fbrier raffermit et tonifie la peau en douceur pour la laisser \u00e9clatante.\u00a0Un glorieux m\u00e9lange de neem, de citronnelle, de v\u00e9tiver, de menthe verte, de patchouli, d&rsquo;eucalyptus, de bois de c\u00e8dre, de cypr\u00e8s et de galbanum aromatique entoure la peau d&rsquo;un voile protecteur sain et excitant qui revigore la peau et les sens de mani\u00e8re rafra\u00eechissante.\u00a0Un \u00e9clat de citron, de mandarine, de menthe poivr\u00e9e, de menthe verte, de menthe bergamote et de menthol laisse un zeste de piquant.<\/p>\n<h3 class=\"margin-none\">Ingr\u00e9dients complets<\/h3>\n<p>Aqua (eau), triglyc\u00e9ride caprylique\/caprique, glyc\u00e9rine*, carbonate de dicaprylyle, alcool d\u00e9natur\u00e9, eau d&rsquo;hamam\u00e9lis Virginiana (hamam\u00e9lis), alcool c\u00e9t\u00e9arylique, st\u00e9arate de glyc\u00e9ryle, dim\u00e9thicone, parfum (parfum), ph\u00e9noxy\u00e9thanol, alcool, polyacrylate de sodium, st\u00e9aroyl de sodium Glutamate, huile de feuille de Melaleuca Alternifolia (arbre \u00e0 th\u00e9 biologique) ***, huile d&rsquo;\u00e9corce de citron vert, huile de graines d&rsquo;Azadirachta Indica (Neem), huile de feuille de Cupressus Sempervirens (cypr\u00e8s), \u00e9thylhexylglyc\u00e9rine, menthol, huile de feuille d&rsquo;eucalyptus globulus, Moringa Oleifera Huile de graines, huile d&rsquo;herbes de Mentha Citrata, huile de feuilles de Cedrus Atlantica (bois de c\u00e8dre), huile de feuilles de Cymbopogon Citratus (citronnelle), huile de feuilles de Pogostemon Cablin (patchouli), huile de Mentha Piperita (menthe poivr\u00e9e), hydroxyde de sodium, huile de Citrus Nobilis (mandarine), Mentha Huile de feuille de viridis (menthe verte),Extrait de feuille d&rsquo;Arctostaphylos Uva Ursi (Busberry), Extrait de feuille de Melia Azadirachta (Neem), Extrait de feuille de Morus Nigra (M\u00fbrier), Extrait de feuille d&rsquo;Urtica Dioica (Ortie), Extrait de gomme de Ferula Galbaniflua (Galbanum), Huile de r\u00e9sine de Ferula Galbaniflua (Galbanum), Vetiveria Huile de racine de Zizanoides, Sorbate de potassium, Benzoate de sodium, Alcool benzylique **, Cinnamal **, Citral **, Eug\u00e9nol **, Hexyl Cinnamal **, Limon\u00e8ne **, Linalol**.<br \/>\n*Origine V\u00e9g\u00e9tale, **D\u00e9riv\u00e9 naturellement d&rsquo;Huiles Essentielles, ***Biologique.<\/p>\n<h3 class=\"margin-none\"><span>Comment utiliser<\/span><\/h3>\n<p class=\"margin-bottom-none\"><span>Appliquez la lotion pour le corps Neem &amp; Tea Tree sur une peau fra\u00eechement nettoy\u00e9e et massez en mouvements circulaires pour stimuler la peau.<\/span><\/p>\n","protected":false},"excerpt":{"rendered":"<p>Lait Corporel Neem &amp; Arbre \u00e0 Th\u00e9 250ml AYUMI Un m\u00e9lange parfaitement \u00e9quilibr\u00e9 d&rsquo;hydratants dans une lotion \u00e0 absorption rapide pour maintenir le niveau id\u00e9al d&rsquo;hydratation et de douceur pour les peaux \u00e0 tendance grasse.\u00a0L&rsquo;hamam\u00e9lis avec un soup\u00e7on d&rsquo;ortie et de m\u00fbrier raffermit et tonifie la peau en douceur pour la laisser \u00e9clatante.\u00a0Un glorieux m\u00e9lange [&hellip;]<\/p>\n","protected":false},"featured_media":5018,"comment_status":"open","ping_status":"closed","template":"","meta":[],"_links":{"self":[{"href":"https:\/\/www.saphy.com\/healthcare-cosmetique\/wp-json\/wp\/v2\/product\/5017"}],"collection":[{"href":"https:\/\/www.saphy.com\/healthcare-cosmetique\/wp-json\/wp\/v2\/product"}],"about":[{"href":"https:\/\/www.saphy.com\/healthcare-cosmetique\/wp-json\/wp\/v2\/types\/product"}],"replies":[{"embeddable":true,"href":"https:\/\/www.saphy.com\/healthcare-cosmetique\/wp-json\/wp\/v2\/comments?post=5017"}],"wp:featuredmedia":[{"embeddable":true,"href":"https:\/\/www.saphy.com\/healthcare-cosmetique\/wp-json\/wp\/v2\/media\/5018"}],"wp:attachment":[{"href":"https:\/\/www.saphy.com\/healthcare-cosmetique\/wp-json\/wp\/v2\/media?parent=5017"}],"curies":[{"name":"wp","href":"https:\/\/api.w.org\/{rel}","templated":true}]}}