{"id":5019,"date":"2021-10-29T15:01:00","date_gmt":"2021-10-29T14:01:00","guid":{"rendered":"https:\/\/www.saphy.com\/healthcare-cosmetique\/?post_type=product&#038;p=5019"},"modified":"2024-09-30T11:28:41","modified_gmt":"2024-09-30T10:28:41","slug":"shampooing-moringa-neem-250ml-ayumi","status":"publish","type":"product","link":"https:\/\/www.saphy.com\/healthcare-cosmetique\/produit\/shampooing-moringa-neem-250ml-ayumi\/","title":{"rendered":"Shampooing Moringa &#038; Neem 250ml AYUMI"},"content":{"rendered":"<p>Shampooing Moringa &amp; Neem 250ml AYUMI<\/p>\n<p><span>Fini le temps des cheveux g\u00ean\u00e9s par la graisse gr\u00e2ce au pouvoir astringent et clarifiant du Neem &amp; Arbre \u00e0 Th\u00e9 Bio.\u00a0<\/span><span>Le Neem, l&rsquo;extrait de feuille d&rsquo;ortie et l&rsquo;huile de feuille d&rsquo;arbre \u00e0 th\u00e9 biologique aideront \u00e0 r\u00e9guler la production d&rsquo;huile de vos follicules pileux tandis que l&rsquo;huile d&rsquo;argan et l&rsquo;huile de graines de moringa restaureront l&rsquo;hydratation et la nutrition.\u00a0<\/span><span>Les cheveux se sentiront rafra\u00eechis et en meilleure sant\u00e9 avec ce m\u00e9lange ayurv\u00e9dique convoit\u00e9.<\/span><\/p>\n","protected":false},"excerpt":{"rendered":"<p>Shampooing Moringa &amp; Neem 250ml AYUMI Fini le temps des cheveux g\u00ean\u00e9s par la graisse gr\u00e2ce au pouvoir astringent et clarifiant du Neem &amp; Arbre \u00e0 Th\u00e9 Bio.\u00a0Le Neem, l&rsquo;extrait de feuille d&rsquo;ortie et l&rsquo;huile de feuille d&rsquo;arbre \u00e0 th\u00e9 biologique aideront \u00e0 r\u00e9guler la production d&rsquo;huile de vos follicules pileux tandis que l&rsquo;huile d&rsquo;argan [&hellip;]<\/p>\n","protected":false},"featured_media":5021,"comment_status":"open","ping_status":"closed","template":"","meta":[],"_links":{"self":[{"href":"https:\/\/www.saphy.com\/healthcare-cosmetique\/wp-json\/wp\/v2\/product\/5019"}],"collection":[{"href":"https:\/\/www.saphy.com\/healthcare-cosmetique\/wp-json\/wp\/v2\/product"}],"about":[{"href":"https:\/\/www.saphy.com\/healthcare-cosmetique\/wp-json\/wp\/v2\/types\/product"}],"replies":[{"embeddable":true,"href":"https:\/\/www.saphy.com\/healthcare-cosmetique\/wp-json\/wp\/v2\/comments?post=5019"}],"wp:featuredmedia":[{"embeddable":true,"href":"https:\/\/www.saphy.com\/healthcare-cosmetique\/wp-json\/wp\/v2\/media\/5021"}],"wp:attachment":[{"href":"https:\/\/www.saphy.com\/healthcare-cosmetique\/wp-json\/wp\/v2\/media?parent=5019"}],"curies":[{"name":"wp","href":"https:\/\/api.w.org\/{rel}","templated":true}]}}