{"id":5030,"date":"2021-11-04T11:00:40","date_gmt":"2021-11-04T10:00:40","guid":{"rendered":"https:\/\/www.saphy.com\/healthcare-cosmetique\/?post_type=product&#038;p=5030"},"modified":"2022-08-17T11:58:11","modified_gmt":"2022-08-17T10:58:11","slug":"bain-de-bouche-blancheur-sparkly-white-himalaya-herbals","status":"publish","type":"product","link":"https:\/\/www.saphy.com\/healthcare-cosmetique\/produit\/bain-de-bouche-blancheur-sparkly-white-himalaya-herbals\/","title":{"rendered":"BAIN DE BOUCHE BLANCHEUR SPARKLY WHITE Himalaya Herbals"},"content":{"rendered":"<p>BAIN DE BOUCHE BLANCHEUR SPARKLY WHITE Himalaya Herbals<\/p>\n<p>Le bain de bouche SPARKLY WHITE Himalaya Herbals est une formulation unique bas\u00e9e sur la technologie DES ENZYMES V\u00c9G\u00c9TALES de la papaye et de l\u2019ananas. Il aide \u00e0 enlever doucement les taches de surface sur les dents en deux semaines, laissant vos dents visiblement plus blanches et \u00e9tincelantes.<\/p>\n<ul>\n<li>\u00c9limine jusqu\u2019\u00e0 99,9 % des bact\u00e9ries<\/li>\n<li>Dents visiblement plus blanches<\/li>\n<li>sans agent chimique de blanchiment<\/li>\n<li>Contient du fluorure de sodium (225 ppm F)<\/li>\n<li>Aide \u00e0 pr\u00e9venir l\u2019accumulation de plaque<\/li>\n<li>Jusqu\u2019\u00e0 12 heures de protection contre les bacteries<\/li>\n<li>Pas d\u2019alcool, pas de go\u00fbt br\u00fblant<\/li>\n<li>Saveur rafra\u00eechissante de menthe<\/li>\n<\/ul>\n","protected":false},"excerpt":{"rendered":"<p>BAIN DE BOUCHE BLANCHEUR SPARKLY WHITE Himalaya Herbals Le bain de bouche SPARKLY WHITE Himalaya Herbals est une formulation unique bas\u00e9e sur la technologie DES ENZYMES V\u00c9G\u00c9TALES de la papaye et de l\u2019ananas. Il aide \u00e0 enlever doucement les taches de surface sur les dents en deux semaines, laissant vos dents visiblement plus blanches et [&hellip;]<\/p>\n","protected":false},"featured_media":5031,"comment_status":"open","ping_status":"closed","template":"","meta":[],"_links":{"self":[{"href":"https:\/\/www.saphy.com\/healthcare-cosmetique\/wp-json\/wp\/v2\/product\/5030"}],"collection":[{"href":"https:\/\/www.saphy.com\/healthcare-cosmetique\/wp-json\/wp\/v2\/product"}],"about":[{"href":"https:\/\/www.saphy.com\/healthcare-cosmetique\/wp-json\/wp\/v2\/types\/product"}],"replies":[{"embeddable":true,"href":"https:\/\/www.saphy.com\/healthcare-cosmetique\/wp-json\/wp\/v2\/comments?post=5030"}],"wp:featuredmedia":[{"embeddable":true,"href":"https:\/\/www.saphy.com\/healthcare-cosmetique\/wp-json\/wp\/v2\/media\/5031"}],"wp:attachment":[{"href":"https:\/\/www.saphy.com\/healthcare-cosmetique\/wp-json\/wp\/v2\/media?parent=5030"}],"curies":[{"name":"wp","href":"https:\/\/api.w.org\/{rel}","templated":true}]}}