{"id":5045,"date":"2021-11-10T17:29:53","date_gmt":"2021-11-10T16:29:53","guid":{"rendered":"https:\/\/www.saphy.com\/healthcare-cosmetique\/?post_type=product&#038;p=5045"},"modified":"2024-09-30T11:05:57","modified_gmt":"2024-09-30T10:05:57","slug":"dentifrice-antiplaque-au-charbon-graine-de-nigelle-himalaya-botanique","status":"publish","type":"product","link":"https:\/\/www.saphy.com\/healthcare-cosmetique\/produit\/dentifrice-antiplaque-au-charbon-graine-de-nigelle-himalaya-botanique\/","title":{"rendered":"Dentifrice antiplaque au Charbon&#038; graine de nigelle Himalaya botanique"},"content":{"rendered":"<p>Dentifrice antiplaque au Charbon&amp; graine de nigelle Himalaya botanique<\/p>\n<p>Pour des dents plus blanches<\/p>\n<p>le Dentifrice antiplaque au Charbon&amp; graine de nigelle Himalaya botanique est garanti :<br \/>\nSans fluorure<br \/>\nSans SLS<br \/>\nPas de colorants ou d&rsquo;ar\u00f4mes artificiels<br \/>\nPropri\u00e9t\u00e9 familiale depuis 90 ans<br \/>\nSans BPA<br \/>\nSans carragh\u00e9nane<br \/>\nSans gluten<br \/>\nV\u00e9g\u00e9talien et sans cruaut\u00e9<\/p>\n<p>Chez Himalaya, nous croyons en la sant\u00e9 communautaire, l&rsquo;agriculture durable et la responsabilit\u00e9 environnementale, qui font partie de notre vision du bien-\u00eatre dans chaque foyer, du bonheur dans chaque c\u0153ur.<\/p>\n<p>Laissez la puissante action blanchissante du charbon de bois de la poudre de noix de coco et la capacit\u00e9 nourrissante de l&rsquo;huile de graine noire laisser votre bouche plus fra\u00eeche et votre sourire plus \u00e9clatant. Votre plus beau sourire commence avec Himalaya !<\/p>\n<p>Usage sugg\u00e9r\u00e9<br \/>\nBrossez-vous soigneusement apr\u00e8s chaque repas ou au moins deux fois par jour avec le Dentifrice antiplaque au Charbon&amp; graine de nigelle Himalaya botanique ou selon les directives d&rsquo;un dentiste pour aider \u00e0 combattre la plaque. Consultez votre dentiste pour les enfants de moins de 2 ans. Les enfants de moins de 6 ans doivent utiliser une quantit\u00e9 de la taille d&rsquo;un pois sous la surveillance d&rsquo;un adulte.<\/p>\n<p>Autres ingr\u00e9dients<br \/>\nGlyc\u00e9rine (provenant d&rsquo;huiles v\u00e9g\u00e9tales), xylitol, eau (aqua), silice hydrat\u00e9e, carbonate de calcium, lauryl glucoside (provenant d&rsquo;huile de noix de coco), extrait de feuille\/tige de stevia rebaudiana (stevia), poudre de charbon de bois (provenant de coque de noix de coco), gomme xanthane, ar\u00f4me (\u00e0 partir d&rsquo;huiles essentielles et de plantes), bicarbonate de sodium, menthol*, cocoyl glutamate de sodium et cocoyl glutamate disodique (\u00e0 partir d&rsquo;acides amin\u00e9s et d&rsquo;huiles v\u00e9g\u00e9tales), citrate de zinc, cocoyl glutamate de sodium, thymol, huile de graines de nigelle sativa (graine noire), melia azadirachta extrait de feuille de (neem)*, extrait de fruit de punica granatum (grenade)*, extrait de fruit d&#8217;embelia ribes (vidanga)*, extrait de fruit de terminalia chebula (chebulic myrobalan)*, extrait de fruit de terminalia bellerica (belleric myrobalan)*, phyllanthus emblica (amla) extrait de fruit*, extrait d&rsquo;\u00e9corce de tige d&rsquo;acacia arabica (gomme arabique indienne)*.<\/p>\n<p>*Biologique<\/p>\n","protected":false},"excerpt":{"rendered":"<p>Dentifrice antiplaque au Charbon&amp; graine de nigelle Himalaya botanique Pour des dents plus blanches le Dentifrice antiplaque au Charbon&amp; graine de nigelle Himalaya botanique est garanti : Sans fluorure Sans SLS Pas de colorants ou d&rsquo;ar\u00f4mes artificiels Propri\u00e9t\u00e9 familiale depuis 90 ans Sans BPA Sans carragh\u00e9nane Sans gluten V\u00e9g\u00e9talien et sans cruaut\u00e9 Chez Himalaya, nous [&hellip;]<\/p>\n","protected":false},"featured_media":5046,"comment_status":"open","ping_status":"closed","template":"","meta":[],"_links":{"self":[{"href":"https:\/\/www.saphy.com\/healthcare-cosmetique\/wp-json\/wp\/v2\/product\/5045"}],"collection":[{"href":"https:\/\/www.saphy.com\/healthcare-cosmetique\/wp-json\/wp\/v2\/product"}],"about":[{"href":"https:\/\/www.saphy.com\/healthcare-cosmetique\/wp-json\/wp\/v2\/types\/product"}],"replies":[{"embeddable":true,"href":"https:\/\/www.saphy.com\/healthcare-cosmetique\/wp-json\/wp\/v2\/comments?post=5045"}],"wp:featuredmedia":[{"embeddable":true,"href":"https:\/\/www.saphy.com\/healthcare-cosmetique\/wp-json\/wp\/v2\/media\/5046"}],"wp:attachment":[{"href":"https:\/\/www.saphy.com\/healthcare-cosmetique\/wp-json\/wp\/v2\/media?parent=5045"}],"curies":[{"name":"wp","href":"https:\/\/api.w.org\/{rel}","templated":true}]}}