{"id":5155,"date":"2022-10-24T16:05:39","date_gmt":"2022-10-24T15:05:39","guid":{"rendered":"https:\/\/www.saphy.com\/healthcare-cosmetique\/?post_type=product&#038;p=5155"},"modified":"2026-02-26T14:54:34","modified_gmt":"2026-02-26T13:54:34","slug":"creme-de-jour-purifiante-bio-urban-veda-50ml","status":"publish","type":"product","link":"https:\/\/www.saphy.com\/healthcare-cosmetique\/produit\/creme-de-jour-purifiante-bio-urban-veda-50ml\/","title":{"rendered":"URBAN VEDA CREME DE JOUR PURIFIANTE BIO  50ML"},"content":{"rendered":"<p>URBAN VEDA CREME DE JOUR PURIFIANTE BIO 50ML<\/p>\n<p>&nbsp;<\/p>\n<p>URBAN VEDA CREME DE JOUR PURIFIANTE BIO 50ML est naturellement formul\u00e9e selon les principes ayurv\u00e9diques, notre cr\u00e8me de jour purifiante merveilleusement l\u00e9g\u00e8re et hydratante contient des plantes vivifiantes et revitalisantes d&rsquo;huile de Neem pure press\u00e9e \u00e0 froid, d&rsquo;hamam\u00e9lis cicatrisant et de menthe verte, d&rsquo;orange et d&rsquo;eucalyptus rafra\u00eechissants. Gorg\u00e9e de phytonutriments, notre infusion bioactive agit en synergie avec l&rsquo;Arjuna booster de collag\u00e8ne pour r\u00e9duire l&rsquo;exc\u00e8s de s\u00e9bum, minimiser les pores et matifier l\u00e9g\u00e8rement le teint.<\/p>\n<p>Comment utiliser la cr\u00e8me de jour purifiante bio Urban veda ? Appliquer sur le visage, le cou et le d\u00e9collet\u00e9 par massage circulaire. Utiliser quotidiennement apr\u00e8s le nettoyage et l&rsquo;hydratation.<\/p>\n<p>Ingr\u00e9dients :Aqua (Water), Glycerin (vegetal), Isopropyl Myristate, Hamamelis Virginiana (Witch Hazel) Water, Cetearyl Alcohol, Caprylic\/Capric Triglyceride, Polyglyceryl-3 Dicitrate\/Stearate, Prunus Amygdalus Dulcis (sweet Almond) Oil, Glyceryl Stearate, Melaleuca Alternifolia (Tea Tree) Leaf Oil, Citrus Aurantium Dulcis (Orange) Peel Oil, Mentha Arvensis (Wild Mint) Leaf Oil, Melia Azadirachta (Neem) Seed Oil, Terminalia Arjuna (Arjuna) Bark Extract, Menthol, Sodium Phytate, Eucalyptus Globulus (Eucalyptus) Leaf Oil, Illicium Verum (Anise) Fruit Oil, Mentha Viridis (Spearmint) Leaf Oil, Melia Azadirachta (Neem) Leaf Extract, Arctostaphylos Uva Ursi (Bearberry) Leaf Extract, Morus Nigra (Mulberry) Root Extract, Phenoxyethanol, Sodium Polyacrylate, Hydroxyacetophenone, Alcohol, Ethylhexylglycerin, Xanthan Gum, Citric Acid, Potassium Sorbate, Sodium Benzoate, Ascorbic Acid, Limonene *, Linalool *. *Naturally occurring in essential oils.<\/p>\n<p>Glyc\u00e9rine &#8211; est un hydratant v\u00e9g\u00e9tal naturel pur qui a des propri\u00e9t\u00e9s humectantes qui aident \u00e0 pr\u00e9server l&rsquo;hom\u00e9ostasie de la peau en puisant l&rsquo;humidit\u00e9 de l&rsquo;environnement pour hydrater les couches superficielles de la peau. Les preuves sugg\u00e8rent \u00e9galement qu&rsquo;il permet \u00e0 d&rsquo;autres lipides de la peau de mieux fonctionner.<\/p>\n<p>Hamam\u00e9lis &#8211; Largement cultiv\u00e9 pour ses propri\u00e9t\u00e9s m\u00e9dicinales et connu pour ses fleurs fortement parfum\u00e9es, les propri\u00e9t\u00e9s astringentes de l&rsquo;hamam\u00e9lis, sa teneur en antioxydants et en bioflavono\u00efdes aident \u00e0 clarifier la peau. Traditionnellement, l&rsquo;hamam\u00e9lis est utilis\u00e9 pour baigner les varices et apaiser les \u00e9ruptions cutan\u00e9es irritantes.<\/p>\n<p>Amande douce &#8211; Riche en vitamines A et E, acides gras monoinsatur\u00e9s, prot\u00e9ines, potassium et zinc, l&rsquo;huile d&rsquo;amande douce est une huile naturelle au parfum l\u00e9g\u00e8rement noisette. Il aide \u00e0 nettoyer et \u00e0 hydrater la peau et est utilis\u00e9 pour r\u00e9duire l&rsquo;inflammation cutan\u00e9e et pour aider les affections cutan\u00e9es telles que l&rsquo;ecz\u00e9ma et le psoriasis. Une huile l\u00e9g\u00e8rement hydratante, non grasse et facilement absorb\u00e9e.<\/p>\n<p>Arbre \u00e0 th\u00e9 &#8211; Avec un parfum piquant, revitalisant et quelque peu piquant, l&rsquo;arbre \u00e0 th\u00e9 est un tonique cutan\u00e9 tr\u00e8s puissant et antiseptique qui aide \u00e0 refroidir, r\u00e9duire l&rsquo;inflammation, nettoyer et favoriser la cicatrisation de la peau. Il est souvent utilis\u00e9 pour traiter l&rsquo;acn\u00e9, les \u00e9ruptions cutan\u00e9es et les infections cutan\u00e9es.<\/p>\n<p>Orange &#8211; L&rsquo;essence d&rsquo;orange douce press\u00e9e \u00e0 froid a un parfum \u00e9difiant contenant des vitamines A, B et C qui nourrissent les peaux s\u00e8ches, irrit\u00e9es et sujettes \u00e0 l&rsquo;acn\u00e9, aidant \u00e0 gu\u00e9rir les imperfections et \u00e0 am\u00e9liorer le teint de la peau. Il soutient la formation de collag\u00e8ne dans la peau et agit comme un tonique g\u00e9n\u00e9ral, adapt\u00e9 \u00e0 tous les types de peau.<\/p>\n<p>Menthe sauvage &#8211; Rafra\u00eechissante, stimulante et rafra\u00eechissante, cette huile essentielle aromatique aide \u00e0 purifier et nettoyer la peau. Naturellement astringente, la menthe est riche en acide salicylique, un acide b\u00eata-hydroxy qui aide \u00e0 nettoyer en profondeur pour d\u00e9congestionner. En Ayurveda, la menthe apaise Kapha et Vata.<\/p>\n<p>Neem &#8211; est une plante antiseptique et antibact\u00e9rienne tr\u00e8s puissante, ce qui en fait un excellent ingr\u00e9dient naturel pour ceux qui ont un exc\u00e8s d&rsquo;huiles cutan\u00e9es et qui ont besoin de propri\u00e9t\u00e9s nettoyantes douces tout au long de leur r\u00e9gime de soins de la peau. Neem aide \u00e0 att\u00e9nuer les d\u00e9s\u00e9quilibres Kapha et Pitta.<\/p>\n<p>Arjuna &#8211; a \u00e9t\u00e9 cliniquement prouv\u00e9 pour r\u00e9duire la profondeur des rides, hydrater et renforcer la barri\u00e8re cutan\u00e9e. Il a \u00e9t\u00e9 v\u00e9rifi\u00e9 dans des environnements de laboratoire qui ont identifi\u00e9 ses constituants actifs comme contenant 90 % de triterp\u00e8nes, aidant \u00e0 soutenir la r\u00e9duction du stress cutan\u00e9.<\/p>\n<p>Eucalyptus &#8211; Une huile essentielle aromatique au parfum rafra\u00eechissant et revitalisant, ce tonique revigorant a un effet piquant et vivifiant. L&rsquo;eucalyptus est utilis\u00e9 en Ayurveda pour aider \u00e0 r\u00e9duire les d\u00e9s\u00e9quilibres Kapha et Vata, et en aromath\u00e9rapie pour soulager les douleurs musculaires.<\/p>\n<p>Menthe verte &#8211; a un ar\u00f4me doux, frais et menthol\u00e9 qui peut aider les affections cutan\u00e9es telles que l&rsquo;acn\u00e9 et la dermatite. Remplie de vitamines A, C, B6, d&rsquo;antioxydants et de phytonutriments b\u00e9n\u00e9fiques pour la sant\u00e9, la menthe verte aide \u00e0 soulager le stress et la fatigue et est plus douce que la menthe poivr\u00e9e.<\/p>\n<p>&nbsp;<\/p>\n","protected":false},"excerpt":{"rendered":"<p>URBAN VEDA CREME DE JOUR PURIFIANTE BIO 50ML &nbsp; URBAN VEDA CREME DE JOUR PURIFIANTE BIO 50ML est naturellement formul\u00e9e selon les principes ayurv\u00e9diques, notre cr\u00e8me de jour purifiante merveilleusement l\u00e9g\u00e8re et hydratante contient des plantes vivifiantes et revitalisantes d&rsquo;huile de Neem pure press\u00e9e \u00e0 froid, d&rsquo;hamam\u00e9lis cicatrisant et de menthe verte, d&rsquo;orange et d&rsquo;eucalyptus [&hellip;]<\/p>\n","protected":false},"featured_media":5151,"comment_status":"open","ping_status":"closed","template":"","meta":[],"_links":{"self":[{"href":"https:\/\/www.saphy.com\/healthcare-cosmetique\/wp-json\/wp\/v2\/product\/5155"}],"collection":[{"href":"https:\/\/www.saphy.com\/healthcare-cosmetique\/wp-json\/wp\/v2\/product"}],"about":[{"href":"https:\/\/www.saphy.com\/healthcare-cosmetique\/wp-json\/wp\/v2\/types\/product"}],"replies":[{"embeddable":true,"href":"https:\/\/www.saphy.com\/healthcare-cosmetique\/wp-json\/wp\/v2\/comments?post=5155"}],"wp:featuredmedia":[{"embeddable":true,"href":"https:\/\/www.saphy.com\/healthcare-cosmetique\/wp-json\/wp\/v2\/media\/5151"}],"wp:attachment":[{"href":"https:\/\/www.saphy.com\/healthcare-cosmetique\/wp-json\/wp\/v2\/media?parent=5155"}],"curies":[{"name":"wp","href":"https:\/\/api.w.org\/{rel}","templated":true}]}}