{"id":5173,"date":"2022-11-30T16:52:41","date_gmt":"2022-11-30T15:52:41","guid":{"rendered":"https:\/\/www.saphy.com\/healthcare-cosmetique\/?post_type=product&#038;p=5173"},"modified":"2026-02-26T14:56:25","modified_gmt":"2026-02-26T13:56:25","slug":"creme-de-jour-radiance-50ml-urban-veda","status":"publish","type":"product","link":"https:\/\/www.saphy.com\/healthcare-cosmetique\/produit\/creme-de-jour-radiance-50ml-urban-veda\/","title":{"rendered":"CREME DE JOUR RADIANCE 50ML URBAN VEDA"},"content":{"rendered":"<p>CREME DE JOUR RADIANCE 50ML URBAN VEDA<\/p>\n<p>&nbsp;<\/p>\n<p>Naturellement formul\u00e9 selon les principes ayurv\u00e9diques, notre m\u00e9lange bioactif d&rsquo;extraits botaniques \u00e9claircissants est enrichi d&rsquo;un complexe de peptides et d&rsquo;acides amin\u00e9s r\u00e9parateurs cellulaires pour redonner de l&rsquo;\u00e9clat aux peaux s\u00e8ches et d\u00e9shydrat\u00e9es, aider \u00e0 corriger les signes d&rsquo;hyperpigmentation, rehausser le teint et \u00e9quilibrer le teint.\u00a0Les superfruits Les baies de Goji et la papaye s&rsquo;associent \u00e0 l&rsquo;Arjuna stimulant le collag\u00e8ne pour nourrir la peau, la gardant douce, souple et repulp\u00e9e.\u00a0Fournit une hydratation toute la journ\u00e9e et un teint plus lumineux et plus sain avec des signes de pigmentation estomp\u00e9s.<\/p>\n<p>Appliquer sur le visage, le cou et le d\u00e9collet\u00e9 par massage circulaire.\u00a0Utiliser quotidiennement apr\u00e8s le nettoyage et l&rsquo;hydratation.<\/p>\n<p>Aqua (eau), glyc\u00e9rine (v\u00e9g\u00e9tal), myristate d&rsquo;isopropyle, dicitrate\/st\u00e9arate de polyglyc\u00e9ryle-3, triglyc\u00e9ride caprylique\/caprique, huile de Prunus Amygdalus Dulcis (amande douce), alcool c\u00e9t\u00e9arylique, st\u00e9arate de glyc\u00e9ryle, extrait de racine de curcuma longa (curcuma), glycyrrhizate de dipotassium (R\u00e9glisse), Citrus Aurantium Dulcis (Orange) Peel Oil, Terminalia Arjuna Bark Extract, Pogostemon Cablin (Patchouli) Leaf Oil, Coriandrum Sativum (Coriander) Fruit Oil, Juniperus Mexicana Wood Oil, Tetrapeptide-30, Tagetes Minuta (Marigold) Flower Oil , Huile de Boswellia Carterii (Encens), Huile de Lavandula Angustifolia (Lavande), Ph\u00e9noxy\u00e9thanol, Polyacrylate de Sodium, Hydroxyac\u00e9toph\u00e9none, Ethylhexylglyc\u00e9rine, Gomme Xanthane, Phytate de Sodium, Citronellol*, G\u00e9raniol*, Hexyl Cinnamal*, Butylph\u00e9nyl M\u00e9thylpropional*, Limon\u00e8ne*, Linalool*. *Naturellement pr\u00e9sent dans les huiles essentielles<\/p>\n","protected":false},"excerpt":{"rendered":"<p>CREME DE JOUR RADIANCE 50ML URBAN VEDA &nbsp; Naturellement formul\u00e9 selon les principes ayurv\u00e9diques, notre m\u00e9lange bioactif d&rsquo;extraits botaniques \u00e9claircissants est enrichi d&rsquo;un complexe de peptides et d&rsquo;acides amin\u00e9s r\u00e9parateurs cellulaires pour redonner de l&rsquo;\u00e9clat aux peaux s\u00e8ches et d\u00e9shydrat\u00e9es, aider \u00e0 corriger les signes d&rsquo;hyperpigmentation, rehausser le teint et \u00e9quilibrer le teint.\u00a0Les superfruits Les [&hellip;]<\/p>\n","protected":false},"featured_media":5174,"comment_status":"open","ping_status":"closed","template":"","meta":[],"_links":{"self":[{"href":"https:\/\/www.saphy.com\/healthcare-cosmetique\/wp-json\/wp\/v2\/product\/5173"}],"collection":[{"href":"https:\/\/www.saphy.com\/healthcare-cosmetique\/wp-json\/wp\/v2\/product"}],"about":[{"href":"https:\/\/www.saphy.com\/healthcare-cosmetique\/wp-json\/wp\/v2\/types\/product"}],"replies":[{"embeddable":true,"href":"https:\/\/www.saphy.com\/healthcare-cosmetique\/wp-json\/wp\/v2\/comments?post=5173"}],"wp:featuredmedia":[{"embeddable":true,"href":"https:\/\/www.saphy.com\/healthcare-cosmetique\/wp-json\/wp\/v2\/media\/5174"}],"wp:attachment":[{"href":"https:\/\/www.saphy.com\/healthcare-cosmetique\/wp-json\/wp\/v2\/media?parent=5173"}],"curies":[{"name":"wp","href":"https:\/\/api.w.org\/{rel}","templated":true}]}}