{"id":5189,"date":"2023-02-22T16:47:18","date_gmt":"2023-02-22T15:47:18","guid":{"rendered":"https:\/\/www.saphy.com\/healthcare-cosmetique\/?post_type=product&#038;p=5189"},"modified":"2026-02-26T15:17:32","modified_gmt":"2026-02-26T14:17:32","slug":"urban-veda-soothing-huile-visage-30-ml","status":"publish","type":"product","link":"https:\/\/www.saphy.com\/healthcare-cosmetique\/produit\/urban-veda-soothing-huile-visage-30-ml\/","title":{"rendered":"Urban veda Soothing huile visage 30 ml"},"content":{"rendered":"<p>Urban veda Soothing huile visage 30ml<\/p>\n<p>Emprisonnez l&rsquo;humidit\u00e9 et encouragez le calme avec des huiles 100 % naturelles et biologiques d&rsquo;\u00e9glantier, d&rsquo;avocat et d&rsquo;argousier riche en om\u00e9ga dans notre huile soyeuse pour le visage apaisante.\u00a0Associ\u00e9 au Shatavari ayurv\u00e9dique, au romarin aromatique, au bois de santal sacr\u00e9 et au palmarosa pour fortifier et nourrir les peaux s\u00e8ches et irritables.<\/p>\n<p>&nbsp;<\/p>\n<p>ingr\u00e9dients:Alcool Benzylique, Benzoate de Benzyle, Salicylate de Benzyle, Citral**, Citronellol**, Eug\u00e9nol**, Farn\u00e9sol**, G\u00e9raniol**, Isoeug\u00e9nol**, Limon\u00e8ne**, linalol**.\u00a0*ingr\u00e9dients certifi\u00e9s biologiques **Naturellement pr\u00e9sent dans les huiles essentielles.<\/p>\n<p><strong>Amande douce<\/strong>\u00a0&#8211; Riche en vitamines A et E, acides gras monoinsatur\u00e9s, prot\u00e9ines, potassium et zinc, l&rsquo;huile d&rsquo;amande douce est une huile naturelle au parfum l\u00e9g\u00e8rement noisette.\u00a0Il aide \u00e0 nettoyer et \u00e0 hydrater la peau et est utilis\u00e9 pour r\u00e9duire l&rsquo;inflammation cutan\u00e9e et pour aider les affections cutan\u00e9es telles que l&rsquo;ecz\u00e9ma et le psoriasis. Une huile l\u00e9g\u00e8rement hydratante, non grasse et facilement absorb\u00e9e.<strong>Ylang Ylang<\/strong> &#8211; Longtemps estim\u00e9 pour son parfum aphrodisiaque, l&rsquo;ylang ylang est consid\u00e9r\u00e9 comme ayant un effet \u00e9quilibrant et harmonisant sur le corps et un effet \u00e9difiant sur l&rsquo;humeur. Ylang Ylang est efficace pour maintenir l&rsquo;\u00e9quilibre de l&rsquo;humidit\u00e9 et de l&rsquo;huile dans la peau.<strong>G\u00e9ranium Rose<\/strong> &#8211; Avec un fort ar\u00f4me floral, le G\u00e9ranium Rose est connu pour ses effets cicatrisants et est traditionnellement utilis\u00e9 pour r\u00e9duire l&rsquo;apparence visible de la cellulite par le massage. Il est apaisant pour les peaux s\u00e8ches, mais poss\u00e8de \u00e9galement des propri\u00e9t\u00e9s d\u00e9toxifiantes qui aident \u00e0 \u00e9claircir les teints congestionn\u00e9s.<strong>Patchouli<\/strong> &#8211; Une huile traditionnellement utilis\u00e9e pour faciliter la m\u00e9ditation, et avec un parfum musqu\u00e9 et terreux distinctif, le patchouli est cens\u00e9 aider \u00e0 stimuler la croissance de cellules cutan\u00e9es saines et \u00e0 gu\u00e9rir les peaux s\u00e8ches, rugueuses ou enflamm\u00e9es. Cela aide \u00e0 son tour \u00e0 la cicatrisation des plaies et \u00e0 r\u00e9duire les cicatrices.<strong>Bourrache<\/strong> &#8211; \u00e9galement connue sous le nom de Starflower pour ses p\u00e9tales bleu vif en forme d&rsquo;\u00e9toile, la bourrache est une plante comestible avec des feuilles au go\u00fbt de concombre et des fleurs ressemblant \u00e0 du miel. Les graines sont riches en acides gras essentiels acide ol\u00e9ique et linol\u00e9ique, et elles sont traditionnellement utilis\u00e9es pour aider \u00e0 r\u00e9guler le m\u00e9tabolisme et les hormones.<strong>Citron<\/strong> &#8211; Avec un ar\u00f4me d&rsquo;agrumes exaltant, le citron est riche en vitamine C qui favorise la vitalit\u00e9 de la peau. Souvent utilis\u00e9 pour \u00e9liminer l&rsquo;acn\u00e9, le citron peut \u00e9galement \u00eatre utilis\u00e9 pour \u00e9liminer les cellules mortes de la peau afin de cr\u00e9er une surface lisse et peut aider \u00e0 soulager les boutons de fi\u00e8vre et les piq\u00fbres d&rsquo;insectes.<strong>Palmarosa<\/strong> &#8211; Avec un doux parfum floral, le palmarosa aide \u00e0 pr\u00e9server les niveaux d&rsquo;hydratation des tissus cutan\u00e9s et l&rsquo;\u00e9quilibre hydrique du corps. Dans les rem\u00e8des folkloriques, Palmarosa est utilis\u00e9 pour soulager la nervosit\u00e9, ayant un effet \u00e9difiant sur l&rsquo;esprit.<strong>Menthe poivr\u00e9e<\/strong> &#8211; Piquante et piquante, le parfum de la menthe poivr\u00e9e est doux et d\u00e9licat, et tout \u00e0 fait rafra\u00eechissant. Rafra\u00eechissante et stimulante, cette huile essentielle aromatique aide \u00e0 purifier et assainir la peau et \u00e0 r\u00e9duire l&rsquo;exc\u00e8s de s\u00e9bum. La menthe poivr\u00e9e aide \u00e9galement \u00e0 soulager les irritations de la peau et peut rafra\u00eechir les coups de soleil.<strong>Romarin<\/strong> &#8211; est traditionnellement utilis\u00e9 pour aider \u00e0 r\u00e9duire l&rsquo;enflure et les poches. Naturellement antid\u00e9presseur, \u00e9difiant et \u00e9quilibrant, l&rsquo;ar\u00f4me stimulant du romarin peut rafra\u00eechir et rajeunir, vous aidant \u00e0 vous sentir \u00e9nergis\u00e9 ainsi qu&rsquo;\u00e0 rafra\u00eechir la fatigue mentale.<strong>Sauge sclar\u00e9e<\/strong> &#8211; Originaire du sud de l&rsquo;Europe, la sauge sclar\u00e9e a un parfum doux et herbac\u00e9 et est souvent consid\u00e9r\u00e9e comme \u00e9difiante. Il peut aider \u00e0 soulager les teints congestionn\u00e9s et contient des esters v\u00e9g\u00e9taux pour aider \u00e0 apaiser les inflammations, gu\u00e9rir les irritations et \u00e9quilibrer la production de s\u00e9bum.<strong>Bois de santal<\/strong>\u00a0&#8211; Bois\u00e9 et doux, les propri\u00e9t\u00e9s apaisantes du bois de santal hydratent et soignent les peaux s\u00e8ches et sensibles.\u00a0Impr\u00e9gn\u00e9 d&rsquo;une note de fond bois\u00e9e, de notes de c\u0153ur s\u00e9duisantes et douces, avec un soup\u00e7on de douceur sur la note de t\u00eate, le bois de santal est une \u00e9pice \u00e9quilibr\u00e9e qui aide \u00e0 engendrer le calme.<\/p>\n<p>comment utiliser ? Appliquer quotidiennement sur une peau nettoy\u00e9e, verser 3 \u00e0 4 gouttes sur le bout des doigts, frotter l\u00e9g\u00e8rement pour r\u00e9chauffer, puis appliquer l&rsquo;huile sur les joues, le front, le menton et le cou et masser l\u00e9g\u00e8rement en effectuant des mouvements circulaires.\u00a0Peut \u00e9galement \u00eatre utilis\u00e9 sur les cheveux et les cuticules, ou m\u00e9lang\u00e9 \u00e0 un hydratant pour intensifier ses bienfaits.<\/p>\n","protected":false},"excerpt":{"rendered":"<p>Urban veda Soothing huile visage 30ml<\/p>\n<p>Emprisonnez l&rsquo;humidit\u00e9 et encouragez le calme avec des huiles 100 % naturelles et biologiques d&rsquo;\u00e9glantier, d&rsquo;avocat et d&rsquo;argousier riche en om\u00e9ga dans notre huile soyeuse pour le visage apaisante.\u00a0Associ\u00e9 au Shatavari ayurv\u00e9dique, au romarin aromatique, au bois de santal sacr\u00e9 et au palmarosa pour fortifier et nourrir les peaux s\u00e8ches et irritables.<\/p>\n<p>&nbsp;<\/p>\n","protected":false},"featured_media":5190,"comment_status":"open","ping_status":"closed","template":"","meta":[],"_links":{"self":[{"href":"https:\/\/www.saphy.com\/healthcare-cosmetique\/wp-json\/wp\/v2\/product\/5189"}],"collection":[{"href":"https:\/\/www.saphy.com\/healthcare-cosmetique\/wp-json\/wp\/v2\/product"}],"about":[{"href":"https:\/\/www.saphy.com\/healthcare-cosmetique\/wp-json\/wp\/v2\/types\/product"}],"replies":[{"embeddable":true,"href":"https:\/\/www.saphy.com\/healthcare-cosmetique\/wp-json\/wp\/v2\/comments?post=5189"}],"wp:featuredmedia":[{"embeddable":true,"href":"https:\/\/www.saphy.com\/healthcare-cosmetique\/wp-json\/wp\/v2\/media\/5190"}],"wp:attachment":[{"href":"https:\/\/www.saphy.com\/healthcare-cosmetique\/wp-json\/wp\/v2\/media?parent=5189"}],"curies":[{"name":"wp","href":"https:\/\/api.w.org\/{rel}","templated":true}]}}