{"id":5191,"date":"2023-02-22T17:12:43","date_gmt":"2023-02-22T16:12:43","guid":{"rendered":"https:\/\/www.saphy.com\/healthcare-cosmetique\/?post_type=product&#038;p=5191"},"modified":"2026-02-26T15:16:55","modified_gmt":"2026-02-26T14:16:55","slug":"urban-veda-soothing-gommage-corps-apaisant-200-ml","status":"publish","type":"product","link":"https:\/\/www.saphy.com\/healthcare-cosmetique\/produit\/urban-veda-soothing-gommage-corps-apaisant-200-ml\/","title":{"rendered":"urban veda soothing gommage corps apaisant 200 ml"},"content":{"rendered":"<p>Urban Veda Soothing gommage corps apaisant 200 ml<\/p>\n<p>\u00c9liminez les cellules mortes de la peau et redonnez de l&rsquo;\u00e9clat \u00e0 la noix broy\u00e9e et \u00e0 la pierre ponce volcanique, rehauss\u00e9es d&rsquo;orange, de citron et de vitamine E vitalisants. L&rsquo;arjuna hydratant, le g\u00e9ranium rose et le palmarosa aident \u00e0 hydrater et \u00e0 pr\u00e9server l&rsquo;\u00e9quilibre hydrique naturel de la peau, tandis que les exfoliants naturels et \u00e9cologiques massent et aident en stimulant la circulation.\u00a0Enrichi en huiles essentielles de sauge sclar\u00e9e, de bois de santal et de myrrhe pour lutter contre la fatigue, la d\u00e9shydratation et le stress, laissant la peau d\u00e9licatement nettoy\u00e9e et rafra\u00eechie.<\/p>\n<p>&nbsp;<\/p>\n<p>Ingr\u00e9dients: Benzoate de Sodium, Phytate de Sodium, Sorbate de Potassium, Eug\u00e9nol*, G\u00e9raniol*, Limon\u00e8ne*, Linalool*.\u00a0* Pr\u00e9sent naturellement dans les huiles essentielles ** Biologique<\/p>\n<div class=\"flex flex--wrap ingredient-item p-y-sm\">\n<div class=\"ingredient-item__content\">\n<p class=\"p1\"><strong>Glyc\u00e9rine<\/strong> &#8211; est un hydratant v\u00e9g\u00e9tal naturel pur qui a des propri\u00e9t\u00e9s humectantes qui aident \u00e0 pr\u00e9server l&rsquo;hom\u00e9ostasie de la peau en puisant l&rsquo;humidit\u00e9 de l&rsquo;environnement pour hydrater les couches superficielles de la peau. Les preuves sugg\u00e8rent \u00e9galement qu&rsquo;il permet \u00e0 d&rsquo;autres lipides de la peau de mieux fonctionner.<strong>Poudre de coquille de noix<\/strong> &#8211; est une substance naturelle et biod\u00e9gradable, qui est un exfoliant abrasif efficace mais doux. Broy\u00e9e en poudre, la poudre de coquille de noix est un ingr\u00e9dient tr\u00e8s durable et anguleux qui est \u00e0 la fois doux et efficace lorsqu&rsquo;il est utilis\u00e9 dans un gommage exfoliant.<strong>Aloe Vera<\/strong> &#8211; aide \u00e0 apaiser et \u00e0 refroidir la peau enflamm\u00e9e, et sa teneur \u00e9lev\u00e9e en polysaccharides et en st\u00e9rols v\u00e9g\u00e9taux aide \u00e0 r\u00e9parer la peau endommag\u00e9e. Avec des propri\u00e9t\u00e9s analg\u00e9siques (anti-douleur), le jus est souvent appliqu\u00e9 pur sur les coups de soleil. En Ayurveda, il est utilis\u00e9 pour att\u00e9nuer les d\u00e9s\u00e9quilibres Kapha et Pitta.<strong>G\u00e9ranium Rose<\/strong> &#8211; Avec un fort ar\u00f4me floral, le G\u00e9ranium Rose est connu pour ses effets cicatrisants et est traditionnellement utilis\u00e9 pour r\u00e9duire l&rsquo;apparence visible de la cellulite par le massage. Il est apaisant pour les peaux s\u00e8ches, mais poss\u00e8de \u00e9galement des propri\u00e9t\u00e9s d\u00e9toxifiantes qui aident \u00e0 \u00e9claircir les teints congestionn\u00e9s.<strong>Patchouli<\/strong> &#8211; Une huile traditionnellement utilis\u00e9e pour faciliter la m\u00e9ditation, et avec un parfum musqu\u00e9 et terreux distinctif, le patchouli est cens\u00e9 aider \u00e0 stimuler la croissance de cellules cutan\u00e9es saines et \u00e0 gu\u00e9rir les peaux s\u00e8ches, rugueuses ou enflamm\u00e9es. Cela aide \u00e0 son tour \u00e0 la cicatrisation des plaies et \u00e0 r\u00e9duire les cicatrices.<strong>Ylang Ylang<\/strong> &#8211; Longtemps estim\u00e9 pour son parfum aphrodisiaque, l&rsquo;ylang ylang est consid\u00e9r\u00e9 comme ayant un effet \u00e9quilibrant et harmonisant sur le corps et un effet \u00e9difiant sur l&rsquo;humeur. Ylang Ylang est efficace pour maintenir l&rsquo;\u00e9quilibre de l&rsquo;humidit\u00e9 et de l&rsquo;huile dans la peau.<strong>Orange<\/strong> &#8211; L&rsquo;essence d&rsquo;orange douce press\u00e9e \u00e0 froid a un parfum \u00e9difiant contenant des vitamines A, B et C qui nourrissent les peaux s\u00e8ches, irrit\u00e9es et sujettes \u00e0 l&rsquo;acn\u00e9, aidant \u00e0 gu\u00e9rir les imperfections et \u00e0 am\u00e9liorer le teint de la peau. Il soutient la formation de collag\u00e8ne dans la peau et agit comme un tonique g\u00e9n\u00e9ral, adapt\u00e9 \u00e0 tous les types de peau.<strong>Citron<\/strong> &#8211; Avec un ar\u00f4me d&rsquo;agrumes exaltant, le citron est riche en vitamine C qui favorise la vitalit\u00e9 de la peau. Souvent utilis\u00e9 pour \u00e9liminer l&rsquo;acn\u00e9, le citron peut \u00e9galement \u00eatre utilis\u00e9 pour \u00e9liminer les cellules mortes de la peau afin de cr\u00e9er une surface lisse et peut aider \u00e0 soulager les boutons de fi\u00e8vre et les piq\u00fbres d&rsquo;insectes.<strong>Palmarosa<\/strong> &#8211; Avec un doux parfum floral, le palmarosa aide \u00e0 pr\u00e9server les niveaux d&rsquo;hydratation des tissus cutan\u00e9s et l&rsquo;\u00e9quilibre hydrique du corps. Dans les rem\u00e8des folkloriques, Palmarosa est utilis\u00e9 pour soulager la nervosit\u00e9, ayant un effet \u00e9difiant sur l&rsquo;esprit.<strong>Huile de fleur de clou de girofle<\/strong> &#8211; Membre de la famille des myrtac\u00e9es, le clou de girofle a un ar\u00f4me chaud, fort et \u00e9pic\u00e9. Excellent tonique pour la peau, le clou de girofle poss\u00e8de des propri\u00e9t\u00e9s antiseptiques qui aident \u00e0 r\u00e9duire les probl\u00e8mes de peau tels que l&rsquo;acn\u00e9. Il est \u00e9galement traditionnellement utilis\u00e9 en aromath\u00e9rapie pour stimuler la circulation.<strong>Romarin<\/strong> &#8211; est traditionnellement utilis\u00e9 pour aider \u00e0 r\u00e9duire l&rsquo;enflure et les poches. Naturellement antid\u00e9presseur, \u00e9difiant et \u00e9quilibrant, l&rsquo;ar\u00f4me stimulant du romarin peut rafra\u00eechir et rajeunir, vous aidant \u00e0 vous sentir \u00e9nergis\u00e9 ainsi qu&rsquo;\u00e0 rafra\u00eechir la fatigue mentale.<strong>Sauge sclar\u00e9e<\/strong> &#8211; Originaire du sud de l&rsquo;Europe, la sauge sclar\u00e9e a un parfum doux et herbac\u00e9 et est souvent consid\u00e9r\u00e9e comme \u00e9difiante. Il peut aider \u00e0 soulager les teints congestionn\u00e9s et contient des esters v\u00e9g\u00e9taux pour aider \u00e0 apaiser les inflammations, gu\u00e9rir les irritations et \u00e9quilibrer la production de s\u00e9bum.<strong>Arjuna<\/strong> &#8211; a \u00e9t\u00e9 cliniquement prouv\u00e9 pour r\u00e9duire la profondeur des rides, hydrater et renforcer la barri\u00e8re cutan\u00e9e. Il a \u00e9t\u00e9 v\u00e9rifi\u00e9 dans des environnements de laboratoire qui ont identifi\u00e9 ses constituants actifs comme contenant 90 % de triterp\u00e8nes, aidant \u00e0 soutenir la r\u00e9duction du stress cutan\u00e9.<strong>Bois de santal<\/strong> &#8211; Bois\u00e9 et doux, les propri\u00e9t\u00e9s apaisantes du bois de santal hydratent et soignent les peaux s\u00e8ches et sensibles. Impr\u00e9gn\u00e9 d&rsquo;une note de fond bois\u00e9e, de notes de c\u0153ur s\u00e9duisantes et douces, avec un soup\u00e7on de douceur sur la note de t\u00eate, le bois de santal est une \u00e9pice \u00e9quilibr\u00e9e qui aide \u00e0 engendrer le calme.<strong>Myrrhe<\/strong>\u00a0&#8211; Utilis\u00e9e comme un rem\u00e8de pr\u00e9cieux depuis l&rsquo;antiquit\u00e9, les effets aromatiques chauds et bois\u00e9s de la myrrhe ouvriraient le chakra du c\u0153ur, remontant notre esprit.\u00a0La myrrhe est \u00e9galement bonne pour les peaux gerc\u00e9es et craquel\u00e9es et aide \u00e0 soulager les affections cutan\u00e9es telles que l&rsquo;ecz\u00e9ma.<\/p>\n<\/div>\n<\/div>\n","protected":false},"excerpt":{"rendered":"<p>Urban Veda Soothing gommage corps apaisant 200 ml<\/p>\n<p>\u00c9liminez les cellules mortes de la peau et redonnez de l&rsquo;\u00e9clat \u00e0 la noix broy\u00e9e et \u00e0 la pierre ponce volcanique, rehauss\u00e9es d&rsquo;orange, de citron et de vitamine E vitalisants. L&rsquo;arjuna hydratant, le g\u00e9ranium rose et le palmarosa aident \u00e0 hydrater et \u00e0 pr\u00e9server l&rsquo;\u00e9quilibre hydrique naturel de la peau, tandis que les exfoliants naturels et \u00e9cologiques massent et aident en stimulant la circulation.\u00a0Enrichi en huiles essentielles de sauge sclar\u00e9e, de bois de santal et de myrrhe pour lutter contre la fatigue, la d\u00e9shydratation et le stress, laissant la peau d\u00e9licatement nettoy\u00e9e et rafra\u00eechie.<\/p>\n","protected":false},"featured_media":5192,"comment_status":"open","ping_status":"closed","template":"","meta":[],"_links":{"self":[{"href":"https:\/\/www.saphy.com\/healthcare-cosmetique\/wp-json\/wp\/v2\/product\/5191"}],"collection":[{"href":"https:\/\/www.saphy.com\/healthcare-cosmetique\/wp-json\/wp\/v2\/product"}],"about":[{"href":"https:\/\/www.saphy.com\/healthcare-cosmetique\/wp-json\/wp\/v2\/types\/product"}],"replies":[{"embeddable":true,"href":"https:\/\/www.saphy.com\/healthcare-cosmetique\/wp-json\/wp\/v2\/comments?post=5191"}],"wp:featuredmedia":[{"embeddable":true,"href":"https:\/\/www.saphy.com\/healthcare-cosmetique\/wp-json\/wp\/v2\/media\/5192"}],"wp:attachment":[{"href":"https:\/\/www.saphy.com\/healthcare-cosmetique\/wp-json\/wp\/v2\/media?parent=5191"}],"curies":[{"name":"wp","href":"https:\/\/api.w.org\/{rel}","templated":true}]}}