{"id":5199,"date":"2023-03-02T16:21:55","date_gmt":"2023-03-02T15:21:55","guid":{"rendered":"https:\/\/www.saphy.com\/healthcare-cosmetique\/?post_type=product&#038;p=5199"},"modified":"2026-02-26T15:15:20","modified_gmt":"2026-02-26T14:15:20","slug":"gommage-visage-exfoliant-apaisant-125-ml","status":"publish","type":"product","link":"https:\/\/www.saphy.com\/healthcare-cosmetique\/produit\/gommage-visage-exfoliant-apaisant-125-ml\/","title":{"rendered":"Gommage Visage Exfoliant Apaisant 125 ml"},"content":{"rendered":"<h1 class=\"product_title entry-title\">Gommage Visage Exfoliant Apaisant<\/h1>\n<p><strong>Combattez la fatigue, la d\u00e9shydratation et les d\u00e9bris ternes avec notre vernis cr\u00e8me fortifiant.\u00a0La pierre ponce volcanique exfolie en douceur tandis que le bois de santal, la myrrhe et la sauge sclar\u00e9e aident \u00e0 apaiser et hydrater.\u00a0Enrichi en Ylang Ylang, Palmarosa et G\u00e9ranium Rose pour hydrater, harmoniser et redonner de l&rsquo;\u00e9clat.\u00a0Peut \u00eatre utilis\u00e9 pour exfolier ou comme masque facial. <\/strong><\/p>\n<p>&nbsp;<\/p>\n<p>Comment utiliser ?<\/p>\n<p>Utilisez deux fois trois fois par semaine.\u00a0Les vernis pour le visage Urban Veda peuvent \u00eatre appliqu\u00e9s sur la peau humide ou s\u00e8che au choix, masser l\u00e9g\u00e8rement sur le visage et le cou, et rincer imm\u00e9diatement ou laisser jusqu&rsquo;\u00e0 10 minutes comme masque facial ultra-conditionnant, avant de rincer et de retirer avec de l&rsquo;eau ou un chiffon humide. chiffon.\u00a0Suivez avec une hydratation.<\/p>\n<p>Ingr\u00e9dients :<\/p>\n<p>Aqua (eau), triglyc\u00e9ride caprylique\/caprique, palmitate d&rsquo;isopropyle, glyc\u00e9rine (v\u00e9g\u00e9tale), alcool c\u00e9t\u00e9arylique, st\u00e9arate de glyc\u00e9ryle, st\u00e9arate de glyc\u00e9ryle SE, pierre ponce, dicitrate\/st\u00e9arate de polyglyc\u00e9ryle-3, extrait d&rsquo;\u00e9corce de Terminalia Arjuna, huile de Santalum Spicata (bois de santal), lavande Hybrida Grosso (Lavande) Herb Oil, Pelargonium Graveolens (Rose Geranium) Flower Oil, Pogostemon Cablin (Patchouli) Leaf Oil, Cananga Odorata (Ylang Ylang) Flower Oil, Citrus Aurantium Dulcis (Orange) Peel Oil, Citrus Limon (Citron) Peel Oil , Huile de Cymbopogon Martini (Palmarosa), Huile de bourgeon d&rsquo;Eugenia Caryophyllus (Clou de girofle), Huile de feuille de Rosmarinus Officinalis (Romarin), Huile de Salvia Sclarea (Sauge sclar\u00e9e), Huile de Commiphora Myrrha (Myrrhe), Huile de Mentha Piperita (Menthe poivr\u00e9e), Acide salicylique, Xanthane gomme, st\u00e9aroyl glutamate de sodium, acide citrique, acide sorbique, phytate de sodium, hydroxyac\u00e9toph\u00e9none, parfum,Alcool Benzylique*, G\u00e9raniol*, Limon\u00e8ne*, Linalol*<\/p>\n<p>*Naturellement pr\u00e9sent dans les huiles essentielles<\/p>\n<p><i>*Les ingr\u00e9dients sont parfois sujets \u00e0 changement, car nous nous effor\u00e7ons d&rsquo;am\u00e9liorer nos formules.\u00a0Veuillez vous r\u00e9f\u00e9rer \u00e0 l&#8217;emballage pour la liste des ingr\u00e9dients la plus r\u00e9cente.<\/i><\/p>\n","protected":false},"excerpt":{"rendered":"<h1 class=\"product_title entry-title\">Gommage Visage Exfoliant Apaisant<\/h1>\n<p><strong>Combattez la fatigue, la d\u00e9shydratation et les d\u00e9bris ternes avec notre vernis cr\u00e8me fortifiant.\u00a0La pierre ponce volcanique exfolie en douceur tandis que le bois de santal, la myrrhe et la sauge sclar\u00e9e aident \u00e0 apaiser et hydrater.\u00a0Enrichi en Ylang Ylang, Palmarosa et G\u00e9ranium Rose pour hydrater, harmoniser et redonner de l&rsquo;\u00e9clat.\u00a0Peut \u00eatre utilis\u00e9 pour exfolier ou comme masque facial.<\/strong><\/p>\n","protected":false},"featured_media":5200,"comment_status":"open","ping_status":"closed","template":"","meta":[],"_links":{"self":[{"href":"https:\/\/www.saphy.com\/healthcare-cosmetique\/wp-json\/wp\/v2\/product\/5199"}],"collection":[{"href":"https:\/\/www.saphy.com\/healthcare-cosmetique\/wp-json\/wp\/v2\/product"}],"about":[{"href":"https:\/\/www.saphy.com\/healthcare-cosmetique\/wp-json\/wp\/v2\/types\/product"}],"replies":[{"embeddable":true,"href":"https:\/\/www.saphy.com\/healthcare-cosmetique\/wp-json\/wp\/v2\/comments?post=5199"}],"wp:featuredmedia":[{"embeddable":true,"href":"https:\/\/www.saphy.com\/healthcare-cosmetique\/wp-json\/wp\/v2\/media\/5200"}],"wp:attachment":[{"href":"https:\/\/www.saphy.com\/healthcare-cosmetique\/wp-json\/wp\/v2\/media?parent=5199"}],"curies":[{"name":"wp","href":"https:\/\/api.w.org\/{rel}","templated":true}]}}