{"id":5201,"date":"2023-03-02T16:28:54","date_gmt":"2023-03-02T15:28:54","guid":{"rendered":"https:\/\/www.saphy.com\/healthcare-cosmetique\/?post_type=product&#038;p=5201"},"modified":"2026-02-26T14:46:09","modified_gmt":"2026-02-26T13:46:09","slug":"creme-de-jour-apaisante-50-ml","status":"publish","type":"product","link":"https:\/\/www.saphy.com\/healthcare-cosmetique\/produit\/creme-de-jour-apaisante-50-ml\/","title":{"rendered":"Cr\u00e8me de jour apaisante 50 ml"},"content":{"rendered":"<p>Cr\u00e8me de jour apaisante 50 ml<\/p>\n<p>&nbsp;<\/p>\n<p><span>Pour les peaux subissant les effets des dommages \u00e9l\u00e9mentaires, combattez les effets de la fatigue, de la pollution environnementale et de la d\u00e9shydratation avec le Palmarosa, le Bois de Santal et le jus d&rsquo;Aloe Vera bio dans notre Cr\u00e8me de jour apaisante.\u00a0<\/span><span>Infus\u00e9 de plantes naturelles pour aider \u00e0 \u00e9quilibrer le s\u00e9bum, calmer les ridules et les capillaires roses, apaiser et profiter des peaux s\u00e8ches et stress\u00e9es.<\/span><\/p>\n<p>Comment utiliser ?<\/p>\n<p><span>Appliquer sur le visage, le cou et le d\u00e9collet\u00e9 par massage circulaire.\u00a0<\/span><span>Utiliser quotidiennement apr\u00e8s le nettoyage et l&rsquo;hydratation.<\/span><\/p>\n<p>Ingr\u00e9dients:<\/p>\n<p><span>Aqua (eau), glyc\u00e9rine (v\u00e9g\u00e9tale), myristate d&rsquo;isopropyle, alcool c\u00e9t\u00e9arylique, triglyc\u00e9ride caprylique\/caprique, dicitrate\/st\u00e9arate de polyglyc\u00e9ryle-3, huile de Prunus Amygdalus Dulcis (amande douce), st\u00e9arate de glyc\u00e9ryle, jus de feuille d&rsquo;aloe barbadensis**, \u00e9corce de Terminalia Arjuna Extrait, huile de Santalum Album (bois de santal), huile de Lavandula (lavande) Hybrida, huile de Pelargonium Graveolens (G\u00e9ranium Rose), huile de feuille de Pogostemon Cablin (Patchouli), huile de fleur de Cananga Odorata (Ylang Ylang), huile d&rsquo;\u00e9corce de Citrus Aurantium Dulcis (Orange), Citrus Limon (Citron) Peel Oil, Cymbopogon Martini (Palmarosa) Oil, Eugenia Caryophyllus (Clove) Leaf Oil, Rosmarinus Officinalis (Romarin) Leaf Oil, Salvia Sclarea (Clary Sage) Oil, Commiphora Myrrha (Myrrh) Oil, Mentha Piperita (Peppermint ) Huile, Polyacrylate de Sodium, Hydroxyac\u00e9toph\u00e9none, Parfum, Ethylhexylglyc\u00e9rine, Ph\u00e9noxy\u00e9thanol, Gomme Xanthane,Phytate de Sodium, Benzoate de Benzyle*, Salicylate de Benzyle*, Citral*, Eug\u00e9nol*, G\u00e9raniol*, Limon\u00e8ne*, Linalool*<\/span><\/p>\n<p><span>*Naturelles pr\u00e9sentes dans les huiles essentielles, **Biologiques<\/span><\/p>\n<p><i><span>*Les ingr\u00e9dients sont parfois sujets \u00e0 changement, car nous nous effor\u00e7ons d&rsquo;am\u00e9liorer nos formules.\u00a0Veuillez vous r\u00e9f\u00e9rer \u00e0 l&#8217;emballage pour la liste des ingr\u00e9dients la plus r\u00e9cente.<\/span><\/i><\/p>\n","protected":false},"excerpt":{"rendered":"<p>Cr\u00e8me de jour apaisante 50 ml<\/p>\n<p>&nbsp;<\/p>\n<p>Pour les peaux subissant les effets des dommages \u00e9l\u00e9mentaires, combattez les effets de la fatigue, de la pollution environnementale et de la d\u00e9shydratation avec le Palmarosa, le Bois de Santal et le jus d&rsquo;Aloe Vera bio dans notre Cr\u00e8me de jour apaisante.\u00a0Infus\u00e9 de plantes naturelles pour aider \u00e0 \u00e9quilibrer le s\u00e9bum, calmer les ridules et les capillaires roses, apaiser et profiter des peaux s\u00e8ches et stress\u00e9es.<\/p>\n","protected":false},"featured_media":5202,"comment_status":"open","ping_status":"closed","template":"","meta":[],"_links":{"self":[{"href":"https:\/\/www.saphy.com\/healthcare-cosmetique\/wp-json\/wp\/v2\/product\/5201"}],"collection":[{"href":"https:\/\/www.saphy.com\/healthcare-cosmetique\/wp-json\/wp\/v2\/product"}],"about":[{"href":"https:\/\/www.saphy.com\/healthcare-cosmetique\/wp-json\/wp\/v2\/types\/product"}],"replies":[{"embeddable":true,"href":"https:\/\/www.saphy.com\/healthcare-cosmetique\/wp-json\/wp\/v2\/comments?post=5201"}],"wp:featuredmedia":[{"embeddable":true,"href":"https:\/\/www.saphy.com\/healthcare-cosmetique\/wp-json\/wp\/v2\/media\/5202"}],"wp:attachment":[{"href":"https:\/\/www.saphy.com\/healthcare-cosmetique\/wp-json\/wp\/v2\/media?parent=5201"}],"curies":[{"name":"wp","href":"https:\/\/api.w.org\/{rel}","templated":true}]}}