{"id":5205,"date":"2023-03-02T17:05:34","date_gmt":"2023-03-02T16:05:34","guid":{"rendered":"https:\/\/www.saphy.com\/healthcare-cosmetique\/?post_type=product&#038;p=5205"},"modified":"2026-02-26T15:12:40","modified_gmt":"2026-02-26T14:12:40","slug":"huile-visage-revitalisante-30-ml","status":"publish","type":"product","link":"https:\/\/www.saphy.com\/healthcare-cosmetique\/produit\/huile-visage-revitalisante-30-ml\/","title":{"rendered":"Huile Visage Revitalisante 30 ml"},"content":{"rendered":"<p>Huile Visage Revitalisante 30 ml<\/p>\n<p>Des huiles biologiques ultra nourrissantes s\u00e9lectionn\u00e9es pour leur haute teneur en om\u00e9ga &#8211; argan, bourrache, onagre, rose musqu\u00e9e, shatavari et vitamine E &#8211; traitent la peau tendue et vieillissante en reconstituant les lipides vitaux perdus qui s&rsquo;\u00e9puisent avec l&rsquo;\u00e2ge pour rajeunir et nourrir la texture et l&rsquo;\u00e9clat.\u00a0Ce m\u00e9lange 100 % naturel aux om\u00e9gas 3, 6 et 9 apaisants aide \u00e0 garder la peau souple, radieuse et \u00e9clatante.\u00a0Impr\u00e9gn\u00e9 d&rsquo;huiles aromath\u00e9rapeutiques pures de rose de Damas, de g\u00e9ranium rose et de jasmin.<\/p>\n<p>&nbsp;<\/p>\n<p>comment utiliser ?<\/p>\n<p>Appliquer quotidiennement sur une peau nettoy\u00e9e, verser 3 \u00e0 4 gouttes sur le bout des doigts, frotter l\u00e9g\u00e8rement pour r\u00e9chauffer, puis appliquer l&rsquo;huile sur les joues, le front, le menton et le cou et masser l\u00e9g\u00e8rement en effectuant des mouvements circulaires.\u00a0Peut \u00e9galement \u00eatre utilis\u00e9 sur les cheveux, les cuticules ou m\u00e9lang\u00e9 \u00e0 un hydratant pour intensifier ses bienfaits.<\/p>\n<p>ingr\u00e9dients:<\/p>\n<p>Carthamus Tinctorius (huile de graines de carthame), squalane (olive), huile de fleur de p\u00e9largonium graveolens (g\u00e9ranium rosat), huile de noyau d&rsquo;argania spinosa (argan)**, huile de graines de borago officinalis (bourrache)**, huile de graines de cannabis sativa, caryodendron orinocense ( Cacay) Huile de graines, Oenothera Biennis (Onagre) Huile**, Prunus Avium (Cerise douce) Huile de graines, Punica Granatum (Grenade) Huile de graines**, Rosa Canina (\u00c9glantier) Huile de fruit**, Triticum Vulgare (Bl\u00e9) Germe Huile**, huile de graines d&rsquo;Helianthus Annuus (tournesol), tocoph\u00e9rol (vitamine E), huile de fruit d&rsquo;Olea Europaea (olive), extrait de racine d&rsquo;asperge Racemosus (Shatavari), huile d&rsquo;Hippophae Rhamnoides (argousier)**, bourgeon d&rsquo;Eugenia Caryophyllus (girofle) Huile, Huile de fleur de Rosa Damascena (Rose), Extrait de fleur de Jasminum Grandiflorum (Jasmin), Citral*, Citronellol*, Eug\u00e9nol*, G\u00e9raniol*, Limon\u00e8ne*, Linalool*<\/p>\n<p>*Naturelles pr\u00e9sentes dans les huiles essentielles, **Biologiques<\/p>\n<p><i>*Les ingr\u00e9dients sont parfois sujets \u00e0 changement, car nous nous effor\u00e7ons d&rsquo;am\u00e9liorer nos formules.\u00a0Veuillez vous r\u00e9f\u00e9rer \u00e0 l&#8217;emballage pour la liste des ingr\u00e9dients la plus r\u00e9cente.<\/i><\/p>\n","protected":false},"excerpt":{"rendered":"<p>Huile Visage Revitalisante 30 ml<\/p>\n<p>Des huiles biologiques ultra nourrissantes s\u00e9lectionn\u00e9es pour leur haute teneur en om\u00e9ga &#8211; argan, bourrache, onagre, rose musqu\u00e9e, shatavari et vitamine E &#8211; traitent la peau tendue et vieillissante en reconstituant les lipides vitaux perdus qui s&rsquo;\u00e9puisent avec l&rsquo;\u00e2ge pour rajeunir et nourrir la texture et l&rsquo;\u00e9clat.\u00a0Ce m\u00e9lange 100 % naturel aux om\u00e9gas 3, 6 et 9 apaisants aide \u00e0 garder la peau souple, radieuse et \u00e9clatante.\u00a0Impr\u00e9gn\u00e9 d&rsquo;huiles aromath\u00e9rapeutiques pures de rose de Damas, de g\u00e9ranium rose et de jasmin.<\/p>\n<p>&nbsp;<\/p>\n","protected":false},"featured_media":5209,"comment_status":"open","ping_status":"closed","template":"","meta":[],"_links":{"self":[{"href":"https:\/\/www.saphy.com\/healthcare-cosmetique\/wp-json\/wp\/v2\/product\/5205"}],"collection":[{"href":"https:\/\/www.saphy.com\/healthcare-cosmetique\/wp-json\/wp\/v2\/product"}],"about":[{"href":"https:\/\/www.saphy.com\/healthcare-cosmetique\/wp-json\/wp\/v2\/types\/product"}],"replies":[{"embeddable":true,"href":"https:\/\/www.saphy.com\/healthcare-cosmetique\/wp-json\/wp\/v2\/comments?post=5205"}],"wp:featuredmedia":[{"embeddable":true,"href":"https:\/\/www.saphy.com\/healthcare-cosmetique\/wp-json\/wp\/v2\/media\/5209"}],"wp:attachment":[{"href":"https:\/\/www.saphy.com\/healthcare-cosmetique\/wp-json\/wp\/v2\/media?parent=5205"}],"curies":[{"name":"wp","href":"https:\/\/api.w.org\/{rel}","templated":true}]}}