{"id":5409,"date":"2026-02-26T15:03:52","date_gmt":"2026-02-26T14:03:52","guid":{"rendered":"https:\/\/www.saphy.com\/healthcare-cosmetique\/?post_type=product&#038;p=5409"},"modified":"2026-02-26T15:04:14","modified_gmt":"2026-02-26T14:04:14","slug":"urban-veda-radiance-exfoliant-visage-125-ml","status":"publish","type":"product","link":"https:\/\/www.saphy.com\/healthcare-cosmetique\/produit\/urban-veda-radiance-exfoliant-visage-125-ml\/","title":{"rendered":"URBAN VEDA RADIANCE EXFOLIANT VISAGE 125 ML"},"content":{"rendered":"<p data-start=\"729\" data-end=\"779\">Offrez \u00e0 votre peau un soin inspir\u00e9 de l\u2019Ayurveda avec le soin URBAN VEDA RADIANCE EXFOLIANT VISAGE 125 ML<\/p>\n<p data-start=\"781\" data-end=\"1024\">Ce gommage visage cr\u00e9meux exfolie d\u00e9licatement gr\u00e2ce \u00e0 la pierre ponce naturelle, tout en hydratant la peau. Le curcuma et les baies de goji, riches en antioxydants, aident \u00e0 raviver l\u2019\u00e9clat du teint et \u00e0 soutenir le renouvellement cellulaire.<\/p>\n<p data-start=\"1026\" data-end=\"1158\">Les extraits botaniques nourrissent la peau, renforcent sa barri\u00e8re naturelle et aident \u00e0 maintenir son hydratation et sa souplesse.<\/p>\n<p data-start=\"1160\" data-end=\"1224\">R\u00e9sultat\u00a0 apr\u00e8s utilisation du soin URBAN VEDA RADIANCE EXFOLIANT VISAGE 125 ML\u00a0 \u00a0une peau douce, lumineuse et visiblement revitalis\u00e9e.<\/p>\n","protected":false},"excerpt":{"rendered":"<p>Offrez \u00e0 votre peau un soin inspir\u00e9 de l\u2019Ayurveda avec le soin URBAN VEDA RADIANCE EXFOLIANT VISAGE 125 ML Ce gommage visage cr\u00e9meux exfolie d\u00e9licatement gr\u00e2ce \u00e0 la pierre ponce naturelle, tout en hydratant la peau. Le curcuma et les baies de goji, riches en antioxydants, aident \u00e0 raviver l\u2019\u00e9clat du teint et \u00e0 soutenir [&hellip;]<\/p>\n","protected":false},"featured_media":5410,"comment_status":"open","ping_status":"closed","template":"","meta":[],"_links":{"self":[{"href":"https:\/\/www.saphy.com\/healthcare-cosmetique\/wp-json\/wp\/v2\/product\/5409"}],"collection":[{"href":"https:\/\/www.saphy.com\/healthcare-cosmetique\/wp-json\/wp\/v2\/product"}],"about":[{"href":"https:\/\/www.saphy.com\/healthcare-cosmetique\/wp-json\/wp\/v2\/types\/product"}],"replies":[{"embeddable":true,"href":"https:\/\/www.saphy.com\/healthcare-cosmetique\/wp-json\/wp\/v2\/comments?post=5409"}],"wp:featuredmedia":[{"embeddable":true,"href":"https:\/\/www.saphy.com\/healthcare-cosmetique\/wp-json\/wp\/v2\/media\/5410"}],"wp:attachment":[{"href":"https:\/\/www.saphy.com\/healthcare-cosmetique\/wp-json\/wp\/v2\/media?parent=5409"}],"curies":[{"name":"wp","href":"https:\/\/api.w.org\/{rel}","templated":true}]}}