{"id":5411,"date":"2026-02-26T15:11:06","date_gmt":"2026-02-26T14:11:06","guid":{"rendered":"https:\/\/www.saphy.com\/healthcare-cosmetique\/?post_type=product&#038;p=5411"},"modified":"2026-02-26T15:11:06","modified_gmt":"2026-02-26T14:11:06","slug":"urban-veda-radiance-gel-nettoyant-visage-150ml","status":"publish","type":"product","link":"https:\/\/www.saphy.com\/healthcare-cosmetique\/produit\/urban-veda-radiance-gel-nettoyant-visage-150ml\/","title":{"rendered":"URBAN VEDA RADIANCE GEL NETTOYANT VISAGE 150ML"},"content":{"rendered":"<p data-start=\"962\" data-end=\"1003\">Un nettoyage doux, inspir\u00e9 de l\u2019Ayurveda gr\u00e0ce \u00e0 notre soin URBAN VEDA RADIANCE GEL NETTOYANT VISAGE 150ML<\/p>\n<p data-start=\"1005\" data-end=\"1237\">URBAN VEDA RADIANCE GEL NETTOYANT VISAGE 150ML\u00a0 \u00e0 la texture gel d\u00e9licate, nettoie la peau en profondeur tout en respectant son \u00e9quilibre naturel. Il \u00e9limine les impuret\u00e9s et le maquillage sans ass\u00e9cher, laissant la peau fra\u00eeche et confortable.<\/p>\n<p data-start=\"1239\" data-end=\"1367\">Le curcuma et les extraits botaniques aident \u00e0 raviver l\u2019\u00e9clat du teint, tout en ciblant les imperfections et les irr\u00e9gularit\u00e9s.<\/p>\n<p data-start=\"1369\" data-end=\"1544\">Formul\u00e9e selon les principes de l\u2019Ayurveda et enrichie en actifs naturels,URBAN VEDA RADIANCE GEL NETTOYANT VISAGE 150ML\u00a0 \u00a0prot\u00e8ge la peau des agressions ext\u00e9rieures et soutient sa vitalit\u00e9 au quotidien.<\/p>\n<p data-start=\"1546\" data-end=\"1595\"> Pour une peau douce, lumineuse et \u00e9quilibr\u00e9e<\/p>\n","protected":false},"excerpt":{"rendered":"<p>Un nettoyage doux, inspir\u00e9 de l\u2019Ayurveda gr\u00e0ce \u00e0 notre soin URBAN VEDA RADIANCE GEL NETTOYANT VISAGE 150ML URBAN VEDA RADIANCE GEL NETTOYANT VISAGE 150ML\u00a0 \u00e0 la texture gel d\u00e9licate, nettoie la peau en profondeur tout en respectant son \u00e9quilibre naturel. Il \u00e9limine les impuret\u00e9s et le maquillage sans ass\u00e9cher, laissant la peau fra\u00eeche et confortable. [&hellip;]<\/p>\n","protected":false},"featured_media":5412,"comment_status":"open","ping_status":"closed","template":"","meta":[],"_links":{"self":[{"href":"https:\/\/www.saphy.com\/healthcare-cosmetique\/wp-json\/wp\/v2\/product\/5411"}],"collection":[{"href":"https:\/\/www.saphy.com\/healthcare-cosmetique\/wp-json\/wp\/v2\/product"}],"about":[{"href":"https:\/\/www.saphy.com\/healthcare-cosmetique\/wp-json\/wp\/v2\/types\/product"}],"replies":[{"embeddable":true,"href":"https:\/\/www.saphy.com\/healthcare-cosmetique\/wp-json\/wp\/v2\/comments?post=5411"}],"wp:featuredmedia":[{"embeddable":true,"href":"https:\/\/www.saphy.com\/healthcare-cosmetique\/wp-json\/wp\/v2\/media\/5412"}],"wp:attachment":[{"href":"https:\/\/www.saphy.com\/healthcare-cosmetique\/wp-json\/wp\/v2\/media?parent=5411"}],"curies":[{"name":"wp","href":"https:\/\/api.w.org\/{rel}","templated":true}]}}