{"id":58,"date":"2014-10-14T14:36:20","date_gmt":"2014-10-14T13:36:20","guid":{"rendered":"https:\/\/www.saphy.com\/healthcare-cosmetique\/?post_type=product&#038;p=58"},"modified":"2020-01-21T10:20:27","modified_gmt":"2020-01-21T09:20:27","slug":"lotion-nettoyante-purifiante-neemhimalaya-herbals","status":"publish","type":"product","link":"https:\/\/www.saphy.com\/healthcare-cosmetique\/produit\/lotion-nettoyante-purifiante-neemhimalaya-herbals\/","title":{"rendered":"Lotion nettoyante purifiante Neem Himalaya Herbals"},"content":{"rendered":"<p>Lotion nettoyante purifiante Neem Himalaya Herbals<\/p>\n<p>Depuis 1930, Himalaya puise et exploite pour vous les tr\u00e9sors de la m\u00e9decine ayurv\u00e9dique vieille de 5000 ans ! Des recherches approfondies sur les plantes du monde entier ont \u00e9t\u00e9 men\u00e9es par ses experts. Celles-ci ont abouti \u00e0 une s\u00e9lection d\u2019ingr\u00e9dients enti\u00e8rement naturels dont les bienfaits sont av\u00e9r\u00e9s sur la sant\u00e9 et la beaut\u00e9 Himalaya a su combiner cet immense savoir traditionnel avec les techniques modernes afin de cr\u00e9er les combinaisons parfaitement adapt\u00e9es aux besoins de l\u2019homme contemporain. Gr\u00e2ce \u00e0 l&rsquo;engagement de plus de 2000 collaborateurs, dont une \u00e9quipe de 100 chercheurs, Himalaya Herbals est une soci\u00e9t\u00e9 pl\u00e9biscit\u00e9e dans plus de 90 pays \u00e0 travers le monde et de plus de 100.000 m\u00e9decins y prescrivent nos produits.<\/p>\n<p>Une formule sp\u00e9cifique qui nettoie les pores en profondeur et contr\u00f4le l\u2019exc\u00e8s de s\u00e9bum. Le Neem reconnu pour ses propri\u00e9t\u00e9s purifiantes et antibact\u00e9riennes lutte contre l\u2019acn\u00e9 et les boutons. Le Citron et le Lodh resserrent les pores et raffermissement la peau. Votre peau est nette, saine et fraiche.<\/p>\n<p><strong>Principaux composants botaniques<\/strong><\/p>\n<p>Neem Purifiant et anti-bact\u00e9rien<br \/>\nCitron Ress\u00e8rre les pores<br \/>\nLodh Raffermit la peau<\/p>\n<p><strong>Conseil d\u2019utilisation:<\/strong><\/p>\n<p>Mettre quelques gouttes de\u00a0la \u00a0Lotion nettoyante purifiante Neem Himalaya Herbals sur un coton et nettoyez soigneusement le visage et le cou.<\/p>\n<p>Id\u00e9al pour les peaux normales \u00e0 grasses<\/p>\n<p>Purifying neem cleansing astringent Himalaya Herbals<\/p>\n<p>Since 1930, Himalaya draws and exploits for you the treasures of Ayurvedic medicine 5000 years old! Extensive research on plants around the world has been conducted by its experts. These have resulted in a selection of all natural ingredients whose benefits are proven to health and beauty Himalaya has combined this immense traditional knowledge with modern techniques to create combinations perfectly suited to the needs of contemporary man . Thanks to the commitment of more than 2,000 collaborators, including a team of 100 researchers, Himalaya Herbals is a company acclaimed in more than 90 countries around the world and more than 100,000 doctors prescribe our products.<\/p>\n<p>A specific formula that cleans pores deep and controls excess sebum. The Neem recognized for its purifying properties and antibacterial fight against acne and pimples. Lemon and Lodh tighten pores and firm skin. Your skin is clean, healthy and fresh.<\/p>\n<p>Main botanical components<\/p>\n<p>Neem Purifying and Anti-Bacterial<br \/>\nLemon Tightens pores<br \/>\nLodh Tightens skin<\/p>\n<p>Using advice:<br \/>\nPut a few drops of the Neem Himalaya Herbals Cleansing Lotion on a cotton pad and thoroughly clean the face and neck.<br \/>\nIdeal for normal to oily skin<\/p>\n<p>&nbsp;<\/p>\n<p>&nbsp;<\/p>\n","protected":false},"excerpt":{"rendered":"<p>Lotion nettoyante purifiante Neem Himalaya Herbals<\/p>\n<p>Depuis 1930, Himalaya puise et exploite pour vous les tr\u00e9sors de la m\u00e9decine ayurv\u00e9dique vieille de 5000 ans ! Des recherches approfondies sur les plantes du monde entier ont \u00e9t\u00e9 men\u00e9es par ses experts. Celles-ci ont abouti \u00e0 une s\u00e9lection d\u2019ingr\u00e9dients enti\u00e8rement naturels dont les bienfaits sont av\u00e9r\u00e9s sur la sant\u00e9 et la beaut\u00e9 Himalaya a su combiner cet immense savoir traditionnel avec les techniques modernes afin de cr\u00e9er les combinaisons parfaitement adapt\u00e9es aux besoins de l\u2019homme contemporain. Gr\u00e2ce \u00e0 l&rsquo;engagement de plus de 2000 collaborateurs, dont une \u00e9quipe de 100 chercheurs, Himalaya Herbals est une soci\u00e9t\u00e9 pl\u00e9biscit\u00e9e dans plus de 90 pays \u00e0 travers le monde et de plus de 100.000 m\u00e9decins y prescrivent nos produits.<\/p>\n<p>Une formule sp\u00e9cifique qui nettoie les pores en profondeur et contr\u00f4le l\u2019exc\u00e8s de s\u00e9bum. Le Neem reconnu pour ses propri\u00e9t\u00e9s purifiantes et antibact\u00e9riennes lutte contre l\u2019acn\u00e9 et les boutons. Le Citron et le Lodh resserrent les pores et raffermissement la peau. Votre peau est nette, saine et fraiche.<\/p>\n<p><strong>Principaux composants botaniques<\/strong><\/p>\n<p>Neem Purifiant et anti-bact\u00e9rien<br \/>\nCitron Ress\u00e8rre les pores<br \/>\nLodh Raffermit la peau<\/p>\n<p><strong>Conseil d\u2019utilisation:<\/strong><\/p>\n<p>Mettre quelques gouttes de\u00a0la \u00a0Lotion nettoyante purifiante Neem Himalaya Herbals sur un coton et nettoyez soigneusement le visage et le cou.<\/p>\n<p>Id\u00e9al pour les peaux normales \u00e0 grasses<\/p>\n<p>Purifying neem cleansing astringent Himalaya Herbals<\/p>\n<p>Since 1930, Himalaya draws and exploits for you the treasures of Ayurvedic medicine 5000 years old! Extensive research on plants around the world has been conducted by its experts. These have resulted in a selection of all natural ingredients whose benefits are proven to health and beauty Himalaya has combined this immense traditional knowledge with modern techniques to create combinations perfectly suited to the needs of contemporary man . Thanks to the commitment of more than 2,000 collaborators, including a team of 100 researchers, Himalaya Herbals is a company acclaimed in more than 90 countries around the world and more than 100,000 doctors prescribe our products.<\/p>\n<p>A specific formula that cleans pores deep and controls excess sebum. The Neem recognized for its purifying properties and antibacterial fight against acne and pimples. Lemon and Lodh tighten pores and firm skin. Your skin is clean, healthy and fresh.<\/p>\n<p>Main botanical components<\/p>\n<p>Neem Purifying and Anti-Bacterial<br \/>\nLemon Tightens pores<br \/>\nLodh Tightens skin<\/p>\n<p>Using advice:<br \/>\nPut a few drops of the Neem Himalaya Herbals Cleansing Lotion on a cotton pad and thoroughly clean the face and neck.<br \/>\nIdeal for normal to oily skin<\/p>\n<p>&nbsp;<\/p>\n<p>&nbsp;<\/p>\n","protected":false},"featured_media":2177,"comment_status":"open","ping_status":"closed","template":"","meta":[],"_links":{"self":[{"href":"https:\/\/www.saphy.com\/healthcare-cosmetique\/wp-json\/wp\/v2\/product\/58"}],"collection":[{"href":"https:\/\/www.saphy.com\/healthcare-cosmetique\/wp-json\/wp\/v2\/product"}],"about":[{"href":"https:\/\/www.saphy.com\/healthcare-cosmetique\/wp-json\/wp\/v2\/types\/product"}],"replies":[{"embeddable":true,"href":"https:\/\/www.saphy.com\/healthcare-cosmetique\/wp-json\/wp\/v2\/comments?post=58"}],"wp:featuredmedia":[{"embeddable":true,"href":"https:\/\/www.saphy.com\/healthcare-cosmetique\/wp-json\/wp\/v2\/media\/2177"}],"wp:attachment":[{"href":"https:\/\/www.saphy.com\/healthcare-cosmetique\/wp-json\/wp\/v2\/media?parent=58"}],"curies":[{"name":"wp","href":"https:\/\/api.w.org\/{rel}","templated":true}]}}