{"id":88,"date":"2014-10-14T15:37:15","date_gmt":"2014-10-14T14:37:15","guid":{"rendered":"https:\/\/www.saphy.com\/healthcare-cosmetique\/?post_type=product&#038;p=88"},"modified":"2022-06-16T09:34:05","modified_gmt":"2022-06-16T08:34:05","slug":"gel-nettoyant-rafraichissant-visagehimalaya-herbals","status":"publish","type":"product","link":"https:\/\/www.saphy.com\/healthcare-cosmetique\/produit\/gel-nettoyant-rafraichissant-visagehimalaya-herbals\/","title":{"rendered":"Gel nettoyant rafraichissant visage Himalaya Herbals"},"content":{"rendered":"<p>Gel nettoyant rafraichissant visage Himalaya Herbals<\/p>\n<p>Depuis 1930, Himalaya puise et exploite pour vous les tr\u00e9sors de la m\u00e9decine ayurv\u00e9dique vieille de 5000 ans ! Des recherches approfondies sur les plantes du monde entier ont \u00e9t\u00e9 men\u00e9es par ses experts. Celles-ci ont abouti \u00e0 une s\u00e9lection d\u2019ingr\u00e9dients enti\u00e8rement naturels dont les bienfaits sont av\u00e9r\u00e9s sur la sant\u00e9 et la beaut\u00e9 Himalaya a su combiner cet immense savoir traditionnel avec les techniques modernes afin de cr\u00e9er les combinaisons parfaitement adapt\u00e9es aux besoins de l\u2019homme contemporain. Gr\u00e2ce \u00e0 l&rsquo;engagement de plus de 2000 collaborateurs, dont une \u00e9quipe de 100 chercheurs, Himalaya Herbals est une soci\u00e9t\u00e9 pl\u00e9biscit\u00e9e dans plus de 90 pays \u00e0 travers le monde et de plus de 100.000 m\u00e9decins y prescrivent nos produits.<\/p>\n<p>Gel nettoyant visage sans savon sp\u00e9cialement formul\u00e9 pour un usage quotidien qui nettoie en douceur votre visage et \u00e9limine les exc\u00e8s de s\u00e9bum sans dess\u00e8chement cutan\u00e9. Enrichi en Citron, un astringent naturel qui tonifie et rafraichit votre peau et en miel qui nettoie et nourrit profond\u00e9ment.<br \/>\nVotre peau est saine,nette et fra\u00eeche.<\/p>\n<p><strong>Principaux ingr\u00e9dients botaniques\u00a0<\/strong><\/p>\n<p>Citron: Agent astringent naturel<\/p>\n<p>Miel : Nettoie et nourrit en profondeur<\/p>\n<p><strong>Conseil d\u2019utilisation<\/strong><\/p>\n<p>Appliquez du bout des doigts sur peau humide en \u00e9vitant le contour des yeux puis rincez soigneusement.<br \/>\nPeaux normales \u00e0 grasses<\/p>\n<p>150ML<\/p>\n<p>&nbsp;<\/p>\n<p id=\"tw-target-text\" class=\"tw-data-text tw-ta tw-text-small\" dir=\"ltr\" data-placeholder=\"Traduction\"><span lang=\"en\">Himalaya Herbals Facial Cleansing Ge<\/span><span lang=\"en\">l<\/span><\/p>\n<p class=\"tw-data-text tw-ta tw-text-small\" dir=\"ltr\" data-placeholder=\"Traduction\"><span lang=\"en\">Since 1930, Himalaya draws and exploits for you the treasures of Ayurvedic medicine 5000 years old! Extensive research on plants around the world has been conducted by its experts. These have resulted in a selection of all natural ingredients whose benefits are proven to health and beauty Himalaya has combined this immense traditional knowledge with modern techniques to create combinations perfectly suited to the needs of contemporary man . Thanks to the commitment of more than 2,000 collaborators, including a team of 100 researchers, Himalaya Herbals is a company acclaimed in more than 90 countries around the world and more than 100,000 doctors prescribe our products. <\/span><\/p>\n<p class=\"tw-data-text tw-ta tw-text-small\" dir=\"ltr\" data-placeholder=\"Traduction\"><span lang=\"en\">Soap-free facial cleansing gel specially formulated for daily use that gently cleans your face and eliminates excess sebum without dry skin. Enriched with Lemon, a natural astringent that tones and refreshes your skin and honey that cleans and nourishes deeply. Your skin is healthy, clean and fresh. <\/span><\/p>\n<p class=\"tw-data-text tw-ta tw-text-small\" dir=\"ltr\" data-placeholder=\"Traduction\"><span lang=\"en\">Main botanical ingredients Lemon: Natural astringent agent Honey: Cleans and nourishes deeply<\/span><\/p>\n<p class=\"tw-data-text tw-ta tw-text-small\" dir=\"ltr\" data-placeholder=\"Traduction\"><span lang=\"en\">Using advice <\/span><\/p>\n<p class=\"tw-data-text tw-ta tw-text-small\" dir=\"ltr\" data-placeholder=\"Traduction\"><span lang=\"en\">Apply fingertips to moist skin avoiding the eye area and rinse thoroughly. Normal to oily skin <\/span><\/p>\n<p class=\"tw-data-text tw-ta tw-text-small\" dir=\"ltr\" data-placeholder=\"Traduction\"><span lang=\"en\">150ML<\/span><\/p>\n","protected":false},"excerpt":{"rendered":"<p>Gel nettoyant rafraichissant visage Himalaya Herbals<\/p>\n<p>Depuis 1930, Himalaya puise et exploite pour vous les tr\u00e9sors de la m\u00e9decine ayurv\u00e9dique vieille de 5000 ans ! Des recherches approfondies sur les plantes du monde entier ont \u00e9t\u00e9 men\u00e9es par ses experts. Celles-ci ont abouti \u00e0 une s\u00e9lection d\u2019ingr\u00e9dients enti\u00e8rement naturels dont les bienfaits sont av\u00e9r\u00e9s sur la sant\u00e9 et la beaut\u00e9 Himalaya a su combiner cet immense savoir traditionnel avec les techniques modernes afin de cr\u00e9er les combinaisons parfaitement adapt\u00e9es aux besoins de l\u2019homme contemporain. Gr\u00e2ce \u00e0 l&rsquo;engagement de plus de 2000 collaborateurs, dont une \u00e9quipe de 100 chercheurs, Himalaya Herbals est une soci\u00e9t\u00e9 pl\u00e9biscit\u00e9e dans plus de 90 pays \u00e0 travers le monde et de plus de 100.000 m\u00e9decins y prescrivent nos produits.<\/p>\n<p>Gel nettoyant visage sans savon sp\u00e9cialement formul\u00e9 pour un usage quotidien qui nettoie en douceur votre visage et \u00e9limine les exc\u00e8s de s\u00e9bum sans dess\u00e8chement cutan\u00e9. Enrichi en Citron, un astringent naturel qui tonifie et rafraichit votre peau et en miel qui nettoie et nourrit profond\u00e9ment.<br \/>\nVotre peau est saine,nette et fra\u00eeche.<\/p>\n<p><strong>Principaux ingr\u00e9dients botaniques\u00a0<\/strong><\/p>\n<p>Citron: Agent astringent naturel<\/p>\n<p>Miel : Nettoie et nourrit en profondeur<\/p>\n<p><strong>Conseil d\u2019utilisation<\/strong><\/p>\n<p>Appliquez du bout des doigts sur peau humide en \u00e9vitant le contour des yeux puis rincez soigneusement.<br \/>\nPeaux normales \u00e0 grasses<\/p>\n<p>150ML<\/p>\n<p>&nbsp;<\/p>\n<p>Himalaya Herbals Facial Cleansing Gel<\/p>\n<p>Since 1930, Himalaya draws and exploits for you the treasures of Ayurvedic medicine 5000 years old! Extensive research on plants around the world has been conducted by its experts. These have resulted in a selection of all natural ingredients whose benefits are proven to health and beauty Himalaya has combined this immense traditional knowledge with modern techniques to create combinations perfectly suited to the needs of contemporary man . Thanks to the commitment of more than 2,000 collaborators, including a team of 100 researchers, Himalaya Herbals is a company acclaimed in more than 90 countries around the world and more than 100,000 doctors prescribe our products.<\/p>\n<p>Soap-free facial cleansing gel specially formulated for daily use that gently cleans your face and eliminates excess sebum without dry skin. Enriched with Lemon, a natural astringent that tones and refreshes your skin and honey that cleans and nourishes deeply. Your skin is healthy, clean and fresh.<\/p>\n<p>Main botanical ingredients Lemon: Natural astringent agent Honey: Cleans and nourishes deeply<\/p>\n<p>Using advice<\/p>\n<p>Apply fingertips to moist skin avoiding the eye area and rinse thoroughly. Normal to oily skin<\/p>\n<p>150ML<\/p>\n<p>&nbsp;<\/p>\n","protected":false},"featured_media":2176,"comment_status":"open","ping_status":"closed","template":"","meta":[],"_links":{"self":[{"href":"https:\/\/www.saphy.com\/healthcare-cosmetique\/wp-json\/wp\/v2\/product\/88"}],"collection":[{"href":"https:\/\/www.saphy.com\/healthcare-cosmetique\/wp-json\/wp\/v2\/product"}],"about":[{"href":"https:\/\/www.saphy.com\/healthcare-cosmetique\/wp-json\/wp\/v2\/types\/product"}],"replies":[{"embeddable":true,"href":"https:\/\/www.saphy.com\/healthcare-cosmetique\/wp-json\/wp\/v2\/comments?post=88"}],"wp:featuredmedia":[{"embeddable":true,"href":"https:\/\/www.saphy.com\/healthcare-cosmetique\/wp-json\/wp\/v2\/media\/2176"}],"wp:attachment":[{"href":"https:\/\/www.saphy.com\/healthcare-cosmetique\/wp-json\/wp\/v2\/media?parent=88"}],"curies":[{"name":"wp","href":"https:\/\/api.w.org\/{rel}","templated":true}]}}