{"id":92,"date":"2014-10-14T15:42:46","date_gmt":"2014-10-14T14:42:46","guid":{"rendered":"https:\/\/www.saphy.com\/healthcare-cosmetique\/?post_type=product&#038;p=92"},"modified":"2025-01-16T13:11:07","modified_gmt":"2025-01-16T12:11:07","slug":"gel-nettoyant-purifiant-visage-neemhimalaya-herbals","status":"publish","type":"product","link":"https:\/\/www.saphy.com\/healthcare-cosmetique\/produit\/gel-nettoyant-purifiant-visage-neemhimalaya-herbals\/","title":{"rendered":"Gel nettoyant purifiant visage Neem Himalaya Herbals"},"content":{"rendered":"<p>Gel nettoyant purifiant visage Neem Himalaya Herbals<\/p>\n<p>Formul\u00e9 pour un usage quotidien, ce gel sans savon nettoie votre peau, \u00e9limine les impuret\u00e9s et r\u00e9gule l&rsquo;exc\u00e8s de s\u00e9bum sans dess\u00e8chement cutan\u00e9. La combinaison du Neem (Margousier) herbe reconnue pour ses propri\u00e9t\u00e9s purifiantes et antibact\u00e9riennes et du curcuma antiseptique et anti inflammatoire naturel lutte efficacement contre les boutons et les points noirs, pr\u00e9vient leurs apparitions et \u00e9limine les bact\u00e9ries responsables de l\u2019acn\u00e9. Votre peau est nette, douce et fraiche.<\/p>\n<p><strong>Principaux composants botaniques<\/strong><\/p>\n<p>Neem : Purifie, agent antibact\u00e9rien ,antiseptique naturel<\/p>\n<p>Curcuma: Aide \u00e0 controler les \u00e9ruptions cutan\u00e9es, anti inflammatoire naturel ,adoucit et clarifie le teint<\/p>\n<p><strong>Conseils d\u2019utilisation<\/strong><\/p>\n<p>Appliquez du bout des doigts sur peau humide en \u00e9vitant le contour des yeux puis rincez soigneusement.<br \/>\nPour un r\u00e9sultat optimal utilisez aussi le gommage purifiant visage Neem et le masque purifiant visage Neem .<\/p>\n<p>Peaux grasses<\/p>\n<p>Himalaya Herbals Neem\u00a0Face wash 150 ml<br \/>\nFormulated for everyday use, this soap-free gel cleanses your skin, removes impurities and regulates excess sebum without drying the skin. The combination of Neem (Marshmallow) grass known for its purifying and antibacterial properties and natural anti-inflammatory and anti-inflammatory curcuma effectively combat pimples and blackheads, prevents their appearance and eliminates the bacteria responsible for acne. Your skin is clean, soft and fresh.<br \/>\nMain botanical components<br \/>\nNeem: Purifies, antibacterial agent, natural antiseptic<br \/>\nCurcuma: Helps control skin rash, natural anti inflammatory, softens and clarifies the complexion<br \/>\nUsage tips<br \/>\nApply with your fingertips on damp skin avoiding the eye contour and then rinse thoroughly.<br \/>\nFor optimal results, use the Neem Facial Purifying Scrub and the Neem Facial Cleansing Mask.<br \/>\nOily skin<\/p>\n<p>&nbsp;<\/p>\n","protected":false},"excerpt":{"rendered":"<p>Formul\u00e9 pour un usage quotidien, ce gel sans savon nettoie votre peau, \u00e9limine les impuret\u00e9s et r\u00e9gule l&rsquo;exc\u00e8s de s\u00e9bum sans dess\u00e8chement cutan\u00e9.<\/p>\n","protected":false},"featured_media":2175,"comment_status":"open","ping_status":"closed","template":"","meta":[],"_links":{"self":[{"href":"https:\/\/www.saphy.com\/healthcare-cosmetique\/wp-json\/wp\/v2\/product\/92"}],"collection":[{"href":"https:\/\/www.saphy.com\/healthcare-cosmetique\/wp-json\/wp\/v2\/product"}],"about":[{"href":"https:\/\/www.saphy.com\/healthcare-cosmetique\/wp-json\/wp\/v2\/types\/product"}],"replies":[{"embeddable":true,"href":"https:\/\/www.saphy.com\/healthcare-cosmetique\/wp-json\/wp\/v2\/comments?post=92"}],"wp:featuredmedia":[{"embeddable":true,"href":"https:\/\/www.saphy.com\/healthcare-cosmetique\/wp-json\/wp\/v2\/media\/2175"}],"wp:attachment":[{"href":"https:\/\/www.saphy.com\/healthcare-cosmetique\/wp-json\/wp\/v2\/media?parent=92"}],"curies":[{"name":"wp","href":"https:\/\/api.w.org\/{rel}","templated":true}]}}