{"id":995,"date":"2014-12-15T12:09:05","date_gmt":"2014-12-15T11:09:05","guid":{"rendered":"https:\/\/www.saphy.com\/healthcare-cosmetique\/?post_type=product&#038;p=995"},"modified":"2021-11-15T16:20:20","modified_gmt":"2021-11-15T15:20:20","slug":"lotion-tonique-apaisante-visagehimalaya-herbals","status":"publish","type":"product","link":"https:\/\/www.saphy.com\/healthcare-cosmetique\/produit\/lotion-tonique-apaisante-visagehimalaya-herbals\/","title":{"rendered":"Lotion tonique apaisante visage Himalaya Herbals"},"content":{"rendered":"<p>Lotion tonique apaisante visage Himalaya Herbals<\/p>\n<p>Sp\u00e9cialement formul\u00e9 pour les peaux s\u00e8ches et sensibles, ce tonique doux sans alcool \u00e9limine en douceur les impuret\u00e9s et apaise votre peau sans la dess\u00e9cher. Le R\u00e9glisse astringent naturel purifie et hydrate la peau, le basilique sacr\u00e9 adoucit et prot\u00e8ge, le concombre apaise et procure une fraicheur instantan\u00e9e. Votre peau est douce, fraiche et apais\u00e9e.<\/p>\n<p><strong>Principaux composants botaniques<\/strong><\/p>\n<p>Basilique Sacr\u00e9: Apaise et prot\u00e8ge<\/p>\n<p>R\u00e9glisse: Hydrate et prot\u00e8ge des taches pigmentaires<\/p>\n<p><strong>Conseils d\u2019utilisation<\/strong><\/p>\n<p>Mettre quelques gouttes de tonique sur un coton et appliquer soigneusement sur le visage et le cou.<\/p>\n<p>Peaux normales \u00e0 s\u00e8ches<\/p>\n<p>Ingr\u00e9dients:\u00a0Aqua, glycerin, polysorbate 20, cucumis sativus fruit extract, phenoxyethanol &amp; methylisothiazolinone, parfum, sodium citrate, potassium alum, glycyrrhiza glabra root extract, benzoic acid, ocimum tenuiflorum extract, hexyl cinnamal, butylphenyl methylpropional, benzyl salicylate, limonene, hydroxycitronellol, geraniol, linalool, citronellol.<\/p>\n<p>Himalaya Herbals gentle soothing lotion<br \/>\nSpecially formulated for dry and sensitive skin, this mild alcohol-free tonic gently removes impurities and soothes your skin without drying it out. Natural Astringent Licorice purifies and moisturizes the skin, the sacred basilica softens and protects, the cucumber soothes and provides instant freshness. Your skin is soft, fresh and soothed.<br \/>\n<strong>Main botanical components<\/strong><br \/>\nSacred Basilica: Soothes and protects<br \/>\nLiquorice: Moisturizes and protects against age spots<br \/>\nUsage tips<br \/>\nPut a few drops of toner on a cotton pad and apply carefully on the face and neck.<br \/>\nNormal to dry skin<\/p>\n<p>Ingr\u00e9dients:\u00a0Aqua, glycerin, polysorbate 20, cucumis sativus fruit extract, phenoxyethanol &amp; methylisothiazolinone, parfum, sodium citrate, potassium alum, glycyrrhiza glabra root extract, benzoic acid, ocimum tenuiflorum extract, hexyl cinnamal, butylphenyl methylpropional, benzyl salicylate, limonene, hydroxycitronellol, geraniol, linalool, citronellol.<\/p>\n","protected":false},"excerpt":{"rendered":"<p>Lotion tonique apaisante visage Himalaya Herbals<\/p>\n<p>Sp\u00e9cialement formul\u00e9 pour les peaux s\u00e8ches et sensibles, ce tonique doux sans alcool \u00e9limine en douceur les impuret\u00e9s et apaise votre peau sans la dess\u00e9cher. Le R\u00e9glisse astringent naturel purifie et hydrate la peau, le basilique sacr\u00e9 adoucit et prot\u00e8ge, le concombre apaise et procure une fraicheur instantan\u00e9e. Votre peau est douce, fraiche et apais\u00e9e.<\/p>\n<p><strong>Principaux composants botaniques<\/strong><\/p>\n<p>Basilique Sacr\u00e9: Apaise et prot\u00e8ge<\/p>\n<p>R\u00e9glisse: Hydrate et prot\u00e8ge des taches pigmentaires<\/p>\n<p><strong>Conseils d\u2019utilisation<\/strong><\/p>\n<p>Mettre quelques gouttes de tonique sur un coton et appliquer soigneusement sur le visage et le cou.<\/p>\n<p>Peaux normales \u00e0 s\u00e8ches<\/p>\n<p>Ingr\u00e9dients:\u00a0Aqua, glycerin, polysorbate 20, cucumis sativus fruit extract, phenoxyethanol &amp; methylisothiazolinone, parfum, sodium citrate, potassium alum, glycyrrhiza glabra root extract, benzoic acid, ocimum tenuiflorum extract, hexyl cinnamal, butylphenyl methylpropional, benzyl salicylate, limonene, hydroxycitronellol, geraniol, linalool, citronellol.<\/p>\n<p>Himalaya Herbals gentle soothing lotion<br \/>\nSpecially formulated for dry and sensitive skin, this mild alcohol-free tonic gently removes impurities and soothes your skin without drying it out. Natural Astringent Licorice purifies and moisturizes the skin, the sacred basilica softens and protects, the cucumber soothes and provides instant freshness. Your skin is soft, fresh and soothed.<br \/>\n<strong>Main botanical components<\/strong><br \/>\nSacred Basilica: Soothes and protects<br \/>\nLiquorice: Moisturizes and protects against age spots<br \/>\nUsage tips<br \/>\nPut a few drops of toner on a cotton pad and apply carefully on the face and neck.<br \/>\nNormal to dry skin<\/p>\n<p>Ingr\u00e9dients:\u00a0Aqua, glycerin, polysorbate 20, cucumis sativus fruit extract, phenoxyethanol &amp; methylisothiazolinone, parfum, sodium citrate, potassium alum, glycyrrhiza glabra root extract, benzoic acid, ocimum tenuiflorum extract, hexyl cinnamal, butylphenyl methylpropional, benzyl salicylate, limonene, hydroxycitronellol, geraniol, linalool, citronellol.<\/p>\n","protected":false},"featured_media":4004,"comment_status":"open","ping_status":"closed","template":"","meta":[],"_links":{"self":[{"href":"https:\/\/www.saphy.com\/healthcare-cosmetique\/wp-json\/wp\/v2\/product\/995"}],"collection":[{"href":"https:\/\/www.saphy.com\/healthcare-cosmetique\/wp-json\/wp\/v2\/product"}],"about":[{"href":"https:\/\/www.saphy.com\/healthcare-cosmetique\/wp-json\/wp\/v2\/types\/product"}],"replies":[{"embeddable":true,"href":"https:\/\/www.saphy.com\/healthcare-cosmetique\/wp-json\/wp\/v2\/comments?post=995"}],"wp:featuredmedia":[{"embeddable":true,"href":"https:\/\/www.saphy.com\/healthcare-cosmetique\/wp-json\/wp\/v2\/media\/4004"}],"wp:attachment":[{"href":"https:\/\/www.saphy.com\/healthcare-cosmetique\/wp-json\/wp\/v2\/media?parent=995"}],"curies":[{"name":"wp","href":"https:\/\/api.w.org\/{rel}","templated":true}]}}