{"id":997,"date":"2014-12-15T12:10:38","date_gmt":"2014-12-15T11:10:38","guid":{"rendered":"https:\/\/www.saphy.com\/healthcare-cosmetique\/?post_type=product&#038;p=997"},"modified":"2020-08-13T08:40:44","modified_gmt":"2020-08-13T07:40:44","slug":"lotion-tonique-clarifiante-et-rafraichissantehimalaya-herbals","status":"publish","type":"product","link":"https:\/\/www.saphy.com\/healthcare-cosmetique\/produit\/lotion-tonique-clarifiante-et-rafraichissantehimalaya-herbals\/","title":{"rendered":"Lotion tonique clarifiante et rafraichissante Himalaya Herbals"},"content":{"rendered":"<p>Lotion tonique clarifiante et rafraichissante Himalaya Herbals<\/p>\n<p>Un tonique doux et sans alcool qui nettoie les pores en profondeur, r\u00e9gule l&rsquo;exc\u00e8s de s\u00e9bum et rafraichit instantan\u00e9ment votre peau. La Lentille nettoie en profondeur les pores. Les \u00e9corces de citron, astringent naturel d\u00e9sincrustent , resserrent les pores et rafraichissent la peau. L&rsquo; extrait de racines de Boerhavia r\u00e9gule l&rsquo;exc\u00e8s de s\u00e9bum et donne un teint \u00e9clatant. Votre peau est nette , fraiche et radieuse.<\/p>\n<p><strong>Composants botaniques\u00a0<\/strong><\/p>\n<p>Citron : Nettoyant et astringent naturel, clarifie le teint<\/p>\n<p>Extrait de racines de Boerhavia: Limite les secr\u00e9tions de s\u00e9bum<\/p>\n<p>Conseil d&rsquo;utilisation: Mettre un peu de la lotion tonique clarifiante et rafraichissante Himalaya Herbals sur un coton et appliquez d\u00e9licatement sur l&rsquo;ensemble du visage.<\/p>\n<p>Ingr\u00e9dients:\u00a0Aqua, glycerin, polysorbate 20, phenoxyethanol &amp; methylisothiazolinone, parfum, sodium citrate, potassium alum, benzoic acid, boerhavia diffusa root extract, citrus medica limonum peel extract, lens esculenta fruit extract, daucus carota sativa seed extract, linalool, hydroxycitronellol, limonene, citronellol, benzyl salicylate, hydroxyisohexyl 3-cyclohexene carboxaldehyde alpha isomethyl ionone<\/p>\n<p>Himalaya Herbals Refreshing and clarifying toner<\/p>\n<p>A soft, alcohol-free toner that cleans pores deeply, regulates excess sebum and instantly refreshes your skin. The lens thoroughly cleans the pores. Lemon peels, natural astringent uncrust, tighten pores and refresh the skin. Boerhavia root extract regulates excess sebum and gives a radiant complexion. Your skin is sharp, fresh and radiant.<br \/>\n<strong>Botanical Components<\/strong><br \/>\nLemon: Natural cleanser and astringent, clarifies complexion<br \/>\nBoerhavia root extract: Limits sebum secretions<\/p>\n<p>Directions: Put some Himalaya Herbals clarifying and refreshing toning lotion on a cotton pad and apply gently to the entire face.<\/p>\n<p>Ingr\u00e9dients:\u00a0Aqua, glycerin, polysorbate 20, phenoxyethanol &amp; methylisothiazolinone, parfum, sodium citrate, potassium alum, benzoic acid, boerhavia diffusa root extract, citrus medica limonum peel extract, lens esculenta fruit extract, daucus carota sativa seed extract, linalool, hydroxycitronellol, limonene, citronellol, benzyl salicylate, hydroxyisohexyl 3-cyclohexene carboxaldehyde alpha isomethyl ionone<\/p>\n","protected":false},"excerpt":{"rendered":"<p>Lotion tonique clarifiante et rafraichissante Himalaya Herbals<\/p>\n<p>Un tonique doux et sans alcool qui nettoie les pores en profondeur, r\u00e9gule l&rsquo;exc\u00e8s de s\u00e9bum et rafraichit instantan\u00e9ment votre peau. La Lentille nettoie en profondeur les pores. Les \u00e9corces de citron, astringent naturel d\u00e9sincrustent , resserrent les pores et rafraichissent la peau. L&rsquo; extrait de racines de Boerhavia r\u00e9gule l&rsquo;exc\u00e8s de s\u00e9bum et donne un teint \u00e9clatant. Votre peau est nette , fraiche et radieuse.<\/p>\n<p><strong>Composants botaniques\u00a0<\/strong><\/p>\n<p>Citron : Nettoyant et astringent naturel, clarifie le teint<\/p>\n<p>Extrait de racines de Boerhavia: Limite les secr\u00e9tions de s\u00e9bum<\/p>\n<p>Conseil d&rsquo;utilisation: Mettre un peu de la lotion tonique clarifiante et rafraichissante Himalaya Herbals sur un coton et appliquez d\u00e9licatement sur l&rsquo;ensemble du visage.<\/p>\n<p>Ingr\u00e9dients:\u00a0Aqua, glycerin, polysorbate 20, phenoxyethanol &amp; methylisothiazolinone, parfum, sodium citrate, potassium alum, benzoic acid, boerhavia diffusa root extract, citrus medica limonum peel extract, lens esculenta fruit extract, daucus carota sativa seed extract, linalool, hydroxycitronellol, limonene, citronellol, benzyl salicylate, hydroxyisohexyl 3-cyclohexene carboxaldehyde alpha isomethyl ionone<\/p>\n<p>Himalaya Herbals Refreshing and clarifying toner<\/p>\n<p>A soft, alcohol-free toner that cleans pores deeply, regulates excess sebum and instantly refreshes your skin. The lens thoroughly cleans the pores. Lemon peels, natural astringent uncrust, tighten pores and refresh the skin. Boerhavia root extract regulates excess sebum and gives a radiant complexion. Your skin is sharp, fresh and radiant.<br \/>\n<strong>Botanical Components<\/strong><br \/>\nLemon: Natural cleanser and astringent, clarifies complexion<br \/>\nBoerhavia root extract: Limits sebum secretions<\/p>\n<p>Directions: Put some Himalaya Herbals clarifying and refreshing toning lotion on a cotton pad and apply gently to the entire face.<\/p>\n<p>Ingr\u00e9dients:\u00a0Aqua, glycerin, polysorbate 20, phenoxyethanol &amp; methylisothiazolinone, parfum, sodium citrate, potassium alum, benzoic acid, boerhavia diffusa root extract, citrus medica limonum peel extract, lens esculenta fruit extract, daucus carota sativa seed extract, linalool, hydroxycitronellol, limonene, citronellol, benzyl salicylate, hydroxyisohexyl 3-cyclohexene carboxaldehyde alpha isomethyl ionone<\/p>\n","protected":false},"featured_media":4003,"comment_status":"open","ping_status":"closed","template":"","meta":[],"_links":{"self":[{"href":"https:\/\/www.saphy.com\/healthcare-cosmetique\/wp-json\/wp\/v2\/product\/997"}],"collection":[{"href":"https:\/\/www.saphy.com\/healthcare-cosmetique\/wp-json\/wp\/v2\/product"}],"about":[{"href":"https:\/\/www.saphy.com\/healthcare-cosmetique\/wp-json\/wp\/v2\/types\/product"}],"replies":[{"embeddable":true,"href":"https:\/\/www.saphy.com\/healthcare-cosmetique\/wp-json\/wp\/v2\/comments?post=997"}],"wp:featuredmedia":[{"embeddable":true,"href":"https:\/\/www.saphy.com\/healthcare-cosmetique\/wp-json\/wp\/v2\/media\/4003"}],"wp:attachment":[{"href":"https:\/\/www.saphy.com\/healthcare-cosmetique\/wp-json\/wp\/v2\/media?parent=997"}],"curies":[{"name":"wp","href":"https:\/\/api.w.org\/{rel}","templated":true}]}}