{"id":999,"date":"2014-12-15T16:50:59","date_gmt":"2014-12-15T15:50:59","guid":{"rendered":"https:\/\/www.saphy.com\/healthcare-cosmetique\/?post_type=product&#038;p=999"},"modified":"2022-03-03T13:19:30","modified_gmt":"2022-03-03T12:19:30","slug":"exfoliant-visage-abricothimalaya-herbals","status":"publish","type":"product","link":"https:\/\/www.saphy.com\/healthcare-cosmetique\/produit\/exfoliant-visage-abricothimalaya-herbals\/","title":{"rendered":"Exfoliant visage abricot Himalaya Herbals"},"content":{"rendered":"<p>Exfoliant visage abricot Himalaya Herbals<\/p>\n<p>Exfolier r\u00e9guli\u00e8rement est la cl\u00e9 pour nettoyer en profondeur les pores de la peau et \u00e9liminer les cellules mortes et les impuret\u00e9s. Ce gommage enrichi en granules d\u2019 abricots exfolie en douceur les points noirs et les cellules mortes tout en boostant le renouvellement cellulaire. L\u2019huile de germe de bl\u00e9, riche en vitamine E naturelle nourrit intens\u00e9ment votre peau. Vous retrouvez une peau nette, douce, souple et \u00e9clatante<\/p>\n<p><strong>Principaux composants botaniques<\/strong><\/p>\n<p>Abricot Elimine les cellules mortes Stimule le renouvellement cellulaire<br \/>\nGermes de bl\u00e9 Nourrit ,hydrate et laisse la peau douce et souple<\/p>\n<p>Ingr\u00e9dients:\u00a0Aqua, stearic acid, caprylic\/capric triglyceride, cetyl alcohol, juglans regia shell powder, prunus armeniaca seed powder, sorbitan stearate &amp; sucrose, cocoate, triticum vulgare wheat germ oil, pyrus malus fruit extract, phenoxyethanol, carbomer, parfum, sodium hydroxide, benzyl alcohol, methylchloroisothiazolinone &amp; methylisothiazolinone, aroma, tocopheryl acetate, disodium EDTA, hexyl cinnamal, linalool, amyl cinnamal, limonene, geraniol.<\/p>\n<p>Apricot face scrub Himalaya Herbals<br \/>\nRegularly exfoliating is the key to deeply cleaning the pores of the skin and removing dead cells and impurities. This scrub enriched with apricot granules gently exfoliates blackheads and dead cells while boosting cell renewal. Wheat germ oil, rich in natural vitamin E, intensely nourishes your skin. You will find a clear, soft, supple and radiant skin<br \/>\n<strong>Main botanical components<\/strong><br \/>\nApricot Eliminates dead cells Stimulates cell renewal<br \/>\nWheat Sprouts Nourishes, moisturizes and leaves skin soft and supple<\/p>\n<p>Ingr\u00e9dients:\u00a0Aqua, stearic acid, caprylic\/capric triglyceride, cetyl alcohol, juglans regia shell powder, prunus armeniaca seed powder, sorbitan stearate &amp; sucrose, cocoate, triticum vulgare wheat germ oil, pyrus malus fruit extract, phenoxyethanol, carbomer, parfum, sodium hydroxide, benzyl alcohol, methylchloroisothiazolinone &amp; methylisothiazolinone, aroma, tocopheryl acetate, disodium EDTA, hexyl cinnamal, linalool, amyl cinnamal, limonene, geraniol<\/p>\n<p>&nbsp;<\/p>\n","protected":false},"excerpt":{"rendered":"<p>Exfoliant visage abricot Himalaya Herbals<\/p>\n<p>Exfolier r\u00e9guli\u00e8rement est la cl\u00e9 pour nettoyer en profondeur les pores de la peau et \u00e9liminer les cellules mortes et les impuret\u00e9s. Ce gommage enrichi en granules d\u2019 abricots exfolie en douceur les points noirs et les cellules mortes tout en boostant le renouvellement cellulaire. L\u2019huile de germe de bl\u00e9, riche en vitamine E naturelle nourrit intens\u00e9ment votre peau. Vous retrouvez une peau nette, douce, souple et \u00e9clatante<\/p>\n<p><strong>Principaux composants botaniques<\/strong><\/p>\n<p>Abricot Elimine les cellules mortes Stimule le renouvellement cellulaire<br \/>\nGermes de bl\u00e9 Nourrit ,hydrate et laisse la peau douce et souple<\/p>\n<p>Ingr\u00e9dients:\u00a0Aqua, stearic acid, caprylic\/capric triglyceride, cetyl alcohol, juglans regia shell powder, prunus armeniaca seed powder, sorbitan stearate &amp; sucrose, cocoate, triticum vulgare wheat germ oil, pyrus malus fruit extract, phenoxyethanol, carbomer, parfum, sodium hydroxide, benzyl alcohol, methylchloroisothiazolinone &amp; methylisothiazolinone, aroma, tocopheryl acetate, disodium EDTA, hexyl cinnamal, linalool, amyl cinnamal, limonene, geraniol.<\/p>\n<p>Apricot face scrub Himalaya Herbals<br \/>\nRegularly exfoliating is the key to deeply cleaning the pores of the skin and removing dead cells and impurities. This scrub enriched with apricot granules gently exfoliates blackheads and dead cells while boosting cell renewal. Wheat germ oil, rich in natural vitamin E, intensely nourishes your skin. You will find a clear, soft, supple and radiant skin<br \/>\n<strong>Main botanical components<\/strong><br \/>\nApricot Eliminates dead cells Stimulates cell renewal<br \/>\nWheat Sprouts Nourishes, moisturizes and leaves skin soft and supple<\/p>\n<p>Ingr\u00e9dients:\u00a0Aqua, stearic acid, caprylic\/capric triglyceride, cetyl alcohol, juglans regia shell powder, prunus armeniaca seed powder, sorbitan stearate &amp; sucrose, cocoate, triticum vulgare wheat germ oil, pyrus malus fruit extract, phenoxyethanol, carbomer, parfum, sodium hydroxide, benzyl alcohol, methylchloroisothiazolinone &amp; methylisothiazolinone, aroma, tocopheryl acetate, disodium EDTA, hexyl cinnamal, linalool, amyl cinnamal, limonene, geraniol<\/p>\n<p>&nbsp;<\/p>\n","protected":false},"featured_media":4005,"comment_status":"open","ping_status":"closed","template":"","meta":[],"_links":{"self":[{"href":"https:\/\/www.saphy.com\/healthcare-cosmetique\/wp-json\/wp\/v2\/product\/999"}],"collection":[{"href":"https:\/\/www.saphy.com\/healthcare-cosmetique\/wp-json\/wp\/v2\/product"}],"about":[{"href":"https:\/\/www.saphy.com\/healthcare-cosmetique\/wp-json\/wp\/v2\/types\/product"}],"replies":[{"embeddable":true,"href":"https:\/\/www.saphy.com\/healthcare-cosmetique\/wp-json\/wp\/v2\/comments?post=999"}],"wp:featuredmedia":[{"embeddable":true,"href":"https:\/\/www.saphy.com\/healthcare-cosmetique\/wp-json\/wp\/v2\/media\/4005"}],"wp:attachment":[{"href":"https:\/\/www.saphy.com\/healthcare-cosmetique\/wp-json\/wp\/v2\/media?parent=999"}],"curies":[{"name":"wp","href":"https:\/\/api.w.org\/{rel}","templated":true}]}}